
{"id":506,"date":"2019-11-04T19:34:04","date_gmt":"2019-11-04T18:34:04","guid":{"rendered":"http:\/\/bodega-santamaria.com\/donde-comprar\/"},"modified":"2019-11-07T17:02:26","modified_gmt":"2019-11-07T16:02:26","slug":"donde-comprar","status":"publish","type":"page","link":"https:\/\/bodega-santamaria.com\/zh-hant\/donde-comprar\/","title":{"rendered":"\u54ea\u91cc\u8d2d\u4e70"},"content":{"rendered":"[vc_row][vc_column][vc_separator color=&#8221;white&#8221; css=&#8221;.vc_custom_1572884611928{padding-top: 10px !important;padding-bottom: 10px !important;}&#8221;][vc_column_text]\n<h1 style=\"font-size: 40px; text-align: center;\">\u54ea\u91cc\u8d2d\u4e70<\/h1>\n<p style=\"text-align: center;\">\u6211\u4eec\u7684\u8461\u8404\u9152\u5728\u5168\u4e16\u754c\u591a\u4e2a\u4e13\u8425\u5e97\u548c\u51e0\u5bb6\u7f51\u4e0a\u5546\u5e97\u9500\u552e\u3002<br \/>\n\u5982\u679c\u60a8\u60f3\u4e86\u89e3\u79bb\u60a8\u6700\u8fd1\u7684\u5206\u9500\u5546\uff0c\u8bf7\u548c\u6211\u4eec\u8054\u7cfb\uff0c\u6211\u4eec\u4f1a\u544a\u4e4b\u60a8\u6240\u5728\u533a\u57df\u7684\u9500\u552e\u7f51\u70b9\u4fe1\u606f\u3002<\/p>\n<p style=\"text-align: center;\">&#8211;\u00a0<span id=\"cloak0755cec6129361a62f4c6f1bdcfc850f\"><a href=\"mailto:info@bodega-santamaria.com\">info@bodega-santamaria.com<\/a><\/span>\u00a0&#8211;<\/p>\n[\/vc_column_text][vc_single_image image=&#8221;170&#8243; img_size=&#8221;full&#8221; alignment=&#8221;center&#8221; css_animation=&#8221;fadeIn&#8221;][\/vc_column][\/vc_row]\n","protected":false},"excerpt":{"rendered":"[vc_row][vc_column][vc_separator color=&#8221;white&#038;#82 [&#8230;]\n","protected":false},"author":1,"featured_media":0,"parent":0,"menu_order":0,"comment_status":"closed","ping_status":"closed","template":"","meta":{"footnotes":""},"class_list":["post-506","page","type-page","status-publish","hentry"],"yoast_head":"<!-- This site is optimized with the Yoast SEO plugin v27.4 - https:\/\/yoast.com\/product\/yoast-seo-wordpress\/ -->\n<title>\u54ea\u91cc\u8d2d\u4e70 - Alfredo Santamar\u00eda - Bodegas y Vi\u00f1edos<\/title>\n<meta name=\"robots\" content=\"index, follow, max-snippet:-1, max-image-preview:large, max-video-preview:-1\" \/>\n<link rel=\"canonical\" href=\"https:\/\/bodega-santamaria.com\/zh-hant\/donde-comprar\/\" \/>\n<meta property=\"og:locale\" content=\"zh_TW\" \/>\n<meta property=\"og:type\" content=\"article\" \/>\n<meta property=\"og:title\" content=\"\u54ea\u91cc\u8d2d\u4e70 - Alfredo Santamar\u00eda - Bodegas y Vi\u00f1edos\" \/>\n<meta property=\"og:description\" content=\"[vc_row][vc_column][vc_separator color=&#8221;white&amp;#82 [...]\" \/>\n<meta property=\"og:url\" content=\"https:\/\/bodega-santamaria.com\/zh-hant\/donde-comprar\/\" \/>\n<meta property=\"og:site_name\" content=\"Alfredo Santamar\u00eda - Bodegas y Vi\u00f1edos\" \/>\n<meta property=\"article:modified_time\" content=\"2019-11-07T16:02:26+00:00\" \/>\n<meta name=\"twitter:card\" content=\"summary_large_image\" \/>\n<script type=\"application\/ld+json\" class=\"yoast-schema-graph\">{\"@context\":\"https:\\\/\\\/schema.org\",\"@graph\":[{\"@type\":\"WebPage\",\"@id\":\"https:\\\/\\\/bodega-santamaria.com\\\/zh-hant\\\/donde-comprar\\\/\",\"url\":\"https:\\\/\\\/bodega-santamaria.com\\\/zh-hant\\\/donde-comprar\\\/\",\"name\":\"\u54ea\u91cc\u8d2d\u4e70 - Alfredo Santamar\u00eda - Bodegas y Vi\u00f1edos\",\"isPartOf\":{\"@id\":\"https:\\\/\\\/bodega-santamaria.com\\\/#website\"},\"datePublished\":\"2019-11-04T18:34:04+00:00\",\"dateModified\":\"2019-11-07T16:02:26+00:00\",\"breadcrumb\":{\"@id\":\"https:\\\/\\\/bodega-santamaria.com\\\/zh-hant\\\/donde-comprar\\\/#breadcrumb\"},\"inLanguage\":\"zh-TW\",\"potentialAction\":[{\"@type\":\"ReadAction\",\"target\":[\"https:\\\/\\\/bodega-santamaria.com\\\/zh-hant\\\/donde-comprar\\\/\"]}]},{\"@type\":\"BreadcrumbList\",\"@id\":\"https:\\\/\\\/bodega-santamaria.com\\\/zh-hant\\\/donde-comprar\\\/#breadcrumb\",\"itemListElement\":[{\"@type\":\"ListItem\",\"position\":1,\"name\":\"Portada\",\"item\":\"https:\\\/\\\/bodega-santamaria.com\\\/zh-hant\\\/\"},{\"@type\":\"ListItem\",\"position\":2,\"name\":\"\u54ea\u91cc\u8d2d\u4e70\"}]},{\"@type\":\"WebSite\",\"@id\":\"https:\\\/\\\/bodega-santamaria.com\\\/#website\",\"url\":\"https:\\\/\\\/bodega-santamaria.com\\\/\",\"name\":\"Alfredo Santamar\u00eda - Bodegas y Vi\u00f1edos\",\"description\":\"Denominaci\u00f3n de Origen Cigales\",\"potentialAction\":[{\"@type\":\"SearchAction\",\"target\":{\"@type\":\"EntryPoint\",\"urlTemplate\":\"https:\\\/\\\/bodega-santamaria.com\\\/?s={search_term_string}\"},\"query-input\":{\"@type\":\"PropertyValueSpecification\",\"valueRequired\":true,\"valueName\":\"search_term_string\"}}],\"inLanguage\":\"zh-TW\"}]}<\/script>\n<!-- \/ Yoast SEO plugin. -->","yoast_head_json":{"title":"\u54ea\u91cc\u8d2d\u4e70 - Alfredo Santamar\u00eda - Bodegas y Vi\u00f1edos","robots":{"index":"index","follow":"follow","max-snippet":"max-snippet:-1","max-image-preview":"max-image-preview:large","max-video-preview":"max-video-preview:-1"},"canonical":"https:\/\/bodega-santamaria.com\/zh-hant\/donde-comprar\/","og_locale":"zh_TW","og_type":"article","og_title":"\u54ea\u91cc\u8d2d\u4e70 - Alfredo Santamar\u00eda - Bodegas y Vi\u00f1edos","og_description":"[vc_row][vc_column][vc_separator color=&#8221;white&#82 [...]","og_url":"https:\/\/bodega-santamaria.com\/zh-hant\/donde-comprar\/","og_site_name":"Alfredo Santamar\u00eda - Bodegas y Vi\u00f1edos","article_modified_time":"2019-11-07T16:02:26+00:00","twitter_card":"summary_large_image","schema":{"@context":"https:\/\/schema.org","@graph":[{"@type":"WebPage","@id":"https:\/\/bodega-santamaria.com\/zh-hant\/donde-comprar\/","url":"https:\/\/bodega-santamaria.com\/zh-hant\/donde-comprar\/","name":"\u54ea\u91cc\u8d2d\u4e70 - Alfredo Santamar\u00eda - Bodegas y Vi\u00f1edos","isPartOf":{"@id":"https:\/\/bodega-santamaria.com\/#website"},"datePublished":"2019-11-04T18:34:04+00:00","dateModified":"2019-11-07T16:02:26+00:00","breadcrumb":{"@id":"https:\/\/bodega-santamaria.com\/zh-hant\/donde-comprar\/#breadcrumb"},"inLanguage":"zh-TW","potentialAction":[{"@type":"ReadAction","target":["https:\/\/bodega-santamaria.com\/zh-hant\/donde-comprar\/"]}]},{"@type":"BreadcrumbList","@id":"https:\/\/bodega-santamaria.com\/zh-hant\/donde-comprar\/#breadcrumb","itemListElement":[{"@type":"ListItem","position":1,"name":"Portada","item":"https:\/\/bodega-santamaria.com\/zh-hant\/"},{"@type":"ListItem","position":2,"name":"\u54ea\u91cc\u8d2d\u4e70"}]},{"@type":"WebSite","@id":"https:\/\/bodega-santamaria.com\/#website","url":"https:\/\/bodega-santamaria.com\/","name":"Alfredo Santamar\u00eda - Bodegas y Vi\u00f1edos","description":"Denominaci\u00f3n de Origen Cigales","potentialAction":[{"@type":"SearchAction","target":{"@type":"EntryPoint","urlTemplate":"https:\/\/bodega-santamaria.com\/?s={search_term_string}"},"query-input":{"@type":"PropertyValueSpecification","valueRequired":true,"valueName":"search_term_string"}}],"inLanguage":"zh-TW"}]}},"_links":{"self":[{"href":"https:\/\/bodega-santamaria.com\/zh-hant\/wp-json\/wp\/v2\/pages\/506","targetHints":{"allow":["GET"]}}],"collection":[{"href":"https:\/\/bodega-santamaria.com\/zh-hant\/wp-json\/wp\/v2\/pages"}],"about":[{"href":"https:\/\/bodega-santamaria.com\/zh-hant\/wp-json\/wp\/v2\/types\/page"}],"author":[{"embeddable":true,"href":"https:\/\/bodega-santamaria.com\/zh-hant\/wp-json\/wp\/v2\/users\/1"}],"replies":[{"embeddable":true,"href":"https:\/\/bodega-santamaria.com\/zh-hant\/wp-json\/wp\/v2\/comments?post=506"}],"version-history":[{"count":1,"href":"https:\/\/bodega-santamaria.com\/zh-hant\/wp-json\/wp\/v2\/pages\/506\/revisions"}],"predecessor-version":[{"id":507,"href":"https:\/\/bodega-santamaria.com\/zh-hant\/wp-json\/wp\/v2\/pages\/506\/revisions\/507"}],"wp:attachment":[{"href":"https:\/\/bodega-santamaria.com\/zh-hant\/wp-json\/wp\/v2\/media?parent=506"}],"curies":[{"name":"wp","href":"https:\/\/api.w.org\/{rel}","templated":true}]}}