
{"id":489,"date":"2019-11-04T18:17:04","date_gmt":"2019-11-04T17:17:04","guid":{"rendered":"http:\/\/bodega-santamaria.com\/los-vinos\/alfredo-santamaria\/"},"modified":"2019-11-07T18:59:54","modified_gmt":"2019-11-07T17:59:54","slug":"alfredo-santamaria","status":"publish","type":"page","link":"https:\/\/bodega-santamaria.com\/zh-hant\/los-vinos\/alfredo-santamaria\/","title":{"rendered":"\u201c\u963f\u5c14\u5f17\u83b1\u5fb7\u00b7\u5723\u5854\u9a6c\u5229\u4e9a\u201d\u4f73\u917f"},"content":{"rendered":"[vc_row css=&#8221;.vc_custom_1572886902734{padding-top: 50px !important;}&#8221;][vc_column width=&#8221;1\/2&#8243;][vc_single_image image=&#8221;108&#8243; img_size=&#8221;large&#8221; alignment=&#8221;center&#8221; onclick=&#8221;link_image&#8221; css_animation=&#8221;fadeIn&#8221;][vc_separator][vc_btn title=&#8221;\u8cc7\u6599\u4e0b\u8f09&#8221; style=&#8221;outline&#8221; color=&#8221;black&#8221; align=&#8221;center&#8221; i_icon_fontawesome=&#8221;fa fa-undo&#8221; button_block=&#8221;true&#8221; add_icon=&#8221;true&#8221; link=&#8221;url:https%3A%2F%2Fbodega-santamaria.com%2Fwp-content%2Fuploads%2F2019%2F11%2F34_Alfredo_Santamaria_zh.pdf||target:%20_blank|&#8221;][\/vc_column][vc_column width=&#8221;1\/2&#8243;][vc_column_text]\n<h1 style=\"font-size: 40px;\">\u201c\u963f\u5c14\u5f17\u83b1\u5fb7\u00b7\u5723\u5854\u9a6c\u5229\u4e9a\u201d\u4f73\u917f<\/h1>\n[\/vc_column_text][vc_column_text]\n<div class=\"itemIntroText\">\n<ul>\n<li>\u539f\u4ea7\uff1a\u897f\u73ed\u7259<\/li>\n<li>\u6cd5\u5b9a\u4ea7\u533a\uff1a\u897f\u52a0\u96f7\u65af<\/li>\n<li>\u7b49\u7ea7\uff1a\u9648\u917f\u8461\u8404\u9152<\/li>\n<li>\u54c1\u79cd\uff1a100%\u5929\u5e15\u5c3c\u6d1b<\/li>\n<\/ul>\n<\/div>\n<div class=\"itemFullText\">\n<h3>\u917f\u9020\u6cd5<\/h3>\n<p>\u63a7\u5236\u9152\u7cbe\u53d1\u9175\uff0c\u4efb\u4f55\u65f6\u5019\u4e0d\u8d85\u8fc730\u5ea6\uff0c\u8461\u8404\u4ea7\u81ea\u81ea\u6709\u8461\u8404\u56ed70\u5e74\u8001\u85e4\uff0c\u5929\u5e15\u5c3c\u6d1b\uff0c\u624b\u5de5\u6311\u9009\u3002\u5728\u6700\u4f73\u6210\u719f\u671f\u6458\u4e0b\uff0c\u4ee5\u6d78\u6e0d\u65b9\u5f0f\u9759\u653e15\u81f325\u5929\u3002<br \/>\n\u6e29\u5ea6\u63a7\u5236\u53d1\u9175\uff0822\u5ea6\uff09\u3002<\/p>\n<p>\u53bb\u9664\u6742\u8d28\u548c\u8fc7\u6ee4\u4f7f\u8461\u8404\u9152\u6f84\u6e05\u5e76\u7a33\u5b9a\u3002\u4ee5\u81ea\u7136\u7684\u98ce\u51b7\u6765\u7a33\u5b9a\uff08\u5927\u69825\u5ea6\uff09\uff0c\u4f7f\u8461\u8404\u9152\u53ef\u662f\u5f00\u59cb\u719f\u6210\u3002<\/p>\n<p>\u5728\u4ee5\u6cd5\u56fd\u6a61\u6728\u6876\u4e3a\u4e3b\u7684\u7f8e\u56fd\u6a61\u6728\u6876\u4e2d\u653e\u7f6e\u81f3\u5c1112\u4e2a\u6708\u6c27\u5316\u9648\u917f\uff0c\u4e4b\u540e\u4e8e\u73bb\u7483\u74f6\u4e2d\u518d\u719f\u621012\u4e2a\u6708\u3002<\/p>\n<p>\u6e29\u5ea6\u548c\u6e7f\u5ea6\u5747\u63a7\u5236\u4e3a\u6700\u4f73\u6761\u4ef6\u4e0b\u3002\u4e0d\u5f15\u8d77\u8461\u8404\u9152\u4efb\u4f55\u53d8\u5316\u7684\u60c5\u51b5\u4e0b\u88c5\u74f6\uff0c\u53ef\u5448\u73b0\u5b8c\u5168\u81ea\u7136\u7684\u65b9\u5f0f\uff0c\u63a8\u8350\u54c1\u5c1d\u3002<\/p>\n<h3>\u4ea7\u91cf<\/h3>\n<p>\u9650\u91cf\u7248\u7684\u8461\u8404\u9152\u6bcf\u5e74\u751f\u4ea7\u5c11\u4e8e13000\u74f6\u3002<\/p>\n<h3>\u9500\u552e<\/h3>\n<p>\u6708\u540e\u5f00\u59cb\u9500\u552e\uff0c\u6bcf\u74f6750\u6beb\u5347\uff0c\u6bcf\u7bb16\u74f6\u3002<\/p>\n<h3>\u54c1\u9274<\/h3>\n<p>\u7eaf\u5355\u4e00\u5929\u5e15\u5c3c\u6d1b\u54c1\u79cd\uff0c\u9152\u7cbe\u5ea614\u5de6\u53f3\u3002\u6df1\u7ea2\u8272\uff0c\u9999\u6c14\u6d53\u90c1\u3001\u6302\u676f\u8868\u73b0\u4f18\u79c0\u3002<\/p>\n<p>\u5f3a\u70c8\u6c34\u679c\u9999\u6c14\uff0c\u4f34\u6709\u6728\u9999\u3002\u5165\u53e3\u6109\u60a6\u3002\u9152\u4f53\u4e30\u5bcc\uff0c\u5355\u5b81\u8868\u73b0\u4f18\u79c0\uff0c\u4f59\u5473\u7559\u957f\uff0c\u679c\u9999\u6ee1\u6ea2\u3002<\/p>\n<h3>\u54c1\u9274\u548c\u642d\u914d<\/h3>\n<p>10\u5e74\u5185\u5747\u53ef\u996e\u7528\u3002\u5efa\u8bae\u5728\u5408\u9002\u7684\u6e29\u5ea6\u4e0b\u4fdd\u5b58\uff0816\u5ea6\u5de6\u53f3\uff09\uff0c\u642d\u914d\u706b\u817f\u3001\u53e3\u5473\u91cd\u7684\u5976\u916a\u3001\u7ea2\u8089\u3002<\/p>\n<\/div>\n[\/vc_column_text][\/vc_column][\/vc_row]\n","protected":false},"excerpt":{"rendered":"[vc_row css=&#8221;.vc_custom_1572886902734{padding-top [&#8230;]\n","protected":false},"author":1,"featured_media":0,"parent":461,"menu_order":0,"comment_status":"closed","ping_status":"closed","template":"","meta":{"footnotes":""},"class_list":["post-489","page","type-page","status-publish","hentry"],"yoast_head":"<!-- This site is optimized with the Yoast SEO plugin v27.4 - https:\/\/yoast.com\/product\/yoast-seo-wordpress\/ -->\n<title>\u201c\u963f\u5c14\u5f17\u83b1\u5fb7\u00b7\u5723\u5854\u9a6c\u5229\u4e9a\u201d\u4f73\u917f - Alfredo Santamar\u00eda - Bodegas y Vi\u00f1edos<\/title>\n<meta name=\"robots\" content=\"index, follow, max-snippet:-1, max-image-preview:large, max-video-preview:-1\" \/>\n<link rel=\"canonical\" href=\"https:\/\/bodega-santamaria.com\/zh-hant\/los-vinos\/alfredo-santamaria\/\" \/>\n<meta property=\"og:locale\" content=\"zh_TW\" \/>\n<meta property=\"og:type\" content=\"article\" \/>\n<meta property=\"og:title\" content=\"\u201c\u963f\u5c14\u5f17\u83b1\u5fb7\u00b7\u5723\u5854\u9a6c\u5229\u4e9a\u201d\u4f73\u917f - Alfredo Santamar\u00eda - Bodegas y Vi\u00f1edos\" \/>\n<meta property=\"og:description\" content=\"[vc_row css=&#8221;.vc_custom_1572886902734{padding-top [...]\" \/>\n<meta property=\"og:url\" content=\"https:\/\/bodega-santamaria.com\/zh-hant\/los-vinos\/alfredo-santamaria\/\" \/>\n<meta property=\"og:site_name\" content=\"Alfredo Santamar\u00eda - Bodegas y Vi\u00f1edos\" \/>\n<meta property=\"article:modified_time\" content=\"2019-11-07T17:59:54+00:00\" \/>\n<meta name=\"twitter:card\" content=\"summary_large_image\" \/>\n<script type=\"application\/ld+json\" class=\"yoast-schema-graph\">{\"@context\":\"https:\\\/\\\/schema.org\",\"@graph\":[{\"@type\":\"WebPage\",\"@id\":\"https:\\\/\\\/bodega-santamaria.com\\\/zh-hant\\\/los-vinos\\\/alfredo-santamaria\\\/\",\"url\":\"https:\\\/\\\/bodega-santamaria.com\\\/zh-hant\\\/los-vinos\\\/alfredo-santamaria\\\/\",\"name\":\"\u201c\u963f\u5c14\u5f17\u83b1\u5fb7\u00b7\u5723\u5854\u9a6c\u5229\u4e9a\u201d\u4f73\u917f - Alfredo Santamar\u00eda - Bodegas y Vi\u00f1edos\",\"isPartOf\":{\"@id\":\"https:\\\/\\\/bodega-santamaria.com\\\/#website\"},\"datePublished\":\"2019-11-04T17:17:04+00:00\",\"dateModified\":\"2019-11-07T17:59:54+00:00\",\"breadcrumb\":{\"@id\":\"https:\\\/\\\/bodega-santamaria.com\\\/zh-hant\\\/los-vinos\\\/alfredo-santamaria\\\/#breadcrumb\"},\"inLanguage\":\"zh-TW\",\"potentialAction\":[{\"@type\":\"ReadAction\",\"target\":[\"https:\\\/\\\/bodega-santamaria.com\\\/zh-hant\\\/los-vinos\\\/alfredo-santamaria\\\/\"]}]},{\"@type\":\"BreadcrumbList\",\"@id\":\"https:\\\/\\\/bodega-santamaria.com\\\/zh-hant\\\/los-vinos\\\/alfredo-santamaria\\\/#breadcrumb\",\"itemListElement\":[{\"@type\":\"ListItem\",\"position\":1,\"name\":\"Portada\",\"item\":\"https:\\\/\\\/bodega-santamaria.com\\\/zh-hant\\\/\"},{\"@type\":\"ListItem\",\"position\":2,\"name\":\"\u8461\u8404\u9152\",\"item\":\"https:\\\/\\\/bodega-santamaria.com\\\/zh-hant\\\/los-vinos\\\/\"},{\"@type\":\"ListItem\",\"position\":3,\"name\":\"\u201c\u963f\u5c14\u5f17\u83b1\u5fb7\u00b7\u5723\u5854\u9a6c\u5229\u4e9a\u201d\u4f73\u917f\"}]},{\"@type\":\"WebSite\",\"@id\":\"https:\\\/\\\/bodega-santamaria.com\\\/#website\",\"url\":\"https:\\\/\\\/bodega-santamaria.com\\\/\",\"name\":\"Alfredo Santamar\u00eda - Bodegas y Vi\u00f1edos\",\"description\":\"Denominaci\u00f3n de Origen Cigales\",\"potentialAction\":[{\"@type\":\"SearchAction\",\"target\":{\"@type\":\"EntryPoint\",\"urlTemplate\":\"https:\\\/\\\/bodega-santamaria.com\\\/?s={search_term_string}\"},\"query-input\":{\"@type\":\"PropertyValueSpecification\",\"valueRequired\":true,\"valueName\":\"search_term_string\"}}],\"inLanguage\":\"zh-TW\"}]}<\/script>\n<!-- \/ Yoast SEO plugin. -->","yoast_head_json":{"title":"\u201c\u963f\u5c14\u5f17\u83b1\u5fb7\u00b7\u5723\u5854\u9a6c\u5229\u4e9a\u201d\u4f73\u917f - Alfredo Santamar\u00eda - Bodegas y Vi\u00f1edos","robots":{"index":"index","follow":"follow","max-snippet":"max-snippet:-1","max-image-preview":"max-image-preview:large","max-video-preview":"max-video-preview:-1"},"canonical":"https:\/\/bodega-santamaria.com\/zh-hant\/los-vinos\/alfredo-santamaria\/","og_locale":"zh_TW","og_type":"article","og_title":"\u201c\u963f\u5c14\u5f17\u83b1\u5fb7\u00b7\u5723\u5854\u9a6c\u5229\u4e9a\u201d\u4f73\u917f - Alfredo Santamar\u00eda - Bodegas y Vi\u00f1edos","og_description":"[vc_row css=&#8221;.vc_custom_1572886902734{padding-top [...]","og_url":"https:\/\/bodega-santamaria.com\/zh-hant\/los-vinos\/alfredo-santamaria\/","og_site_name":"Alfredo Santamar\u00eda - Bodegas y Vi\u00f1edos","article_modified_time":"2019-11-07T17:59:54+00:00","twitter_card":"summary_large_image","schema":{"@context":"https:\/\/schema.org","@graph":[{"@type":"WebPage","@id":"https:\/\/bodega-santamaria.com\/zh-hant\/los-vinos\/alfredo-santamaria\/","url":"https:\/\/bodega-santamaria.com\/zh-hant\/los-vinos\/alfredo-santamaria\/","name":"\u201c\u963f\u5c14\u5f17\u83b1\u5fb7\u00b7\u5723\u5854\u9a6c\u5229\u4e9a\u201d\u4f73\u917f - Alfredo Santamar\u00eda - Bodegas y Vi\u00f1edos","isPartOf":{"@id":"https:\/\/bodega-santamaria.com\/#website"},"datePublished":"2019-11-04T17:17:04+00:00","dateModified":"2019-11-07T17:59:54+00:00","breadcrumb":{"@id":"https:\/\/bodega-santamaria.com\/zh-hant\/los-vinos\/alfredo-santamaria\/#breadcrumb"},"inLanguage":"zh-TW","potentialAction":[{"@type":"ReadAction","target":["https:\/\/bodega-santamaria.com\/zh-hant\/los-vinos\/alfredo-santamaria\/"]}]},{"@type":"BreadcrumbList","@id":"https:\/\/bodega-santamaria.com\/zh-hant\/los-vinos\/alfredo-santamaria\/#breadcrumb","itemListElement":[{"@type":"ListItem","position":1,"name":"Portada","item":"https:\/\/bodega-santamaria.com\/zh-hant\/"},{"@type":"ListItem","position":2,"name":"\u8461\u8404\u9152","item":"https:\/\/bodega-santamaria.com\/zh-hant\/los-vinos\/"},{"@type":"ListItem","position":3,"name":"\u201c\u963f\u5c14\u5f17\u83b1\u5fb7\u00b7\u5723\u5854\u9a6c\u5229\u4e9a\u201d\u4f73\u917f"}]},{"@type":"WebSite","@id":"https:\/\/bodega-santamaria.com\/#website","url":"https:\/\/bodega-santamaria.com\/","name":"Alfredo Santamar\u00eda - Bodegas y Vi\u00f1edos","description":"Denominaci\u00f3n de Origen Cigales","potentialAction":[{"@type":"SearchAction","target":{"@type":"EntryPoint","urlTemplate":"https:\/\/bodega-santamaria.com\/?s={search_term_string}"},"query-input":{"@type":"PropertyValueSpecification","valueRequired":true,"valueName":"search_term_string"}}],"inLanguage":"zh-TW"}]}},"_links":{"self":[{"href":"https:\/\/bodega-santamaria.com\/zh-hant\/wp-json\/wp\/v2\/pages\/489","targetHints":{"allow":["GET"]}}],"collection":[{"href":"https:\/\/bodega-santamaria.com\/zh-hant\/wp-json\/wp\/v2\/pages"}],"about":[{"href":"https:\/\/bodega-santamaria.com\/zh-hant\/wp-json\/wp\/v2\/types\/page"}],"author":[{"embeddable":true,"href":"https:\/\/bodega-santamaria.com\/zh-hant\/wp-json\/wp\/v2\/users\/1"}],"replies":[{"embeddable":true,"href":"https:\/\/bodega-santamaria.com\/zh-hant\/wp-json\/wp\/v2\/comments?post=489"}],"version-history":[{"count":3,"href":"https:\/\/bodega-santamaria.com\/zh-hant\/wp-json\/wp\/v2\/pages\/489\/revisions"}],"predecessor-version":[{"id":535,"href":"https:\/\/bodega-santamaria.com\/zh-hant\/wp-json\/wp\/v2\/pages\/489\/revisions\/535"}],"up":[{"embeddable":true,"href":"https:\/\/bodega-santamaria.com\/zh-hant\/wp-json\/wp\/v2\/pages\/461"}],"wp:attachment":[{"href":"https:\/\/bodega-santamaria.com\/zh-hant\/wp-json\/wp\/v2\/media?parent=489"}],"curies":[{"name":"wp","href":"https:\/\/api.w.org\/{rel}","templated":true}]}}