
{"id":481,"date":"2019-11-04T18:14:50","date_gmt":"2019-11-04T17:14:50","guid":{"rendered":"http:\/\/bodega-santamaria.com\/los-vinos\/pago-el-cordonero\/"},"modified":"2019-11-07T19:00:07","modified_gmt":"2019-11-07T18:00:07","slug":"pago-el-cordonero","status":"publish","type":"page","link":"https:\/\/bodega-santamaria.com\/zh-hant\/los-vinos\/pago-el-cordonero\/","title":{"rendered":"\u5e15\u683c\u00b7\u54e5\u5c14\u591a\u5c3c\u7f57"},"content":{"rendered":"[vc_row css=&#8221;.vc_custom_1572886902734{padding-top: 50px !important;}&#8221;][vc_column width=&#8221;1\/2&#8243;][vc_single_image image=&#8221;105&#8243; img_size=&#8221;large&#8221; alignment=&#8221;center&#8221; onclick=&#8221;link_image&#8221; css_animation=&#8221;fadeIn&#8221;][vc_separator][vc_btn title=&#8221;\u8cc7\u6599\u4e0b\u8f09&#8221; style=&#8221;outline&#8221; color=&#8221;black&#8221; align=&#8221;center&#8221; i_icon_fontawesome=&#8221;fa fa-undo&#8221; button_block=&#8221;true&#8221; add_icon=&#8221;true&#8221; link=&#8221;url:https%3A%2F%2Fbodega-santamaria.com%2Fwp-content%2Fuploads%2F2019%2F11%2F33_pago-el-cordonero-zh.pdf||target:%20_blank|&#8221;][\/vc_column][vc_column width=&#8221;1\/2&#8243;][vc_column_text]\n<h1 style=\"font-size: 40px;\">\u5e15\u683c\u00b7\u54e5\u5c14\u591a\u5c3c\u7f57<\/h1>\n[\/vc_column_text][vc_column_text]\n<div class=\"itemIntroText\">\n<div class=\"itemIntroText\">\n<ul>\n<li>\u539f\u4ea7\uff1a\u897f\u73ed\u7259<\/li>\n<li>\u6cd5\u5b9a\u4ea7\u533a\uff1a\u897f\u52a0\u96f7\u65af<\/li>\n<li>\u7b49\u7ea7\uff1a\u5e74\u8f7b\u6843\u7ea2<\/li>\n<li>\u54c1\u79cd\uff1a\u5929\u5e15\u5c3c\u6d1b\u3001\u5f17\u5fb7\u4e54\u548c\u963f\u6bd4\u6d1b\u3002<\/li>\n<\/ul>\n<\/div>\n<div class=\"itemFullText\">\n<h3>\u917f\u9020\u6cd5<\/h3>\n<p>\u5728\u6211\u4eec\u81ea\u7531\u7684\u8461\u8404\u56ed\u624b\u5de5\u6311\u9009\u8461\u8404\uff0c\u5728\u9178\u5ea6\u6700\u5408\u9002\u7684\u6210\u719f\u671f\u6458\u4e0b\uff0c\u7528\u897f\u52a0\u96f7\u65af\u4f20\u7edf\u5de5\u827a\u917f\u9020\uff08\u4e0d\u6dfb\u52a0\u4efb\u4f55\u53d1\u9175\u6210\u5206\uff0c\u4e0d\u8c03\u6574\u9178\u5ea6\uff0c\u539f\u6c41\u539f\u5473\uff09\uff0c\u6d78\u6e0d\u6570\u5c0f\u65f6\u4e4b\u540e\u53d1\u9175\uff0c\u63a7\u5236\u6e29\u5ea6\uff0c\u4ee5\u5929\u5e15\u5c3c\u6d1b\u4e3a\u4e3b\uff0c\u966a\u52a0\u963f\u6bd4\u6d1b\u548c\u5f17\u5fb7\u4e54\u767d\u8461\u8404\u3002<\/p>\n<p>\u53bb\u6742\u8d28\u548c\u8fc7\u6ee4\u4f7f\u8461\u8404\u9152\u6700\u7ec8\u6f84\u6e05\u5e76\u7a33\u5b9a\u3002<\/p>\n<p>\u4e00\u822c\u5230\u4e94\u6708\u4efd\u8fd9\u6b3e\u9152\u624d\u4f1a\u4e0a\u5e02\uff0c\u5728\u4f4e\u6e29\u4e0b\u7a33\u5b9a\uff08\u5927\u69825\u5ea6\uff09\uff0c\u5728\u6700\u9002\u5408\u996e\u7528\u7684\u65f6\u5019\u624d\u4f1a\u88c5\u74f6\u3002<\/p>\n<h3>\u4ea7\u91cf<\/h3>\n<p>\u5e74\u8f7b\u7684\u9152\u6bcf\u5e74\u751f\u4ea7\u572813000\u74f6\u81f325000\u5e73\u4e4b\u95f4\uff0c\u6839\u636e\u5f53\u5b63\u4ea7\u91cf\u51b3\u5b9a\u3002<\/p>\n<h3>\u9500\u552e<\/h3>\n<p>\u4ece\u6bcf\u5e745\u6708\u5f00\u59cb\u9500\u552e\uff0c\u4ece\u4e0d\u52a0\u901f\u751f\u4ea7\u3002\u6bcf\u74f6750\u6beb\u5347\uff0c\u6bcf\u7bb112\u74f6\u3002<\/p>\n<h3>CATA<\/h3>\n<p>\u9152\u7cbe\u5ea6\u6570\u572812.5\u81f313.5\u4e4b\u95f4\u3002\u5448\u5b8c\u6574\u6843\u7ea2\u8272\uff0c\u6839\u636e\u6536\u6210\u4ece\u6de1\u73ab\u7470\u7ea2\u5230\u6df1\u73ab\u7470\u7ea2\u5747\u6709\u5448\u73b0\u3002\u6df7\u917f\u9999\u6c14\u6d53\u90c1\uff0c\u5165\u53e3\u6e05\u723d\u3001\u679c\u9999\u6ee1\u6ea2\u3002<\/p>\n<h3>\u996e\u7528\u548c\u642d\u914d<\/h3>\n<p>\u7b2c\u4e00\u5e74\u548c\u7b2c\u4e8c\u5e74\u5747\u53ef\u996e\u7528\u3002\u5efa\u8bae\u4f4e\u6e29\u4e0b\uff088\u5ea6\u5de6\u53f3\uff09\u996e\u7528\uff0c\u6700\u4f73\u642d\u914d\uff1a\u5f00\u80c3\u83dc\u3001\u5976\u916a\u3001\u7c73\u996d\u3001\u6d77\u9c9c\u3001\u852c\u83dc\u3001\u9c7c\u6216\u662f\u53e3\u5473\u6e05\u6de1\u7684\u8089\u3002<\/p>\n<\/div>\n<\/div>\n[\/vc_column_text][\/vc_column][\/vc_row]\n","protected":false},"excerpt":{"rendered":"[vc_row css=&#8221;.vc_custom_1572886902734{padding-top [&#8230;]\n","protected":false},"author":1,"featured_media":0,"parent":461,"menu_order":0,"comment_status":"closed","ping_status":"closed","template":"","meta":{"footnotes":""},"class_list":["post-481","page","type-page","status-publish","hentry"],"yoast_head":"<!-- This site is optimized with the Yoast SEO plugin v27.4 - https:\/\/yoast.com\/product\/yoast-seo-wordpress\/ -->\n<title>\u5e15\u683c\u00b7\u54e5\u5c14\u591a\u5c3c\u7f57 - Alfredo Santamar\u00eda - Bodegas y Vi\u00f1edos<\/title>\n<meta name=\"robots\" content=\"index, follow, max-snippet:-1, max-image-preview:large, max-video-preview:-1\" \/>\n<link rel=\"canonical\" href=\"https:\/\/bodega-santamaria.com\/zh-hant\/los-vinos\/pago-el-cordonero\/\" \/>\n<meta property=\"og:locale\" content=\"zh_TW\" \/>\n<meta property=\"og:type\" content=\"article\" \/>\n<meta property=\"og:title\" content=\"\u5e15\u683c\u00b7\u54e5\u5c14\u591a\u5c3c\u7f57 - Alfredo Santamar\u00eda - Bodegas y Vi\u00f1edos\" \/>\n<meta property=\"og:description\" content=\"[vc_row css=&#8221;.vc_custom_1572886902734{padding-top [...]\" \/>\n<meta property=\"og:url\" content=\"https:\/\/bodega-santamaria.com\/zh-hant\/los-vinos\/pago-el-cordonero\/\" \/>\n<meta property=\"og:site_name\" content=\"Alfredo Santamar\u00eda - Bodegas y Vi\u00f1edos\" \/>\n<meta property=\"article:modified_time\" content=\"2019-11-07T18:00:07+00:00\" \/>\n<meta name=\"twitter:card\" content=\"summary_large_image\" \/>\n<script type=\"application\/ld+json\" class=\"yoast-schema-graph\">{\"@context\":\"https:\\\/\\\/schema.org\",\"@graph\":[{\"@type\":\"WebPage\",\"@id\":\"https:\\\/\\\/bodega-santamaria.com\\\/zh-hant\\\/los-vinos\\\/pago-el-cordonero\\\/\",\"url\":\"https:\\\/\\\/bodega-santamaria.com\\\/zh-hant\\\/los-vinos\\\/pago-el-cordonero\\\/\",\"name\":\"\u5e15\u683c\u00b7\u54e5\u5c14\u591a\u5c3c\u7f57 - Alfredo Santamar\u00eda - Bodegas y Vi\u00f1edos\",\"isPartOf\":{\"@id\":\"https:\\\/\\\/bodega-santamaria.com\\\/#website\"},\"datePublished\":\"2019-11-04T17:14:50+00:00\",\"dateModified\":\"2019-11-07T18:00:07+00:00\",\"breadcrumb\":{\"@id\":\"https:\\\/\\\/bodega-santamaria.com\\\/zh-hant\\\/los-vinos\\\/pago-el-cordonero\\\/#breadcrumb\"},\"inLanguage\":\"zh-TW\",\"potentialAction\":[{\"@type\":\"ReadAction\",\"target\":[\"https:\\\/\\\/bodega-santamaria.com\\\/zh-hant\\\/los-vinos\\\/pago-el-cordonero\\\/\"]}]},{\"@type\":\"BreadcrumbList\",\"@id\":\"https:\\\/\\\/bodega-santamaria.com\\\/zh-hant\\\/los-vinos\\\/pago-el-cordonero\\\/#breadcrumb\",\"itemListElement\":[{\"@type\":\"ListItem\",\"position\":1,\"name\":\"Portada\",\"item\":\"https:\\\/\\\/bodega-santamaria.com\\\/zh-hant\\\/\"},{\"@type\":\"ListItem\",\"position\":2,\"name\":\"\u8461\u8404\u9152\",\"item\":\"https:\\\/\\\/bodega-santamaria.com\\\/zh-hant\\\/los-vinos\\\/\"},{\"@type\":\"ListItem\",\"position\":3,\"name\":\"\u5e15\u683c\u00b7\u54e5\u5c14\u591a\u5c3c\u7f57\"}]},{\"@type\":\"WebSite\",\"@id\":\"https:\\\/\\\/bodega-santamaria.com\\\/#website\",\"url\":\"https:\\\/\\\/bodega-santamaria.com\\\/\",\"name\":\"Alfredo Santamar\u00eda - Bodegas y Vi\u00f1edos\",\"description\":\"Denominaci\u00f3n de Origen Cigales\",\"potentialAction\":[{\"@type\":\"SearchAction\",\"target\":{\"@type\":\"EntryPoint\",\"urlTemplate\":\"https:\\\/\\\/bodega-santamaria.com\\\/?s={search_term_string}\"},\"query-input\":{\"@type\":\"PropertyValueSpecification\",\"valueRequired\":true,\"valueName\":\"search_term_string\"}}],\"inLanguage\":\"zh-TW\"}]}<\/script>\n<!-- \/ Yoast SEO plugin. -->","yoast_head_json":{"title":"\u5e15\u683c\u00b7\u54e5\u5c14\u591a\u5c3c\u7f57 - Alfredo Santamar\u00eda - Bodegas y Vi\u00f1edos","robots":{"index":"index","follow":"follow","max-snippet":"max-snippet:-1","max-image-preview":"max-image-preview:large","max-video-preview":"max-video-preview:-1"},"canonical":"https:\/\/bodega-santamaria.com\/zh-hant\/los-vinos\/pago-el-cordonero\/","og_locale":"zh_TW","og_type":"article","og_title":"\u5e15\u683c\u00b7\u54e5\u5c14\u591a\u5c3c\u7f57 - Alfredo Santamar\u00eda - Bodegas y Vi\u00f1edos","og_description":"[vc_row css=&#8221;.vc_custom_1572886902734{padding-top [...]","og_url":"https:\/\/bodega-santamaria.com\/zh-hant\/los-vinos\/pago-el-cordonero\/","og_site_name":"Alfredo Santamar\u00eda - Bodegas y Vi\u00f1edos","article_modified_time":"2019-11-07T18:00:07+00:00","twitter_card":"summary_large_image","schema":{"@context":"https:\/\/schema.org","@graph":[{"@type":"WebPage","@id":"https:\/\/bodega-santamaria.com\/zh-hant\/los-vinos\/pago-el-cordonero\/","url":"https:\/\/bodega-santamaria.com\/zh-hant\/los-vinos\/pago-el-cordonero\/","name":"\u5e15\u683c\u00b7\u54e5\u5c14\u591a\u5c3c\u7f57 - Alfredo Santamar\u00eda - Bodegas y Vi\u00f1edos","isPartOf":{"@id":"https:\/\/bodega-santamaria.com\/#website"},"datePublished":"2019-11-04T17:14:50+00:00","dateModified":"2019-11-07T18:00:07+00:00","breadcrumb":{"@id":"https:\/\/bodega-santamaria.com\/zh-hant\/los-vinos\/pago-el-cordonero\/#breadcrumb"},"inLanguage":"zh-TW","potentialAction":[{"@type":"ReadAction","target":["https:\/\/bodega-santamaria.com\/zh-hant\/los-vinos\/pago-el-cordonero\/"]}]},{"@type":"BreadcrumbList","@id":"https:\/\/bodega-santamaria.com\/zh-hant\/los-vinos\/pago-el-cordonero\/#breadcrumb","itemListElement":[{"@type":"ListItem","position":1,"name":"Portada","item":"https:\/\/bodega-santamaria.com\/zh-hant\/"},{"@type":"ListItem","position":2,"name":"\u8461\u8404\u9152","item":"https:\/\/bodega-santamaria.com\/zh-hant\/los-vinos\/"},{"@type":"ListItem","position":3,"name":"\u5e15\u683c\u00b7\u54e5\u5c14\u591a\u5c3c\u7f57"}]},{"@type":"WebSite","@id":"https:\/\/bodega-santamaria.com\/#website","url":"https:\/\/bodega-santamaria.com\/","name":"Alfredo Santamar\u00eda - Bodegas y Vi\u00f1edos","description":"Denominaci\u00f3n de Origen Cigales","potentialAction":[{"@type":"SearchAction","target":{"@type":"EntryPoint","urlTemplate":"https:\/\/bodega-santamaria.com\/?s={search_term_string}"},"query-input":{"@type":"PropertyValueSpecification","valueRequired":true,"valueName":"search_term_string"}}],"inLanguage":"zh-TW"}]}},"_links":{"self":[{"href":"https:\/\/bodega-santamaria.com\/zh-hant\/wp-json\/wp\/v2\/pages\/481","targetHints":{"allow":["GET"]}}],"collection":[{"href":"https:\/\/bodega-santamaria.com\/zh-hant\/wp-json\/wp\/v2\/pages"}],"about":[{"href":"https:\/\/bodega-santamaria.com\/zh-hant\/wp-json\/wp\/v2\/types\/page"}],"author":[{"embeddable":true,"href":"https:\/\/bodega-santamaria.com\/zh-hant\/wp-json\/wp\/v2\/users\/1"}],"replies":[{"embeddable":true,"href":"https:\/\/bodega-santamaria.com\/zh-hant\/wp-json\/wp\/v2\/comments?post=481"}],"version-history":[{"count":3,"href":"https:\/\/bodega-santamaria.com\/zh-hant\/wp-json\/wp\/v2\/pages\/481\/revisions"}],"predecessor-version":[{"id":536,"href":"https:\/\/bodega-santamaria.com\/zh-hant\/wp-json\/wp\/v2\/pages\/481\/revisions\/536"}],"up":[{"embeddable":true,"href":"https:\/\/bodega-santamaria.com\/zh-hant\/wp-json\/wp\/v2\/pages\/461"}],"wp:attachment":[{"href":"https:\/\/bodega-santamaria.com\/zh-hant\/wp-json\/wp\/v2\/media?parent=481"}],"curies":[{"name":"wp","href":"https:\/\/api.w.org\/{rel}","templated":true}]}}