
{"id":465,"date":"2019-11-04T18:07:02","date_gmt":"2019-11-04T17:07:02","guid":{"rendered":"http:\/\/bodega-santamaria.com\/los-vinos\/valvinoso\/"},"modified":"2019-11-07T19:00:32","modified_gmt":"2019-11-07T18:00:32","slug":"valvinoso","status":"publish","type":"page","link":"https:\/\/bodega-santamaria.com\/zh-hant\/los-vinos\/valvinoso\/","title":{"rendered":"\u74e6\u5c14\u76ae\u8bfa\u7d22\uff08VALVINOSO\uff09"},"content":{"rendered":"[vc_row css=&#8221;.vc_custom_1572886902734{padding-top: 50px !important;}&#8221;][vc_column width=&#8221;1\/2&#8243;][vc_single_image image=&#8221;87&#8243; img_size=&#8221;large&#8221; alignment=&#8221;center&#8221; css_animation=&#8221;fadeIn&#8221;][vc_separator][vc_btn title=&#8221;\u8cc7\u6599\u4e0b\u8f09&#8221; style=&#8221;outline&#8221; color=&#8221;black&#8221; align=&#8221;center&#8221; i_icon_fontawesome=&#8221;fa fa-undo&#8221; button_block=&#8221;true&#8221; add_icon=&#8221;true&#8221; link=&#8221;url:https%3A%2F%2Fbodega-santamaria.com%2Fwp-content%2Fuploads%2F2019%2F11%2F31_valvinoso-zh.pdf|||&#8221;][\/vc_column][vc_column width=&#8221;1\/2&#8243;][vc_column_text]\n<h1 style=\"font-size: 40px;\">\u74e6\u5c14\u76ae\u8bfa\u7d22\uff08VALVINOSO\uff09<\/h1>\n[\/vc_column_text][vc_column_text]\n<div class=\"itemIntroText\">\n<ul>\n<li>\u539f\u4ea7\uff1a\u897f\u73ed\u7259<\/li>\n<li>\u6cd5\u5b9a\u4ea7\u533a\uff1a\u897f\u52a0\u96f7\u65af<\/li>\n<li>\u7b49\u7ea7\uff1a\u6843\u7ea2\u5e74\u8f7b<\/li>\n<li>\u54c1\u79cd\uff1a80%\u5929\u5e15\u5c3c\u6d1b\uff0c10%\u5f17\u5fb7\u4e54\u4ee5\u53ca10%\u963f\u6bd4\u6d1b\u3002<\/li>\n<\/ul>\n<\/div>\n<div class=\"itemFullText\">\n<h3><\/h3>\n<h3>\u917f\u9020\u6cd5<\/h3>\n<p>\u4ee5\u5929\u5e15\u5c3c\u6d1b\u4e3a\u4e3b\u7684\u6df7\u917f\u65b9\u5f0f\uff0c\u914d\u52a0\u767d\u8272\u963f\u6bd4\u6d1b\u548c\u5f17\u5fb7\u4e54\uff0c\u5728\u81ea\u6709\u8461\u8404\u56ed\u79cd\u690d\u5e76\u624b\u5de5\u6311\u9009\u8461\u8404\uff0c\u4f4e\u6e29\u6d78\u6e0d\u6cd5\u5de5\u827a\uff0c\u5e76\u63a7\u5236\u572815\u6444\u6c0f\u5ea6\u5de6\u53f3\u7684\u73af\u5883\u4e0b\u53d1\u9175\u3002<\/p>\n<p>\u53bb\u6742\u8d28\u548c\u8fc7\u6ee4\u4f7f\u8461\u8404\u9152\u6700\u7ec8\u6f84\u6e05\u5e76\u7a33\u5b9a\u3002<\/p>\n<p>\u6700\u540e\u88c5\u74f6\u524d\u7528\u4f4e\u6e29\u8fc7\u6ee4\u3002<\/p>\n<h3>\u4ea7\u91cf<\/h3>\n<p>\u5e74\u8f7b\u7684\u9152\u6bcf\u5e74\u4ea7\u91cf\u662f\u6709\u9650\u7684\uff0c\u901a\u5e38\u4e0d\u591a\u4e8e1\u4e07\u74f6\u3002<\/p>\n<h3>\u9500\u552e<\/h3>\n<p>\u6bcf\u5e741\u6708\u662f\u5176\u9999\u6c14\u8868\u8fbe\u6700\u4f73\u7684\u65f6\u671f\uff0c\u4ece\u90a3\u65f6\u5f00\u59cb\u9500\u552e\uff0c\u6bcf\u74f6750\u6beb\u5347\uff0c\u6bcf\u7bb112\u74f6\u3002<\/p>\n<h3>\u54c1\u9274<\/h3>\n<p>\u6210\u719f\u6843\u7ea2\u8272\uff0c\u9152\u7cbe\u5ea6\u657013\u3002\u8272\u6cfd\u660e\u4eae\u3001\u6b63\u6843\u7ea2\u8272\u3002\u6df7\u917f\u7684\u9999\u6c14\u7a81\u51fa\uff0c\u4ee4\u4eba\u60f3\u8d77\u65b0\u9c9c\u7684\u6c34\u679c\u3002\u5165\u53e3\u679c\u5473\u6d53\u90c1\uff0c\u4f59\u5473\u7559\u957f\u3002<\/p>\n<h3>\u996e\u7528\u548c\u642d\u914d<\/h3>\n<p>\u7b2c\u4e00\u5e74\u6574\u5e74\u53ef\u996e\u7528\u3002\u5efa\u8bae\u4f4e\u6e29\u4e0b\uff088\u5ea6\u5de6\u53f3\uff09\u996e\u7528\uff0c\u6700\u4f73\u642d\u914d\uff1a\u5f00\u80c3\u83dc\u3001\u5976\u916a\u3001\u7c73\u996d\u3001\u6d77\u9c9c\u3001\u852c\u83dc\u3001\u9c7c\u6216\u662f\u53e3\u5473\u6e05\u6de1\u7684\u8089\u3002<\/p>\n<\/div>\n[\/vc_column_text][\/vc_column][\/vc_row]\n","protected":false},"excerpt":{"rendered":"[vc_row css=&#8221;.vc_custom_1572886902734{padding-top [&#8230;]\n","protected":false},"author":1,"featured_media":0,"parent":461,"menu_order":0,"comment_status":"closed","ping_status":"closed","template":"","meta":{"footnotes":""},"class_list":["post-465","page","type-page","status-publish","hentry"],"yoast_head":"<!-- This site is optimized with the Yoast SEO plugin v27.6 - https:\/\/yoast.com\/product\/yoast-seo-wordpress\/ -->\n<title>\u74e6\u5c14\u76ae\u8bfa\u7d22\uff08VALVINOSO\uff09 - Alfredo Santamar\u00eda - Bodegas y Vi\u00f1edos<\/title>\n<meta name=\"robots\" content=\"index, follow, max-snippet:-1, max-image-preview:large, max-video-preview:-1\" \/>\n<link rel=\"canonical\" href=\"https:\/\/bodega-santamaria.com\/zh-hant\/los-vinos\/valvinoso\/\" \/>\n<meta property=\"og:locale\" content=\"zh_TW\" \/>\n<meta property=\"og:type\" content=\"article\" \/>\n<meta property=\"og:title\" content=\"\u74e6\u5c14\u76ae\u8bfa\u7d22\uff08VALVINOSO\uff09 - Alfredo Santamar\u00eda - Bodegas y Vi\u00f1edos\" \/>\n<meta property=\"og:description\" content=\"[vc_row css=&#8221;.vc_custom_1572886902734{padding-top [...]\" \/>\n<meta property=\"og:url\" content=\"https:\/\/bodega-santamaria.com\/zh-hant\/los-vinos\/valvinoso\/\" \/>\n<meta property=\"og:site_name\" content=\"Alfredo Santamar\u00eda - Bodegas y Vi\u00f1edos\" \/>\n<meta property=\"article:modified_time\" content=\"2019-11-07T18:00:32+00:00\" \/>\n<meta name=\"twitter:card\" content=\"summary_large_image\" \/>\n<script type=\"application\/ld+json\" class=\"yoast-schema-graph\">{\"@context\":\"https:\\\/\\\/schema.org\",\"@graph\":[{\"@type\":\"WebPage\",\"@id\":\"https:\\\/\\\/bodega-santamaria.com\\\/zh-hant\\\/los-vinos\\\/valvinoso\\\/\",\"url\":\"https:\\\/\\\/bodega-santamaria.com\\\/zh-hant\\\/los-vinos\\\/valvinoso\\\/\",\"name\":\"\u74e6\u5c14\u76ae\u8bfa\u7d22\uff08VALVINOSO\uff09 - Alfredo Santamar\u00eda - Bodegas y Vi\u00f1edos\",\"isPartOf\":{\"@id\":\"https:\\\/\\\/bodega-santamaria.com\\\/#website\"},\"datePublished\":\"2019-11-04T17:07:02+00:00\",\"dateModified\":\"2019-11-07T18:00:32+00:00\",\"breadcrumb\":{\"@id\":\"https:\\\/\\\/bodega-santamaria.com\\\/zh-hant\\\/los-vinos\\\/valvinoso\\\/#breadcrumb\"},\"inLanguage\":\"zh-TW\",\"potentialAction\":[{\"@type\":\"ReadAction\",\"target\":[\"https:\\\/\\\/bodega-santamaria.com\\\/zh-hant\\\/los-vinos\\\/valvinoso\\\/\"]}]},{\"@type\":\"BreadcrumbList\",\"@id\":\"https:\\\/\\\/bodega-santamaria.com\\\/zh-hant\\\/los-vinos\\\/valvinoso\\\/#breadcrumb\",\"itemListElement\":[{\"@type\":\"ListItem\",\"position\":1,\"name\":\"Portada\",\"item\":\"https:\\\/\\\/bodega-santamaria.com\\\/zh-hant\\\/\"},{\"@type\":\"ListItem\",\"position\":2,\"name\":\"\u8461\u8404\u9152\",\"item\":\"https:\\\/\\\/bodega-santamaria.com\\\/zh-hant\\\/los-vinos\\\/\"},{\"@type\":\"ListItem\",\"position\":3,\"name\":\"\u74e6\u5c14\u76ae\u8bfa\u7d22\uff08VALVINOSO\uff09\"}]},{\"@type\":\"WebSite\",\"@id\":\"https:\\\/\\\/bodega-santamaria.com\\\/#website\",\"url\":\"https:\\\/\\\/bodega-santamaria.com\\\/\",\"name\":\"Alfredo Santamar\u00eda - Bodegas y Vi\u00f1edos\",\"description\":\"Denominaci\u00f3n de Origen Cigales\",\"potentialAction\":[{\"@type\":\"SearchAction\",\"target\":{\"@type\":\"EntryPoint\",\"urlTemplate\":\"https:\\\/\\\/bodega-santamaria.com\\\/?s={search_term_string}\"},\"query-input\":{\"@type\":\"PropertyValueSpecification\",\"valueRequired\":true,\"valueName\":\"search_term_string\"}}],\"inLanguage\":\"zh-TW\"}]}<\/script>\n<!-- \/ Yoast SEO plugin. -->","yoast_head_json":{"title":"\u74e6\u5c14\u76ae\u8bfa\u7d22\uff08VALVINOSO\uff09 - Alfredo Santamar\u00eda - Bodegas y Vi\u00f1edos","robots":{"index":"index","follow":"follow","max-snippet":"max-snippet:-1","max-image-preview":"max-image-preview:large","max-video-preview":"max-video-preview:-1"},"canonical":"https:\/\/bodega-santamaria.com\/zh-hant\/los-vinos\/valvinoso\/","og_locale":"zh_TW","og_type":"article","og_title":"\u74e6\u5c14\u76ae\u8bfa\u7d22\uff08VALVINOSO\uff09 - Alfredo Santamar\u00eda - Bodegas y Vi\u00f1edos","og_description":"[vc_row css=&#8221;.vc_custom_1572886902734{padding-top [...]","og_url":"https:\/\/bodega-santamaria.com\/zh-hant\/los-vinos\/valvinoso\/","og_site_name":"Alfredo Santamar\u00eda - Bodegas y Vi\u00f1edos","article_modified_time":"2019-11-07T18:00:32+00:00","twitter_card":"summary_large_image","schema":{"@context":"https:\/\/schema.org","@graph":[{"@type":"WebPage","@id":"https:\/\/bodega-santamaria.com\/zh-hant\/los-vinos\/valvinoso\/","url":"https:\/\/bodega-santamaria.com\/zh-hant\/los-vinos\/valvinoso\/","name":"\u74e6\u5c14\u76ae\u8bfa\u7d22\uff08VALVINOSO\uff09 - Alfredo Santamar\u00eda - Bodegas y Vi\u00f1edos","isPartOf":{"@id":"https:\/\/bodega-santamaria.com\/#website"},"datePublished":"2019-11-04T17:07:02+00:00","dateModified":"2019-11-07T18:00:32+00:00","breadcrumb":{"@id":"https:\/\/bodega-santamaria.com\/zh-hant\/los-vinos\/valvinoso\/#breadcrumb"},"inLanguage":"zh-TW","potentialAction":[{"@type":"ReadAction","target":["https:\/\/bodega-santamaria.com\/zh-hant\/los-vinos\/valvinoso\/"]}]},{"@type":"BreadcrumbList","@id":"https:\/\/bodega-santamaria.com\/zh-hant\/los-vinos\/valvinoso\/#breadcrumb","itemListElement":[{"@type":"ListItem","position":1,"name":"Portada","item":"https:\/\/bodega-santamaria.com\/zh-hant\/"},{"@type":"ListItem","position":2,"name":"\u8461\u8404\u9152","item":"https:\/\/bodega-santamaria.com\/zh-hant\/los-vinos\/"},{"@type":"ListItem","position":3,"name":"\u74e6\u5c14\u76ae\u8bfa\u7d22\uff08VALVINOSO\uff09"}]},{"@type":"WebSite","@id":"https:\/\/bodega-santamaria.com\/#website","url":"https:\/\/bodega-santamaria.com\/","name":"Alfredo Santamar\u00eda - Bodegas y Vi\u00f1edos","description":"Denominaci\u00f3n de Origen Cigales","potentialAction":[{"@type":"SearchAction","target":{"@type":"EntryPoint","urlTemplate":"https:\/\/bodega-santamaria.com\/?s={search_term_string}"},"query-input":{"@type":"PropertyValueSpecification","valueRequired":true,"valueName":"search_term_string"}}],"inLanguage":"zh-TW"}]}},"_links":{"self":[{"href":"https:\/\/bodega-santamaria.com\/zh-hant\/wp-json\/wp\/v2\/pages\/465","targetHints":{"allow":["GET"]}}],"collection":[{"href":"https:\/\/bodega-santamaria.com\/zh-hant\/wp-json\/wp\/v2\/pages"}],"about":[{"href":"https:\/\/bodega-santamaria.com\/zh-hant\/wp-json\/wp\/v2\/types\/page"}],"author":[{"embeddable":true,"href":"https:\/\/bodega-santamaria.com\/zh-hant\/wp-json\/wp\/v2\/users\/1"}],"replies":[{"embeddable":true,"href":"https:\/\/bodega-santamaria.com\/zh-hant\/wp-json\/wp\/v2\/comments?post=465"}],"version-history":[{"count":3,"href":"https:\/\/bodega-santamaria.com\/zh-hant\/wp-json\/wp\/v2\/pages\/465\/revisions"}],"predecessor-version":[{"id":538,"href":"https:\/\/bodega-santamaria.com\/zh-hant\/wp-json\/wp\/v2\/pages\/465\/revisions\/538"}],"up":[{"embeddable":true,"href":"https:\/\/bodega-santamaria.com\/zh-hant\/wp-json\/wp\/v2\/pages\/461"}],"wp:attachment":[{"href":"https:\/\/bodega-santamaria.com\/zh-hant\/wp-json\/wp\/v2\/media?parent=465"}],"curies":[{"name":"wp","href":"https:\/\/api.w.org\/{rel}","templated":true}]}}