
{"id":461,"date":"2019-11-04T18:00:14","date_gmt":"2019-11-04T17:00:14","guid":{"rendered":"http:\/\/bodega-santamaria.com\/los-vinos\/"},"modified":"2019-11-07T18:59:42","modified_gmt":"2019-11-07T17:59:42","slug":"los-vinos","status":"publish","type":"page","link":"https:\/\/bodega-santamaria.com\/zh-hant\/los-vinos\/","title":{"rendered":"\u8461\u8404\u9152"},"content":{"rendered":"[vc_row css=&#8221;.vc_custom_1572888480654{margin-top: 50px !important;}&#8221;][vc_column][vc_column_text]\n<h1 style=\"font-size: 40px;\">\u8461\u8404\u9152<\/h1>\n[\/vc_column_text][vc_separator][\/vc_column][\/vc_row][vc_row][vc_column width=&#8221;1\/2&#8243;][vc_row_inner][vc_column_inner width=&#8221;1\/2&#8243;][vc_single_image image=&#8221;87&#8243; img_size=&#8221;medium&#8221; alignment=&#8221;center&#8221; css_animation=&#8221;fadeIn&#8221;][\/vc_column_inner][vc_column_inner width=&#8221;1\/2&#8243;][vc_column_text]\n<h1 style=\"text-align: center;\">\u74e6\u5c14\u76ae\u8bfa\u7d22\uff08VALVINOSO\uff09<\/h1>\n<ul>\n<li>\u539f\u4ea7\uff1a\u897f\u73ed\u7259<\/li>\n<li>\u6cd5\u5b9a\u4ea7\u533a\uff1a\u897f\u52a0\u96f7\u65af<\/li>\n<li>\u7b49\u7ea7\uff1a\u6843\u7ea2\u5e74\u8f7b<\/li>\n<li>\u54c1\u79cd\uff1a80%\u5929\u5e15\u5c3c\u6d1b\uff0c10%\u5f17\u5fb7\u4e54\u4ee5\u53ca10%\u963f\u6bd4\u6d1b\u3002<\/li>\n<\/ul>\n[\/vc_column_text][vc_btn title=&#8221;\u66f4\u591a\u8cc7\u8a0a&#8221; style=&#8221;outline&#8221; color=&#8221;black&#8221; align=&#8221;center&#8221; i_icon_fontawesome=&#8221;fa fa-info-circle&#8221; button_block=&#8221;true&#8221; add_icon=&#8221;true&#8221; link=&#8221;url:%2Fzh-hant%2Flos-vinos%2Fvalvinoso%2F|title:VALVINOSO||&#8221;][\/vc_column_inner][\/vc_row_inner][vc_separator][\/vc_column][vc_column width=&#8221;1\/2&#8243;][vc_row_inner][vc_column_inner width=&#8221;1\/2&#8243;][vc_single_image image=&#8221;99&#8243; img_size=&#8221;medium&#8221; alignment=&#8221;center&#8221; css_animation=&#8221;fadeIn&#8221;][\/vc_column_inner][vc_column_inner width=&#8221;1\/2&#8243;][vc_column_text]\n<h1 style=\"text-align: center;\">\u7279\u62c9\u5361\u8428\u65af\uff08TRASCASAS\uff09<\/h1>\n<ul>\n<li>\u539f\u4ea7\uff1a\u897f\u73ed\u7259<\/li>\n<li>\u6cd5\u5b9a\u4ea7\u533a\uff1a\u897f\u52a0\u96f7\u65af<\/li>\n<li>\u7b49\u7ea7\uff1a\u9648\u917f\u8461\u8404\u9152<\/li>\n<li>\u54c1\u79cd\uff1a100%\u5929\u5e15\u5c3c\u6d1b<\/li>\n<\/ul>\n[\/vc_column_text][vc_btn title=&#8221;\u66f4\u591a\u8cc7\u8a0a&#8221; style=&#8221;outline&#8221; color=&#8221;black&#8221; align=&#8221;center&#8221; i_icon_fontawesome=&#8221;fa fa-info-circle&#8221; button_block=&#8221;true&#8221; add_icon=&#8221;true&#8221; link=&#8221;url:%2Fzh-hant%2Flos-vinos%2Ftrascasas%2F|title:VALVINOSO||&#8221;][\/vc_column_inner][\/vc_row_inner][vc_separator][\/vc_column][\/vc_row][vc_row][vc_column width=&#8221;1\/2&#8243;][vc_row_inner][vc_column_inner width=&#8221;1\/2&#8243;][vc_single_image image=&#8221;105&#8243; img_size=&#8221;medium&#8221; alignment=&#8221;center&#8221; css_animation=&#8221;fadeIn&#8221;][\/vc_column_inner][vc_column_inner width=&#8221;1\/2&#8243;][vc_column_text]\n<h1 style=\"text-align: center;\">\u5e15\u683c\u00b7\u54e5\u5c14\u591a\u5c3c\u7f57<\/h1>\n<ul>\n<li>\u539f\u4ea7\uff1a\u897f\u73ed\u7259<\/li>\n<li>\u6cd5\u5b9a\u4ea7\u533a\uff1a\u897f\u52a0\u96f7\u65af<\/li>\n<li>\u7b49\u7ea7\uff1a\u5e74\u8f7b\u6843\u7ea2<\/li>\n<li>\u54c1\u79cd\uff1a\u5929\u5e15\u5c3c\u6d1b\u3001\u5f17\u5fb7\u4e54\u548c\u963f\u6bd4\u6d1b\u3002<\/li>\n<\/ul>\n[\/vc_column_text][vc_btn title=&#8221;\u66f4\u591a\u8cc7\u8a0a&#8221; style=&#8221;outline&#8221; color=&#8221;black&#8221; align=&#8221;center&#8221; i_icon_fontawesome=&#8221;fa fa-info-circle&#8221; button_block=&#8221;true&#8221; add_icon=&#8221;true&#8221; link=&#8221;url:%2Fzh-hant%2Flos-vinos%2Fpago-el-cordonero%2F|title:VALVINOSO||&#8221;][\/vc_column_inner][\/vc_row_inner][vc_separator][\/vc_column][vc_column width=&#8221;1\/2&#8243;][vc_row_inner][vc_column_inner width=&#8221;1\/2&#8243;][vc_single_image image=&#8221;108&#8243; img_size=&#8221;medium&#8221; alignment=&#8221;center&#8221; css_animation=&#8221;fadeIn&#8221;][\/vc_column_inner][vc_column_inner width=&#8221;1\/2&#8243;][vc_column_text]\n<h1 style=\"text-align: center;\">\u201c\u963f\u5c14\u5f17\u83b1\u5fb7\u00b7\u5723\u5854\u9a6c\u5229\u4e9a\u201d\u4f73\u917f<\/h1>\n<ul>\n<li>\u539f\u4ea7\uff1a\u897f\u73ed\u7259<\/li>\n<li>\u6cd5\u5b9a\u4ea7\u533a\uff1a\u897f\u52a0\u96f7\u65af<\/li>\n<li>\u7b49\u7ea7\uff1a\u9648\u917f\u8461\u8404\u9152<\/li>\n<li>\u54c1\u79cd\uff1a100%\u5929\u5e15\u5c3c\u6d1b<\/li>\n<\/ul>\n[\/vc_column_text][vc_btn title=&#8221;\u66f4\u591a\u8cc7\u8a0a&#8221; style=&#8221;outline&#8221; color=&#8221;black&#8221; align=&#8221;center&#8221; i_icon_fontawesome=&#8221;fa fa-info-circle&#8221; button_block=&#8221;true&#8221; add_icon=&#8221;true&#8221; link=&#8221;url:%2Fzh-hant%2Flos-vinos%2Falfredo-santamaria%2F|title:VALVINOSO||&#8221;][\/vc_column_inner][\/vc_row_inner][vc_separator][\/vc_column][\/vc_row]\n","protected":false},"excerpt":{"rendered":"[vc_row css=&#8221;.vc_custom_1572888480654{margin-top: [&#8230;]\n","protected":false},"author":1,"featured_media":0,"parent":0,"menu_order":0,"comment_status":"closed","ping_status":"closed","template":"","meta":{"footnotes":""},"class_list":["post-461","page","type-page","status-publish","hentry"],"yoast_head":"<!-- This site is optimized with the Yoast SEO plugin v27.5 - https:\/\/yoast.com\/product\/yoast-seo-wordpress\/ -->\n<title>\u8461\u8404\u9152 - Alfredo Santamar\u00eda - Bodegas y Vi\u00f1edos<\/title>\n<meta name=\"robots\" content=\"index, follow, max-snippet:-1, max-image-preview:large, max-video-preview:-1\" \/>\n<link rel=\"canonical\" href=\"https:\/\/bodega-santamaria.com\/zh-hant\/los-vinos\/\" \/>\n<meta property=\"og:locale\" content=\"zh_TW\" \/>\n<meta property=\"og:type\" content=\"article\" \/>\n<meta property=\"og:title\" content=\"\u8461\u8404\u9152 - Alfredo Santamar\u00eda - Bodegas y Vi\u00f1edos\" \/>\n<meta property=\"og:description\" content=\"[vc_row css=&#8221;.vc_custom_1572888480654{margin-top: [...]\" \/>\n<meta property=\"og:url\" content=\"https:\/\/bodega-santamaria.com\/zh-hant\/los-vinos\/\" \/>\n<meta property=\"og:site_name\" content=\"Alfredo Santamar\u00eda - Bodegas y Vi\u00f1edos\" \/>\n<meta property=\"article:modified_time\" content=\"2019-11-07T17:59:42+00:00\" \/>\n<meta name=\"twitter:card\" content=\"summary_large_image\" \/>\n<meta name=\"twitter:label1\" content=\"\u9810\u4f30\u95b1\u8b80\u6642\u9593\" \/>\n\t<meta name=\"twitter:data1\" content=\"2 \u5206\u9418\" \/>\n<script type=\"application\/ld+json\" class=\"yoast-schema-graph\">{\"@context\":\"https:\\\/\\\/schema.org\",\"@graph\":[{\"@type\":\"WebPage\",\"@id\":\"https:\\\/\\\/bodega-santamaria.com\\\/zh-hant\\\/los-vinos\\\/\",\"url\":\"https:\\\/\\\/bodega-santamaria.com\\\/zh-hant\\\/los-vinos\\\/\",\"name\":\"\u8461\u8404\u9152 - Alfredo Santamar\u00eda - Bodegas y Vi\u00f1edos\",\"isPartOf\":{\"@id\":\"https:\\\/\\\/bodega-santamaria.com\\\/#website\"},\"datePublished\":\"2019-11-04T17:00:14+00:00\",\"dateModified\":\"2019-11-07T17:59:42+00:00\",\"breadcrumb\":{\"@id\":\"https:\\\/\\\/bodega-santamaria.com\\\/zh-hant\\\/los-vinos\\\/#breadcrumb\"},\"inLanguage\":\"zh-TW\",\"potentialAction\":[{\"@type\":\"ReadAction\",\"target\":[\"https:\\\/\\\/bodega-santamaria.com\\\/zh-hant\\\/los-vinos\\\/\"]}]},{\"@type\":\"BreadcrumbList\",\"@id\":\"https:\\\/\\\/bodega-santamaria.com\\\/zh-hant\\\/los-vinos\\\/#breadcrumb\",\"itemListElement\":[{\"@type\":\"ListItem\",\"position\":1,\"name\":\"Portada\",\"item\":\"https:\\\/\\\/bodega-santamaria.com\\\/zh-hant\\\/\"},{\"@type\":\"ListItem\",\"position\":2,\"name\":\"\u8461\u8404\u9152\"}]},{\"@type\":\"WebSite\",\"@id\":\"https:\\\/\\\/bodega-santamaria.com\\\/#website\",\"url\":\"https:\\\/\\\/bodega-santamaria.com\\\/\",\"name\":\"Alfredo Santamar\u00eda - Bodegas y Vi\u00f1edos\",\"description\":\"Denominaci\u00f3n de Origen Cigales\",\"potentialAction\":[{\"@type\":\"SearchAction\",\"target\":{\"@type\":\"EntryPoint\",\"urlTemplate\":\"https:\\\/\\\/bodega-santamaria.com\\\/?s={search_term_string}\"},\"query-input\":{\"@type\":\"PropertyValueSpecification\",\"valueRequired\":true,\"valueName\":\"search_term_string\"}}],\"inLanguage\":\"zh-TW\"}]}<\/script>\n<!-- \/ Yoast SEO plugin. -->","yoast_head_json":{"title":"\u8461\u8404\u9152 - Alfredo Santamar\u00eda - Bodegas y Vi\u00f1edos","robots":{"index":"index","follow":"follow","max-snippet":"max-snippet:-1","max-image-preview":"max-image-preview:large","max-video-preview":"max-video-preview:-1"},"canonical":"https:\/\/bodega-santamaria.com\/zh-hant\/los-vinos\/","og_locale":"zh_TW","og_type":"article","og_title":"\u8461\u8404\u9152 - Alfredo Santamar\u00eda - Bodegas y Vi\u00f1edos","og_description":"[vc_row css=&#8221;.vc_custom_1572888480654{margin-top: [...]","og_url":"https:\/\/bodega-santamaria.com\/zh-hant\/los-vinos\/","og_site_name":"Alfredo Santamar\u00eda - Bodegas y Vi\u00f1edos","article_modified_time":"2019-11-07T17:59:42+00:00","twitter_card":"summary_large_image","twitter_misc":{"\u9810\u4f30\u95b1\u8b80\u6642\u9593":"2 \u5206\u9418"},"schema":{"@context":"https:\/\/schema.org","@graph":[{"@type":"WebPage","@id":"https:\/\/bodega-santamaria.com\/zh-hant\/los-vinos\/","url":"https:\/\/bodega-santamaria.com\/zh-hant\/los-vinos\/","name":"\u8461\u8404\u9152 - Alfredo Santamar\u00eda - Bodegas y Vi\u00f1edos","isPartOf":{"@id":"https:\/\/bodega-santamaria.com\/#website"},"datePublished":"2019-11-04T17:00:14+00:00","dateModified":"2019-11-07T17:59:42+00:00","breadcrumb":{"@id":"https:\/\/bodega-santamaria.com\/zh-hant\/los-vinos\/#breadcrumb"},"inLanguage":"zh-TW","potentialAction":[{"@type":"ReadAction","target":["https:\/\/bodega-santamaria.com\/zh-hant\/los-vinos\/"]}]},{"@type":"BreadcrumbList","@id":"https:\/\/bodega-santamaria.com\/zh-hant\/los-vinos\/#breadcrumb","itemListElement":[{"@type":"ListItem","position":1,"name":"Portada","item":"https:\/\/bodega-santamaria.com\/zh-hant\/"},{"@type":"ListItem","position":2,"name":"\u8461\u8404\u9152"}]},{"@type":"WebSite","@id":"https:\/\/bodega-santamaria.com\/#website","url":"https:\/\/bodega-santamaria.com\/","name":"Alfredo Santamar\u00eda - Bodegas y Vi\u00f1edos","description":"Denominaci\u00f3n de Origen Cigales","potentialAction":[{"@type":"SearchAction","target":{"@type":"EntryPoint","urlTemplate":"https:\/\/bodega-santamaria.com\/?s={search_term_string}"},"query-input":{"@type":"PropertyValueSpecification","valueRequired":true,"valueName":"search_term_string"}}],"inLanguage":"zh-TW"}]}},"_links":{"self":[{"href":"https:\/\/bodega-santamaria.com\/zh-hant\/wp-json\/wp\/v2\/pages\/461","targetHints":{"allow":["GET"]}}],"collection":[{"href":"https:\/\/bodega-santamaria.com\/zh-hant\/wp-json\/wp\/v2\/pages"}],"about":[{"href":"https:\/\/bodega-santamaria.com\/zh-hant\/wp-json\/wp\/v2\/types\/page"}],"author":[{"embeddable":true,"href":"https:\/\/bodega-santamaria.com\/zh-hant\/wp-json\/wp\/v2\/users\/1"}],"replies":[{"embeddable":true,"href":"https:\/\/bodega-santamaria.com\/zh-hant\/wp-json\/wp\/v2\/comments?post=461"}],"version-history":[{"count":4,"href":"https:\/\/bodega-santamaria.com\/zh-hant\/wp-json\/wp\/v2\/pages\/461\/revisions"}],"predecessor-version":[{"id":534,"href":"https:\/\/bodega-santamaria.com\/zh-hant\/wp-json\/wp\/v2\/pages\/461\/revisions\/534"}],"wp:attachment":[{"href":"https:\/\/bodega-santamaria.com\/zh-hant\/wp-json\/wp\/v2\/media?parent=461"}],"curies":[{"name":"wp","href":"https:\/\/api.w.org\/{rel}","templated":true}]}}