
{"id":453,"date":"2019-11-04T17:49:57","date_gmt":"2019-11-04T16:49:57","guid":{"rendered":"http:\/\/bodega-santamaria.com\/el-vinedo\/"},"modified":"2019-11-07T16:35:46","modified_gmt":"2019-11-07T15:35:46","slug":"el-vinedo","status":"publish","type":"page","link":"https:\/\/bodega-santamaria.com\/zh-hant\/el-vinedo\/","title":{"rendered":"\u8461\u8404\u56ed"},"content":{"rendered":"[vc_row][vc_column][vc_separator color=&#8221;white&#8221; css=&#8221;.vc_custom_1572884611928{padding-top: 10px !important;padding-bottom: 10px !important;}&#8221;][vc_column_text]\n<h1 style=\"font-size: 40px;\">\u8461\u8404\u56ed<\/h1>\n<div class=\"tm-article-content\">\n<blockquote>\n<p align=\"JUSTIFY\">\u8fd9\u662f\u88ab\u6211\u4eec\u89c6\u4e3a\u73cd\u5b9d\u7684\u90e8\u5206\uff0c\u662f\u6211\u4eec\u4e00\u5e74\u4e2d\u82b1\u8d39\u6700\u591a\u65f6\u95f4\u7684\u5730\u65b9\uff0c\u800c\u6240\u6709\u7684\u7cbe\u529b\u90fd\u53ea\u5316\u4e3a\u7cbe\u5fc3\u7167\u6599\u3002<\/p>\n<\/blockquote>\n<\/div>\n[\/vc_column_text][vc_single_image image=&#8221;50&#8243; img_size=&#8221;full&#8221; alignment=&#8221;center&#8221; css_animation=&#8221;fadeIn&#8221;][vc_column_text]<span lang=\"zh-CN\">\u6211\u4eec\u7684\u8461\u8404\u85e4\u6309\u79cd\u7c7b\u6765\u5206\uff1a<\/span><\/p>\n<h3 align=\"JUSTIFY; margin-top: 0.49cm; margin-bottom: 0.49cm; line-height: 100%;\"><span lang=\"zh-CN\"><strong>\u7ea2\u8461\u8404<\/strong><\/span><\/h3>\n<p><span lang=\"zh-CN\"><strong>\u5929\u5e15\u5c3c\u6d1b\u6216\u79f0\u4e3a\u56fd\u5bb6\u7ea2\uff08<\/strong><\/span><strong>Tempranillo o Tinta del Pa\u00eds<\/strong><span lang=\"zh-CN\"><strong>\uff09<\/strong><\/span><span lang=\"zh-CN\">\uff1a\u8fd9\u662f\u6211\u4eec\u897f\u52a0\u96f7\u65af\u6cd5\u5b9a\u4ea7\u533a\u6700\u591a\u7684\u54c1\u79cd\uff0c\u975e\u5e38\u9002\u5408\u6211\u4eec\u7684\u8461\u8404\u56ed\uff0c\u6709\u5c06\u8fd1<\/span>85%<span lang=\"zh-CN\">\u4e3a\u6b64\u79cd\u7c7b\u3002\u4ee5\u5176\u9999\u6c14\u7684\u6f5c\u529b\u3001\u4e30\u5bcc\u7684\u69a8\u6c41\u53ca\u6709\u529b\u7684\u7d2b\u6d46\u8272\u800c\u95fb\u540d\u3002<\/span><\/p>\n<p><span lang=\"zh-CN\"><strong>\u6885\u6d1b\uff08<\/strong><\/span><strong>Merlot<\/strong><span lang=\"zh-CN\"><strong>\uff09<\/strong><\/span><span lang=\"zh-CN\">\uff1a\u6e90\u4e8e\u6ce2\u5c14\u591a\uff0c\u719f\u6210\u8868\u73b0\u6781\u4f73\uff0c\u53ea\u5360\u6211\u4eec\u8461\u8404\u56ed\u7684<\/span>3%<span lang=\"zh-CN\">\uff0c\u6211\u4eec\u53ea\u89c6\u4e3a\u8bd5\u9a8c\u54c1\u79cd\u3002<\/span><\/p>\n<h3 align=\"JUSTIFY; margin-top: 0.49cm; margin-bottom: 0.49cm; line-height: 100%;\"><span lang=\"zh-CN\"><strong>\u767d\u8461\u8404<\/strong><\/span><\/h3>\n<p><span lang=\"zh-CN\"><strong>\u5f17\u5fb7\u4e54\uff08<\/strong><\/span><strong>Verdejo<\/strong><span lang=\"zh-CN\"><strong>\uff09<\/strong><\/span><span lang=\"zh-CN\">\uff1a\u5c11\u91cf\u79cd\u690d\uff0c\u53ea\u5360\u8461\u8404\u56ed\u7684<\/span>5%<span lang=\"zh-CN\">\uff0c\u4e3b\u8981\u7528\u4e8e\u6843\u7ea2\u8461\u8404\u9152\u6df7\u917f\uff0c\u4ee5\u5176\u9999\u6c14\u7684\u6f5c\u529b\u548c\u660e\u4eae\u7684\u989c\u8272\u95fb\u540d\u3002<\/span><\/p>\n<p><span lang=\"zh-CN\"><strong>\u963f\u6bd4\u6d1b\uff08<\/strong><\/span><strong>Albillo<\/strong><span lang=\"zh-CN\"><strong>\uff09<\/strong><\/span><span lang=\"zh-CN\">\uff1a\u7528\u4e8e\u917f\u5236\u6843\u7ea2\u8461\u8404\u9152\uff0c\u80fd\u69a8\u51fa\u7cd6\u5ea6\u6781\u9ad8\u5e76\u6781\u5bcc\u9999\u6c14\u7684\u8461\u8404\u539f\u6c41\uff0c\u5f88\u5927\u7a0b\u5ea6\u4e0a\u7ec6\u817b\u4e86\u6211\u4eec\u7684\u8461\u8404\u9152\u3002\u5360\u8461\u8404\u56ed\u7684<\/span>5%<span lang=\"zh-CN\">\u3002<\/span>[\/vc_column_text][\/vc_column][\/vc_row]\n","protected":false},"excerpt":{"rendered":"[vc_row][vc_column][vc_separator color=&#8221;white&#038;#82 [&#8230;]\n","protected":false},"author":1,"featured_media":0,"parent":0,"menu_order":0,"comment_status":"closed","ping_status":"closed","template":"","meta":{"footnotes":""},"class_list":["post-453","page","type-page","status-publish","hentry"],"yoast_head":"<!-- This site is optimized with the Yoast SEO plugin v27.4 - https:\/\/yoast.com\/product\/yoast-seo-wordpress\/ -->\n<title>\u8461\u8404\u56ed - Alfredo Santamar\u00eda - Bodegas y Vi\u00f1edos<\/title>\n<meta name=\"robots\" content=\"index, follow, max-snippet:-1, max-image-preview:large, max-video-preview:-1\" \/>\n<link rel=\"canonical\" href=\"https:\/\/bodega-santamaria.com\/zh-hant\/el-vinedo\/\" \/>\n<meta property=\"og:locale\" content=\"zh_TW\" \/>\n<meta property=\"og:type\" content=\"article\" \/>\n<meta property=\"og:title\" content=\"\u8461\u8404\u56ed - Alfredo Santamar\u00eda - Bodegas y Vi\u00f1edos\" \/>\n<meta property=\"og:description\" content=\"[vc_row][vc_column][vc_separator color=&#8221;white&amp;#82 [...]\" \/>\n<meta property=\"og:url\" content=\"https:\/\/bodega-santamaria.com\/zh-hant\/el-vinedo\/\" \/>\n<meta property=\"og:site_name\" content=\"Alfredo Santamar\u00eda - Bodegas y Vi\u00f1edos\" \/>\n<meta property=\"article:modified_time\" content=\"2019-11-07T15:35:46+00:00\" \/>\n<meta name=\"twitter:card\" content=\"summary_large_image\" \/>\n<script type=\"application\/ld+json\" class=\"yoast-schema-graph\">{\"@context\":\"https:\\\/\\\/schema.org\",\"@graph\":[{\"@type\":\"WebPage\",\"@id\":\"https:\\\/\\\/bodega-santamaria.com\\\/zh-hant\\\/el-vinedo\\\/\",\"url\":\"https:\\\/\\\/bodega-santamaria.com\\\/zh-hant\\\/el-vinedo\\\/\",\"name\":\"\u8461\u8404\u56ed - Alfredo Santamar\u00eda - Bodegas y Vi\u00f1edos\",\"isPartOf\":{\"@id\":\"https:\\\/\\\/bodega-santamaria.com\\\/#website\"},\"datePublished\":\"2019-11-04T16:49:57+00:00\",\"dateModified\":\"2019-11-07T15:35:46+00:00\",\"breadcrumb\":{\"@id\":\"https:\\\/\\\/bodega-santamaria.com\\\/zh-hant\\\/el-vinedo\\\/#breadcrumb\"},\"inLanguage\":\"zh-TW\",\"potentialAction\":[{\"@type\":\"ReadAction\",\"target\":[\"https:\\\/\\\/bodega-santamaria.com\\\/zh-hant\\\/el-vinedo\\\/\"]}]},{\"@type\":\"BreadcrumbList\",\"@id\":\"https:\\\/\\\/bodega-santamaria.com\\\/zh-hant\\\/el-vinedo\\\/#breadcrumb\",\"itemListElement\":[{\"@type\":\"ListItem\",\"position\":1,\"name\":\"Portada\",\"item\":\"https:\\\/\\\/bodega-santamaria.com\\\/zh-hant\\\/\"},{\"@type\":\"ListItem\",\"position\":2,\"name\":\"\u8461\u8404\u56ed\"}]},{\"@type\":\"WebSite\",\"@id\":\"https:\\\/\\\/bodega-santamaria.com\\\/#website\",\"url\":\"https:\\\/\\\/bodega-santamaria.com\\\/\",\"name\":\"Alfredo Santamar\u00eda - Bodegas y Vi\u00f1edos\",\"description\":\"Denominaci\u00f3n de Origen Cigales\",\"potentialAction\":[{\"@type\":\"SearchAction\",\"target\":{\"@type\":\"EntryPoint\",\"urlTemplate\":\"https:\\\/\\\/bodega-santamaria.com\\\/?s={search_term_string}\"},\"query-input\":{\"@type\":\"PropertyValueSpecification\",\"valueRequired\":true,\"valueName\":\"search_term_string\"}}],\"inLanguage\":\"zh-TW\"}]}<\/script>\n<!-- \/ Yoast SEO plugin. -->","yoast_head_json":{"title":"\u8461\u8404\u56ed - Alfredo Santamar\u00eda - Bodegas y Vi\u00f1edos","robots":{"index":"index","follow":"follow","max-snippet":"max-snippet:-1","max-image-preview":"max-image-preview:large","max-video-preview":"max-video-preview:-1"},"canonical":"https:\/\/bodega-santamaria.com\/zh-hant\/el-vinedo\/","og_locale":"zh_TW","og_type":"article","og_title":"\u8461\u8404\u56ed - Alfredo Santamar\u00eda - Bodegas y Vi\u00f1edos","og_description":"[vc_row][vc_column][vc_separator color=&#8221;white&#82 [...]","og_url":"https:\/\/bodega-santamaria.com\/zh-hant\/el-vinedo\/","og_site_name":"Alfredo Santamar\u00eda - Bodegas y Vi\u00f1edos","article_modified_time":"2019-11-07T15:35:46+00:00","twitter_card":"summary_large_image","schema":{"@context":"https:\/\/schema.org","@graph":[{"@type":"WebPage","@id":"https:\/\/bodega-santamaria.com\/zh-hant\/el-vinedo\/","url":"https:\/\/bodega-santamaria.com\/zh-hant\/el-vinedo\/","name":"\u8461\u8404\u56ed - Alfredo Santamar\u00eda - Bodegas y Vi\u00f1edos","isPartOf":{"@id":"https:\/\/bodega-santamaria.com\/#website"},"datePublished":"2019-11-04T16:49:57+00:00","dateModified":"2019-11-07T15:35:46+00:00","breadcrumb":{"@id":"https:\/\/bodega-santamaria.com\/zh-hant\/el-vinedo\/#breadcrumb"},"inLanguage":"zh-TW","potentialAction":[{"@type":"ReadAction","target":["https:\/\/bodega-santamaria.com\/zh-hant\/el-vinedo\/"]}]},{"@type":"BreadcrumbList","@id":"https:\/\/bodega-santamaria.com\/zh-hant\/el-vinedo\/#breadcrumb","itemListElement":[{"@type":"ListItem","position":1,"name":"Portada","item":"https:\/\/bodega-santamaria.com\/zh-hant\/"},{"@type":"ListItem","position":2,"name":"\u8461\u8404\u56ed"}]},{"@type":"WebSite","@id":"https:\/\/bodega-santamaria.com\/#website","url":"https:\/\/bodega-santamaria.com\/","name":"Alfredo Santamar\u00eda - Bodegas y Vi\u00f1edos","description":"Denominaci\u00f3n de Origen Cigales","potentialAction":[{"@type":"SearchAction","target":{"@type":"EntryPoint","urlTemplate":"https:\/\/bodega-santamaria.com\/?s={search_term_string}"},"query-input":{"@type":"PropertyValueSpecification","valueRequired":true,"valueName":"search_term_string"}}],"inLanguage":"zh-TW"}]}},"_links":{"self":[{"href":"https:\/\/bodega-santamaria.com\/zh-hant\/wp-json\/wp\/v2\/pages\/453","targetHints":{"allow":["GET"]}}],"collection":[{"href":"https:\/\/bodega-santamaria.com\/zh-hant\/wp-json\/wp\/v2\/pages"}],"about":[{"href":"https:\/\/bodega-santamaria.com\/zh-hant\/wp-json\/wp\/v2\/types\/page"}],"author":[{"embeddable":true,"href":"https:\/\/bodega-santamaria.com\/zh-hant\/wp-json\/wp\/v2\/users\/1"}],"replies":[{"embeddable":true,"href":"https:\/\/bodega-santamaria.com\/zh-hant\/wp-json\/wp\/v2\/comments?post=453"}],"version-history":[{"count":2,"href":"https:\/\/bodega-santamaria.com\/zh-hant\/wp-json\/wp\/v2\/pages\/453\/revisions"}],"predecessor-version":[{"id":455,"href":"https:\/\/bodega-santamaria.com\/zh-hant\/wp-json\/wp\/v2\/pages\/453\/revisions\/455"}],"wp:attachment":[{"href":"https:\/\/bodega-santamaria.com\/zh-hant\/wp-json\/wp\/v2\/media?parent=453"}],"curies":[{"name":"wp","href":"https:\/\/api.w.org\/{rel}","templated":true}]}}