
{"id":450,"date":"2019-11-04T17:45:38","date_gmt":"2019-11-04T16:45:38","guid":{"rendered":"http:\/\/bodega-santamaria.com\/home\/"},"modified":"2022-02-15T18:56:55","modified_gmt":"2022-02-15T17:56:55","slug":"home","status":"publish","type":"page","link":"https:\/\/bodega-santamaria.com\/zh-hant\/","title":{"rendered":"Home"},"content":{"rendered":"<div class=\"slider-wrapper relative\" id=\"slider-1987420329\" >\n    <div class=\"slider slider-nav-circle slider-nav-large slider-nav-light slider-style-normal\"\n        data-flickity-options='{\n            \"cellAlign\": \"center\",\n            \"imagesLoaded\": true,\n            \"lazyLoad\": 1,\n            \"freeScroll\": false,\n            \"wrapAround\": true,\n            \"autoPlay\": 6000,\n            \"pauseAutoPlayOnHover\" : true,\n            \"prevNextButtons\": false,\n            \"contain\" : true,\n            \"adaptiveHeight\" : true,\n            \"dragThreshold\" : 10,\n            \"percentPosition\": true,\n            \"pageDots\": false,\n            \"rightToLeft\": false,\n            \"draggable\": false,\n            \"selectedAttraction\": 0.1,\n            \"parallax\" : 0,\n            \"friction\": 0.6        }'\n        >\n        \n\n  <div class=\"banner has-hover has-video is-full-height\" id=\"banner-1620158988\">\n          <div class=\"banner-inner fill\">\n        <div class=\"banner-bg fill\" >\n            <div class=\"bg fill bg-fill \"><\/div>\n            \t<div class=\"video-overlay no-click fill visible\"><\/div>\n\t<video class=\"video-bg fill visible\" preload playsinline autoplay\n\t\tmuted\t\tloop>\n\t\t<source src=\"https:\/\/bodega-santamaria.com\/wp-content\/uploads\/2021\/03\/anuncio.mp4\" type=\"video\/mp4\">\t<\/video>\n                        \n                    <\/div>\n\t\t\n        <div class=\"banner-layers container\">\n            <div class=\"fill banner-link\"><\/div>            \n   <div id=\"text-box-1327042740\" class=\"text-box banner-layer x50 md-x50 lg-x50 y100 md-y100 lg-y100 res-text\">\n                                <div class=\"text-box-content text dark\">\n              \n              <div class=\"text-inner text-center\">\n                  \n<div class=\"row row-collapse align-middle align-center\"  id=\"row-1173760625\">\n\n\t<div id=\"col-1918035011\" class=\"col medium-9 small-12 large-9\"  >\n\t\t\t\t<div class=\"col-inner\"  >\n\t\t\t\n\t\t\t\n\t<div id=\"text-2146667970\" class=\"text\">\n\t\t\n<p>\u89c2\u770b\u6709\u58f0\u89c6\u9891<br \/>\n\t\t\n<style>\n#text-2146667970 {\n  font-size: 1rem;\n  line-height: 1;\n}\n<\/style>\n\t<\/div>\n\t\n\t\t<\/div>\n\t\t\t\t\t<\/div>\n\n\t\n\n\t<div id=\"col-1463752313\" class=\"col medium-3 small-12 large-3\"  >\n\t\t\t\t<div class=\"col-inner\"  >\n\t\t\t\n\t\t\t\n<div class=\"video-button-wrapper\" style=\"font-size:49%\"><a href=\"https:\/\/bodega-santamaria.com\/wp-content\/uploads\/2021\/03\/anuncio.mp4\" class=\"button open-video icon circle is-outline is-xlarge\"><i class=\"icon-play\" style=\"font-size:1.5em;\"><\/i><\/a><\/div>\n\t\t<\/div>\n\t\t\t\t\t<\/div>\n\n\t\n<\/div>\n              <\/div>\n           <\/div>\n                            \n<style>\n#text-box-1327042740 .text-box-content {\n  background-color: rgba(14, 14, 14, 0.64);\n  font-size: 100%;\n}\n#text-box-1327042740 .text-inner {\n  padding: 0px 10px 0px 10px;\n}\n#text-box-1327042740 {\n  width: 26%;\n}\n<\/style>\n    <\/div>\n \n        <\/div>\n      <\/div>\n\n            \n<style>\n#banner-1620158988 {\n  padding-top: 100%;\n}\n#banner-1620158988 .ux-shape-divider--top svg {\n  height: 150px;\n  --divider-top-width: 100%;\n}\n#banner-1620158988 .ux-shape-divider--bottom svg {\n  height: 150px;\n  --divider-width: 100%;\n}\n<\/style>\n  <\/div>\n\n\n     <\/div>\n\n     <div class=\"loading-spin dark large centered\"><\/div>\n\n     \t<\/div>\n\n\n<div class=\"row\"  id=\"row-605084503\">\n\n\t<div id=\"col-573656892\" class=\"col small-12 large-12\"  >\n\t\t\t\t<div class=\"col-inner\"  >\n\t\t\t\n\t\t\t\n<p align=\"JUSTIFY\">A\u00a0<strong>&#8220;Bodegas y Vi\u00f1edos Alfredo Santamar\u00eda &#8220;\u662f\u4e00\u4e2a\u5bb6\u65cf\u9152\u5e84\uff0c\u4f4d\u4e8eCubillas de Santa Marta\u7684\u8001\u8857\u533a\uff0c\u8fd9\u4e2a\u5c0f\u9547\u5177\u6709\u8d28\u6734\u7684\u5361\u65af\u8482\u5229\u4e9a\u98ce\u683c\uff0c\u534f\u8c03\u548c\u70b9\u7f00\u4e86\u8fd9\u4e2a\u4f4d\u4e8e\u5df4\u5229\u4e9a\u591a\u5229\u5fb7\u7701\u7684\u5e02\u9547\u3002<\/p>\n<p align=\"JUSTIFY\">\u7531\u7b2c\u4e09\u4ee3\u8461\u8404\u79cd\u690d\u8005\u7ec4\u6210\u3002\u6211\u4eec\u7684\u8461\u8404\u9152\u5728\u4e13\u4e1a\u6c34\u5e73\u4e0a\u7684\u5546\u4e1a\u5316\u59cb\u4e8e1991\u5e74\uff0c\u76ee\u7684\u662f\u5728Cigales\u539f\u4ea7\u5730\u540d\u79f0\u7684\u8303\u56f4\u5185\u751f\u4ea7\u4ea7\u91cf\u5c11\u3001\u8d28\u91cf\u9ad8\u7684\u8461\u8404\u9152\u3002\u4e3a\u6b64\uff0c\u6211\u4eec\u62e5\u6709\u73b0\u4ee3\u5316\u7684\u8bbe\u65bd\u548c\u5fc5\u8981\u7684\u5148\u8fdb\u6280\u672f\uff0c\u4ee5\u5b9e\u73b0\u7b26\u5408\u65b0\u65f6\u4ee3\u8981\u6c42\u7684\u917f\u9020\uff0c\u4f46\u540c\u65f6\u4fdd\u7559\u4e86\u6211\u4eec\u8fc7\u53bb\u51e0\u4ee3\u4eba\u6240\u7ee7\u627f\u7684\u6240\u6709\u6700\u4f73\u4f20\u7edf\u65b9\u6cd5\u3002<\/p>\n<blockquote>\n<p align=\"JUSTIFY\"><strong><em>\u6211\u4eec\u77e5\u9053\uff0c\u4f1f\u5927\u7684\u8461\u8404\u9152\u662f\u5efa\u7acb\u5728\u8461\u8404\u683d\u57f9\u7684\u57fa\u7840\u4e0a\u7684\uff0c\u6240\u4ee5\u6211\u4eec\u6709\u81ea\u5df1\u7684\u8461\u8404\u56ed\uff0c\u6211\u4eec\u5e38\u5e74\u5de5\u4f5c\u4ee5\u83b7\u5f97\u6700\u597d\u7684\u679c\u5b9e\u3002<\/em><\/strong><\/p>\n<\/blockquote>\n<p align=\"JUSTIFY\">\u5176\u4f59\u7684\u7531\u4e00\u4e2a\u5524\u8d77\u5b89\u5b81\u548c\u5e73\u9759\u7684\u73af\u5883\u7ec4\u6210\uff0c\u4e3a\u8461\u8404\u9152\u7684\u5b8c\u7f8e\u751f\u4ea7\u548c\u9648\u917f\u63d0\u4f9b\u4e86\u5fc5\u8981\u7684\u5b81\u9759\u3002<\/p>\n<p align=\"JUSTIFY\">\u6211\u4eec\u7684\u9879\u76ee\u73b0\u5728\u88ab\u6574\u5408\u4e3a\u4e00\u4e2a\u8461\u8404\u9152\u65c5\u6e38\u7efc\u5408\u4f53\uff0c\u5176\u4e2d\u589e\u52a0\u4e86\u4e00\u4e2a\u4e61\u6751\u9152\u5e97\uff0c\u4efb\u4f55\u4eba\u90fd\u53ef\u4ee5\u5728\u8fd9\u91cc\u4e86\u89e3\u6211\u4eec\u7684\u73af\u5883\uff0c\u7ed3\u5408\u7f8e\u98df\u3001\u4f11\u95f2\u548c\u6587\u5316\uff0c\u800c\u4e0d\u5f71\u54cd\u548c\u5e73\u3001\u5b89\u9759\u548c\u4f11\u606f\u3002<\/p>\n\t\t<\/div>\n\t\t\t\t\t<\/div>\n\n\t\n<\/div>\n","protected":false},"excerpt":{"rendered":"\u89c2\u770b\u6709\u58f0\u89c6\u9891 A\u00a0\"Bodegas y Vi\u00f1edos Alfredo Santamar\u00eda \"\u662f\u4e00\u4e2a\u5bb6\u65cf\u9152\u5e84 [...]","protected":false},"author":1,"featured_media":0,"parent":0,"menu_order":0,"comment_status":"closed","ping_status":"closed","template":"page-transparent-header-light.php","meta":{"footnotes":""},"class_list":["post-450","page","type-page","status-publish","hentry"],"yoast_head":"<!-- This site is optimized with the Yoast SEO plugin v27.6 - https:\/\/yoast.com\/product\/yoast-seo-wordpress\/ -->\n<title>Home - Alfredo Santamar\u00eda - Bodegas y Vi\u00f1edos<\/title>\n<meta name=\"robots\" content=\"index, follow, max-snippet:-1, max-image-preview:large, max-video-preview:-1\" \/>\n<link rel=\"canonical\" href=\"https:\/\/bodega-santamaria.com\/zh-hant\/\" \/>\n<meta property=\"og:locale\" content=\"zh_TW\" \/>\n<meta property=\"og:type\" content=\"article\" \/>\n<meta property=\"og:title\" content=\"Home - Alfredo Santamar\u00eda - Bodegas y Vi\u00f1edos\" \/>\n<meta property=\"og:url\" content=\"https:\/\/bodega-santamaria.com\/zh-hant\/\" \/>\n<meta property=\"og:site_name\" content=\"Alfredo Santamar\u00eda - Bodegas y Vi\u00f1edos\" \/>\n<meta property=\"article:modified_time\" content=\"2022-02-15T17:56:55+00:00\" \/>\n<meta name=\"twitter:card\" content=\"summary_large_image\" \/>\n<meta name=\"twitter:label1\" content=\"\u9810\u4f30\u95b1\u8b80\u6642\u9593\" \/>\n\t<meta name=\"twitter:data1\" content=\"1 \u5206\u9418\" \/>\n<script type=\"application\/ld+json\" class=\"yoast-schema-graph\">{\"@context\":\"https:\\\/\\\/schema.org\",\"@graph\":[{\"@type\":\"WebPage\",\"@id\":\"https:\\\/\\\/bodega-santamaria.com\\\/zh-hant\\\/\",\"url\":\"https:\\\/\\\/bodega-santamaria.com\\\/zh-hant\\\/\",\"name\":\"Home - Alfredo Santamar\u00eda - Bodegas y Vi\u00f1edos\",\"isPartOf\":{\"@id\":\"https:\\\/\\\/bodega-santamaria.com\\\/#website\"},\"datePublished\":\"2019-11-04T16:45:38+00:00\",\"dateModified\":\"2022-02-15T17:56:55+00:00\",\"breadcrumb\":{\"@id\":\"https:\\\/\\\/bodega-santamaria.com\\\/zh-hant\\\/#breadcrumb\"},\"inLanguage\":\"zh-TW\",\"potentialAction\":[{\"@type\":\"ReadAction\",\"target\":[\"https:\\\/\\\/bodega-santamaria.com\\\/zh-hant\\\/\"]}]},{\"@type\":\"BreadcrumbList\",\"@id\":\"https:\\\/\\\/bodega-santamaria.com\\\/zh-hant\\\/#breadcrumb\",\"itemListElement\":[{\"@type\":\"ListItem\",\"position\":1,\"name\":\"Portada\",\"item\":\"https:\\\/\\\/bodega-santamaria.com\\\/zh-hant\\\/\"},{\"@type\":\"ListItem\",\"position\":2,\"name\":\"Home\"}]},{\"@type\":\"WebSite\",\"@id\":\"https:\\\/\\\/bodega-santamaria.com\\\/#website\",\"url\":\"https:\\\/\\\/bodega-santamaria.com\\\/\",\"name\":\"Alfredo Santamar\u00eda - Bodegas y Vi\u00f1edos\",\"description\":\"Denominaci\u00f3n de Origen Cigales\",\"potentialAction\":[{\"@type\":\"SearchAction\",\"target\":{\"@type\":\"EntryPoint\",\"urlTemplate\":\"https:\\\/\\\/bodega-santamaria.com\\\/?s={search_term_string}\"},\"query-input\":{\"@type\":\"PropertyValueSpecification\",\"valueRequired\":true,\"valueName\":\"search_term_string\"}}],\"inLanguage\":\"zh-TW\"}]}<\/script>\n<!-- \/ Yoast SEO plugin. -->","yoast_head_json":{"title":"Home - Alfredo Santamar\u00eda - Bodegas y Vi\u00f1edos","robots":{"index":"index","follow":"follow","max-snippet":"max-snippet:-1","max-image-preview":"max-image-preview:large","max-video-preview":"max-video-preview:-1"},"canonical":"https:\/\/bodega-santamaria.com\/zh-hant\/","og_locale":"zh_TW","og_type":"article","og_title":"Home - Alfredo Santamar\u00eda - Bodegas y Vi\u00f1edos","og_url":"https:\/\/bodega-santamaria.com\/zh-hant\/","og_site_name":"Alfredo Santamar\u00eda - Bodegas y Vi\u00f1edos","article_modified_time":"2022-02-15T17:56:55+00:00","twitter_card":"summary_large_image","twitter_misc":{"\u9810\u4f30\u95b1\u8b80\u6642\u9593":"1 \u5206\u9418"},"schema":{"@context":"https:\/\/schema.org","@graph":[{"@type":"WebPage","@id":"https:\/\/bodega-santamaria.com\/zh-hant\/","url":"https:\/\/bodega-santamaria.com\/zh-hant\/","name":"Home - Alfredo Santamar\u00eda - Bodegas y Vi\u00f1edos","isPartOf":{"@id":"https:\/\/bodega-santamaria.com\/#website"},"datePublished":"2019-11-04T16:45:38+00:00","dateModified":"2022-02-15T17:56:55+00:00","breadcrumb":{"@id":"https:\/\/bodega-santamaria.com\/zh-hant\/#breadcrumb"},"inLanguage":"zh-TW","potentialAction":[{"@type":"ReadAction","target":["https:\/\/bodega-santamaria.com\/zh-hant\/"]}]},{"@type":"BreadcrumbList","@id":"https:\/\/bodega-santamaria.com\/zh-hant\/#breadcrumb","itemListElement":[{"@type":"ListItem","position":1,"name":"Portada","item":"https:\/\/bodega-santamaria.com\/zh-hant\/"},{"@type":"ListItem","position":2,"name":"Home"}]},{"@type":"WebSite","@id":"https:\/\/bodega-santamaria.com\/#website","url":"https:\/\/bodega-santamaria.com\/","name":"Alfredo Santamar\u00eda - Bodegas y Vi\u00f1edos","description":"Denominaci\u00f3n de Origen Cigales","potentialAction":[{"@type":"SearchAction","target":{"@type":"EntryPoint","urlTemplate":"https:\/\/bodega-santamaria.com\/?s={search_term_string}"},"query-input":{"@type":"PropertyValueSpecification","valueRequired":true,"valueName":"search_term_string"}}],"inLanguage":"zh-TW"}]}},"_links":{"self":[{"href":"https:\/\/bodega-santamaria.com\/zh-hant\/wp-json\/wp\/v2\/pages\/450","targetHints":{"allow":["GET"]}}],"collection":[{"href":"https:\/\/bodega-santamaria.com\/zh-hant\/wp-json\/wp\/v2\/pages"}],"about":[{"href":"https:\/\/bodega-santamaria.com\/zh-hant\/wp-json\/wp\/v2\/types\/page"}],"author":[{"embeddable":true,"href":"https:\/\/bodega-santamaria.com\/zh-hant\/wp-json\/wp\/v2\/users\/1"}],"replies":[{"embeddable":true,"href":"https:\/\/bodega-santamaria.com\/zh-hant\/wp-json\/wp\/v2\/comments?post=450"}],"version-history":[{"count":7,"href":"https:\/\/bodega-santamaria.com\/zh-hant\/wp-json\/wp\/v2\/pages\/450\/revisions"}],"predecessor-version":[{"id":6660,"href":"https:\/\/bodega-santamaria.com\/zh-hant\/wp-json\/wp\/v2\/pages\/450\/revisions\/6660"}],"wp:attachment":[{"href":"https:\/\/bodega-santamaria.com\/zh-hant\/wp-json\/wp\/v2\/media?parent=450"}],"curies":[{"name":"wp","href":"https:\/\/api.w.org\/{rel}","templated":true}]}}