
{"id":394,"date":"2019-11-04T18:54:35","date_gmt":"2019-11-04T17:54:35","guid":{"rendered":"http:\/\/bodega-santamaria.com\/winetourism\/"},"modified":"2019-11-06T19:48:03","modified_gmt":"2019-11-06T18:48:03","slug":"enoturismo","status":"publish","type":"page","link":"https:\/\/bodega-santamaria.com\/pt-pt\/enoturismo\/","title":{"rendered":"ENOTURISMO"},"content":{"rendered":"[vc_row][vc_column][vc_separator color=&#8221;white&#8221; css=&#8221;.vc_custom_1572884611928{padding-top: 10px !important;padding-bottom: 10px !important;}&#8221;][vc_column_text]\n<h1 style=\"font-size: 40px;\">ENOTURISMO<\/h1>\n<p>Ao passar pela prov\u00edncia de Valladolid, a bac\u00eda hidrogr\u00e1fica do rio Duero (Douro) banha os vinhedos de mais de 37 vin\u00edcolas sob o selo de Denomina\u00e7\u00e3o de Origem Cigales.[\/vc_column_text][vc_single_image image=&#8221;319&#8243; img_size=&#8221;full&#8221; alignment=&#8221;center&#8221; css_animation=&#8221;fadeIn&#8221;][vc_column_text]A Bodegas y Vi\u00f1edos Santamaria fica localizada na rota enotur\u00edstica que atravessa a faixa ocidental da regi\u00e3o de Valladolid de Monte Torozos, plan\u00edcie rodeada pelo rio Pisuerga e o rio Carri\u00f3n, localizada no norte da prov\u00edncia e bem pr\u00f3xima ao Canal de Castilla.<\/p>\n<p>No transcurso de mais de 35 quil\u00f4metros, os nossos visitantes poder\u00e3o descobrir o nosso extenso e valorado patrimonio hist\u00f3rico, a nossa famosa gastronomia, as paisagens inesquec\u00edveis, e tudo aquilo ao redor de um ambiente de tranquilidade e descanso, onde voc\u00ea poder\u00e1 aproveitar uma estadia inesquec\u00edvel no nosso Hotel Rural, ou degustar os sabores da regi\u00e3o em nosso restaurante.[\/vc_column_text][vc_separator css=&#8221;.vc_custom_1572889807651{padding-top: 10px !important;padding-bottom: 10px !important;}&#8221;][vc_single_image image=&#8221;119&#8243; img_size=&#8221;full&#8221; alignment=&#8221;center&#8221; css_animation=&#8221;fadeIn&#8221;][vc_separator css=&#8221;.vc_custom_1572889807651{padding-top: 10px !important;padding-bottom: 10px !important;}&#8221;][vc_single_image image=&#8221;132&#8243; img_size=&#8221;medium&#8221; alignment=&#8221;center&#8221; onclick=&#8221;custom_link&#8221; img_link_target=&#8221;_blank&#8221; css_animation=&#8221;fadeIn&#8221; link=&#8221;http:\/\/www.pagodetrascasas.es\/&#8221;][vc_single_image image=&#8221;137&#8243; img_size=&#8221;medium&#8221; alignment=&#8221;center&#8221; onclick=&#8221;custom_link&#8221; img_link_target=&#8221;_blank&#8221; css_animation=&#8221;fadeIn&#8221; link=&#8221;https:\/\/bodega-santamaria.com\/wp-content\/uploads\/2019\/11\/Ruta-del-Vino-Cigales.pdf&#8221;][\/vc_column][\/vc_row]\n","protected":false},"excerpt":{"rendered":"[vc_row][vc_column][vc_separator color=&#8221;white&#8221; css=&#8221;.vc_custom_1572884611928{padding-top: 10px !important;padding-bottom: 10px !important;}&#8221;][vc_column_text] ENOTURISMO Ao passar pela prov\u00edncia de Valladolid, a bac\u00eda hidrogr\u00e1fica do rio Duero (Douro) banha os vinhedos de mais de 37 vin\u00edcolas sob o selo de Denomina\u00e7\u00e3o de Origem Cigales.[\/vc_column_text][vc_single_image image=&#8221;319&#8243; img_size=&#8221;full&#8221; alignment=&#8221;center&#8221; css_animation=&#8221;fadeIn&#8221;][vc_column_text]A Bodegas y Vi\u00f1edos Santamaria fica localizada na rota enotur\u00edstica que atravessa a faixa ocidental [&#8230;]\n","protected":false},"author":1,"featured_media":0,"parent":0,"menu_order":0,"comment_status":"closed","ping_status":"closed","template":"","meta":{"footnotes":""},"class_list":["post-394","page","type-page","status-publish","hentry"],"yoast_head":"<!-- This site is optimized with the Yoast SEO plugin v27.6 - https:\/\/yoast.com\/product\/yoast-seo-wordpress\/ -->\n<title>ENOTURISMO - Alfredo Santamar\u00eda - Bodegas y Vi\u00f1edos<\/title>\n<meta name=\"robots\" content=\"index, follow, max-snippet:-1, max-image-preview:large, max-video-preview:-1\" \/>\n<link rel=\"canonical\" href=\"https:\/\/bodega-santamaria.com\/pt-pt\/enoturismo\/\" \/>\n<meta property=\"og:locale\" content=\"pt_PT\" \/>\n<meta property=\"og:type\" content=\"article\" \/>\n<meta property=\"og:title\" content=\"ENOTURISMO - Alfredo Santamar\u00eda - Bodegas y Vi\u00f1edos\" \/>\n<meta property=\"og:description\" content=\"[vc_row][vc_column][vc_separator color=&#8221;white&#8221; css=&#8221;.vc_custom_1572884611928{padding-top: 10px !important;padding-bottom: 10px !important;}&#8221;][vc_column_text] ENOTURISMO Ao passar pela prov\u00edncia de Valladolid, a bac\u00eda hidrogr\u00e1fica do rio Duero (Douro) banha os vinhedos de mais de 37 vin\u00edcolas sob o selo de Denomina\u00e7\u00e3o de Origem Cigales.[\/vc_column_text][vc_single_image image=&#8221;319&#8243; img_size=&#8221;full&#8221; alignment=&#8221;center&#8221; css_animation=&#8221;fadeIn&#8221;][vc_column_text]A Bodegas y Vi\u00f1edos Santamaria fica localizada na rota enotur\u00edstica que atravessa a faixa ocidental [...]\" \/>\n<meta property=\"og:url\" content=\"https:\/\/bodega-santamaria.com\/pt-pt\/enoturismo\/\" \/>\n<meta property=\"og:site_name\" content=\"Alfredo Santamar\u00eda - Bodegas y Vi\u00f1edos\" \/>\n<meta property=\"article:modified_time\" content=\"2019-11-06T18:48:03+00:00\" \/>\n<meta name=\"twitter:card\" content=\"summary_large_image\" \/>\n<meta name=\"twitter:label1\" content=\"Tempo estimado de leitura\" \/>\n\t<meta name=\"twitter:data1\" content=\"1 minuto\" \/>\n<script type=\"application\/ld+json\" class=\"yoast-schema-graph\">{\"@context\":\"https:\\\/\\\/schema.org\",\"@graph\":[{\"@type\":\"WebPage\",\"@id\":\"https:\\\/\\\/bodega-santamaria.com\\\/pt-pt\\\/enoturismo\\\/\",\"url\":\"https:\\\/\\\/bodega-santamaria.com\\\/pt-pt\\\/enoturismo\\\/\",\"name\":\"ENOTURISMO - Alfredo Santamar\u00eda - Bodegas y Vi\u00f1edos\",\"isPartOf\":{\"@id\":\"https:\\\/\\\/bodega-santamaria.com\\\/#website\"},\"datePublished\":\"2019-11-04T17:54:35+00:00\",\"dateModified\":\"2019-11-06T18:48:03+00:00\",\"breadcrumb\":{\"@id\":\"https:\\\/\\\/bodega-santamaria.com\\\/pt-pt\\\/enoturismo\\\/#breadcrumb\"},\"inLanguage\":\"pt-PT\",\"potentialAction\":[{\"@type\":\"ReadAction\",\"target\":[\"https:\\\/\\\/bodega-santamaria.com\\\/pt-pt\\\/enoturismo\\\/\"]}]},{\"@type\":\"BreadcrumbList\",\"@id\":\"https:\\\/\\\/bodega-santamaria.com\\\/pt-pt\\\/enoturismo\\\/#breadcrumb\",\"itemListElement\":[{\"@type\":\"ListItem\",\"position\":1,\"name\":\"Portada\",\"item\":\"https:\\\/\\\/bodega-santamaria.com\\\/pt-pt\\\/\"},{\"@type\":\"ListItem\",\"position\":2,\"name\":\"ENOTURISMO\"}]},{\"@type\":\"WebSite\",\"@id\":\"https:\\\/\\\/bodega-santamaria.com\\\/#website\",\"url\":\"https:\\\/\\\/bodega-santamaria.com\\\/\",\"name\":\"Alfredo Santamar\u00eda - Bodegas y Vi\u00f1edos\",\"description\":\"Denominaci\u00f3n de Origen Cigales\",\"potentialAction\":[{\"@type\":\"SearchAction\",\"target\":{\"@type\":\"EntryPoint\",\"urlTemplate\":\"https:\\\/\\\/bodega-santamaria.com\\\/?s={search_term_string}\"},\"query-input\":{\"@type\":\"PropertyValueSpecification\",\"valueRequired\":true,\"valueName\":\"search_term_string\"}}],\"inLanguage\":\"pt-PT\"}]}<\/script>\n<!-- \/ Yoast SEO plugin. -->","yoast_head_json":{"title":"ENOTURISMO - Alfredo Santamar\u00eda - Bodegas y Vi\u00f1edos","robots":{"index":"index","follow":"follow","max-snippet":"max-snippet:-1","max-image-preview":"max-image-preview:large","max-video-preview":"max-video-preview:-1"},"canonical":"https:\/\/bodega-santamaria.com\/pt-pt\/enoturismo\/","og_locale":"pt_PT","og_type":"article","og_title":"ENOTURISMO - Alfredo Santamar\u00eda - Bodegas y Vi\u00f1edos","og_description":"[vc_row][vc_column][vc_separator color=&#8221;white&#8221; css=&#8221;.vc_custom_1572884611928{padding-top: 10px !important;padding-bottom: 10px !important;}&#8221;][vc_column_text] ENOTURISMO Ao passar pela prov\u00edncia de Valladolid, a bac\u00eda hidrogr\u00e1fica do rio Duero (Douro) banha os vinhedos de mais de 37 vin\u00edcolas sob o selo de Denomina\u00e7\u00e3o de Origem Cigales.[\/vc_column_text][vc_single_image image=&#8221;319&#8243; img_size=&#8221;full&#8221; alignment=&#8221;center&#8221; css_animation=&#8221;fadeIn&#8221;][vc_column_text]A Bodegas y Vi\u00f1edos Santamaria fica localizada na rota enotur\u00edstica que atravessa a faixa ocidental [...]","og_url":"https:\/\/bodega-santamaria.com\/pt-pt\/enoturismo\/","og_site_name":"Alfredo Santamar\u00eda - Bodegas y Vi\u00f1edos","article_modified_time":"2019-11-06T18:48:03+00:00","twitter_card":"summary_large_image","twitter_misc":{"Tempo estimado de leitura":"1 minuto"},"schema":{"@context":"https:\/\/schema.org","@graph":[{"@type":"WebPage","@id":"https:\/\/bodega-santamaria.com\/pt-pt\/enoturismo\/","url":"https:\/\/bodega-santamaria.com\/pt-pt\/enoturismo\/","name":"ENOTURISMO - Alfredo Santamar\u00eda - Bodegas y Vi\u00f1edos","isPartOf":{"@id":"https:\/\/bodega-santamaria.com\/#website"},"datePublished":"2019-11-04T17:54:35+00:00","dateModified":"2019-11-06T18:48:03+00:00","breadcrumb":{"@id":"https:\/\/bodega-santamaria.com\/pt-pt\/enoturismo\/#breadcrumb"},"inLanguage":"pt-PT","potentialAction":[{"@type":"ReadAction","target":["https:\/\/bodega-santamaria.com\/pt-pt\/enoturismo\/"]}]},{"@type":"BreadcrumbList","@id":"https:\/\/bodega-santamaria.com\/pt-pt\/enoturismo\/#breadcrumb","itemListElement":[{"@type":"ListItem","position":1,"name":"Portada","item":"https:\/\/bodega-santamaria.com\/pt-pt\/"},{"@type":"ListItem","position":2,"name":"ENOTURISMO"}]},{"@type":"WebSite","@id":"https:\/\/bodega-santamaria.com\/#website","url":"https:\/\/bodega-santamaria.com\/","name":"Alfredo Santamar\u00eda - Bodegas y Vi\u00f1edos","description":"Denominaci\u00f3n de Origen Cigales","potentialAction":[{"@type":"SearchAction","target":{"@type":"EntryPoint","urlTemplate":"https:\/\/bodega-santamaria.com\/?s={search_term_string}"},"query-input":{"@type":"PropertyValueSpecification","valueRequired":true,"valueName":"search_term_string"}}],"inLanguage":"pt-PT"}]}},"_links":{"self":[{"href":"https:\/\/bodega-santamaria.com\/pt-pt\/wp-json\/wp\/v2\/pages\/394","targetHints":{"allow":["GET"]}}],"collection":[{"href":"https:\/\/bodega-santamaria.com\/pt-pt\/wp-json\/wp\/v2\/pages"}],"about":[{"href":"https:\/\/bodega-santamaria.com\/pt-pt\/wp-json\/wp\/v2\/types\/page"}],"author":[{"embeddable":true,"href":"https:\/\/bodega-santamaria.com\/pt-pt\/wp-json\/wp\/v2\/users\/1"}],"replies":[{"embeddable":true,"href":"https:\/\/bodega-santamaria.com\/pt-pt\/wp-json\/wp\/v2\/comments?post=394"}],"version-history":[{"count":1,"href":"https:\/\/bodega-santamaria.com\/pt-pt\/wp-json\/wp\/v2\/pages\/394\/revisions"}],"predecessor-version":[{"id":430,"href":"https:\/\/bodega-santamaria.com\/pt-pt\/wp-json\/wp\/v2\/pages\/394\/revisions\/430"}],"wp:attachment":[{"href":"https:\/\/bodega-santamaria.com\/pt-pt\/wp-json\/wp\/v2\/media?parent=394"}],"curies":[{"name":"wp","href":"https:\/\/api.w.org\/{rel}","templated":true}]}}