
{"id":393,"date":"2019-11-04T19:34:04","date_gmt":"2019-11-04T18:34:04","guid":{"rendered":"http:\/\/bodega-santamaria.com\/where-to-buy\/"},"modified":"2019-11-06T19:47:16","modified_gmt":"2019-11-06T18:47:16","slug":"onde-comprar","status":"publish","type":"page","link":"https:\/\/bodega-santamaria.com\/pt-pt\/onde-comprar\/","title":{"rendered":"ONDE COMPRAR"},"content":{"rendered":"[vc_row][vc_column][vc_separator color=&#8221;white&#8221; css=&#8221;.vc_custom_1572884611928{padding-top: 10px !important;padding-bottom: 10px !important;}&#8221;][vc_column_text]\n<h1 style=\"font-size: 40px; text-align: center;\">ONDE COMPRAR<\/h1>\n<p style=\"text-align: center;\">Os nossos vinhos s\u00e3o vendidos atualmente em estabelecimentos especializados por todo o mundo e tamb\u00e9m em lojas online.<br \/>\nCaso deseje conhecer o distribuidor mais pr\u00f3ximo de voc\u00ea, entre em contato e lhe informaremos o ponto de venda dos nossos vinhos em sua localidade.<\/p>\n<p style=\"text-align: center;\">&#8211;\u00a0<span id=\"cloak0755cec6129361a62f4c6f1bdcfc850f\"><a href=\"mailto:info@bodega-santamaria.com\">info@bodega-santamaria.com<\/a><\/span>\u00a0&#8211;<\/p>\n[\/vc_column_text][vc_single_image image=&#8221;170&#8243; img_size=&#8221;full&#8221; alignment=&#8221;center&#8221; css_animation=&#8221;fadeIn&#8221;][\/vc_column][\/vc_row]\n","protected":false},"excerpt":{"rendered":"[vc_row][vc_column][vc_separator color=&#8221;white&#8221; css=&#8221;.vc_custom_1572884611928{padding-top: 10px !important;padding-bottom: 10px !important;}&#8221;][vc_column_text] ONDE COMPRAR Os nossos vinhos s\u00e3o vendidos atualmente em estabelecimentos especializados por todo o mundo e tamb\u00e9m em lojas online. Caso deseje conhecer o distribuidor mais pr\u00f3ximo de voc\u00ea, entre em contato e lhe informaremos o ponto de venda dos nossos vinhos em sua localidade. &#8211;\u00a0info@bodega-santamaria.com\u00a0&#8211; [\/vc_column_text][vc_single_image image=&#8221;170&#8243; [&#8230;]\n","protected":false},"author":1,"featured_media":0,"parent":0,"menu_order":0,"comment_status":"closed","ping_status":"closed","template":"","meta":{"footnotes":""},"class_list":["post-393","page","type-page","status-publish","hentry"],"yoast_head":"<!-- This site is optimized with the Yoast SEO plugin v27.4 - https:\/\/yoast.com\/product\/yoast-seo-wordpress\/ -->\n<title>ONDE COMPRAR - Alfredo Santamar\u00eda - Bodegas y Vi\u00f1edos<\/title>\n<meta name=\"robots\" content=\"index, follow, max-snippet:-1, max-image-preview:large, max-video-preview:-1\" \/>\n<link rel=\"canonical\" href=\"https:\/\/bodega-santamaria.com\/pt-pt\/onde-comprar\/\" \/>\n<meta property=\"og:locale\" content=\"pt_PT\" \/>\n<meta property=\"og:type\" content=\"article\" \/>\n<meta property=\"og:title\" content=\"ONDE COMPRAR - Alfredo Santamar\u00eda - Bodegas y Vi\u00f1edos\" \/>\n<meta property=\"og:description\" content=\"[vc_row][vc_column][vc_separator color=&#8221;white&#8221; css=&#8221;.vc_custom_1572884611928{padding-top: 10px !important;padding-bottom: 10px !important;}&#8221;][vc_column_text] ONDE COMPRAR Os nossos vinhos s\u00e3o vendidos atualmente em estabelecimentos especializados por todo o mundo e tamb\u00e9m em lojas online. Caso deseje conhecer o distribuidor mais pr\u00f3ximo de voc\u00ea, entre em contato e lhe informaremos o ponto de venda dos nossos vinhos em sua localidade. &#8211;\u00a0info@bodega-santamaria.com\u00a0&#8211; [\/vc_column_text][vc_single_image image=&#8221;170&#8243; [...]\" \/>\n<meta property=\"og:url\" content=\"https:\/\/bodega-santamaria.com\/pt-pt\/onde-comprar\/\" \/>\n<meta property=\"og:site_name\" content=\"Alfredo Santamar\u00eda - Bodegas y Vi\u00f1edos\" \/>\n<meta property=\"article:modified_time\" content=\"2019-11-06T18:47:16+00:00\" \/>\n<meta name=\"twitter:card\" content=\"summary_large_image\" \/>\n<script type=\"application\/ld+json\" class=\"yoast-schema-graph\">{\"@context\":\"https:\\\/\\\/schema.org\",\"@graph\":[{\"@type\":\"WebPage\",\"@id\":\"https:\\\/\\\/bodega-santamaria.com\\\/pt-pt\\\/onde-comprar\\\/\",\"url\":\"https:\\\/\\\/bodega-santamaria.com\\\/pt-pt\\\/onde-comprar\\\/\",\"name\":\"ONDE COMPRAR - Alfredo Santamar\u00eda - Bodegas y Vi\u00f1edos\",\"isPartOf\":{\"@id\":\"https:\\\/\\\/bodega-santamaria.com\\\/#website\"},\"datePublished\":\"2019-11-04T18:34:04+00:00\",\"dateModified\":\"2019-11-06T18:47:16+00:00\",\"breadcrumb\":{\"@id\":\"https:\\\/\\\/bodega-santamaria.com\\\/pt-pt\\\/onde-comprar\\\/#breadcrumb\"},\"inLanguage\":\"pt-PT\",\"potentialAction\":[{\"@type\":\"ReadAction\",\"target\":[\"https:\\\/\\\/bodega-santamaria.com\\\/pt-pt\\\/onde-comprar\\\/\"]}]},{\"@type\":\"BreadcrumbList\",\"@id\":\"https:\\\/\\\/bodega-santamaria.com\\\/pt-pt\\\/onde-comprar\\\/#breadcrumb\",\"itemListElement\":[{\"@type\":\"ListItem\",\"position\":1,\"name\":\"Portada\",\"item\":\"https:\\\/\\\/bodega-santamaria.com\\\/pt-pt\\\/\"},{\"@type\":\"ListItem\",\"position\":2,\"name\":\"ONDE COMPRAR\"}]},{\"@type\":\"WebSite\",\"@id\":\"https:\\\/\\\/bodega-santamaria.com\\\/#website\",\"url\":\"https:\\\/\\\/bodega-santamaria.com\\\/\",\"name\":\"Alfredo Santamar\u00eda - Bodegas y Vi\u00f1edos\",\"description\":\"Denominaci\u00f3n de Origen Cigales\",\"potentialAction\":[{\"@type\":\"SearchAction\",\"target\":{\"@type\":\"EntryPoint\",\"urlTemplate\":\"https:\\\/\\\/bodega-santamaria.com\\\/?s={search_term_string}\"},\"query-input\":{\"@type\":\"PropertyValueSpecification\",\"valueRequired\":true,\"valueName\":\"search_term_string\"}}],\"inLanguage\":\"pt-PT\"}]}<\/script>\n<!-- \/ Yoast SEO plugin. -->","yoast_head_json":{"title":"ONDE COMPRAR - Alfredo Santamar\u00eda - Bodegas y Vi\u00f1edos","robots":{"index":"index","follow":"follow","max-snippet":"max-snippet:-1","max-image-preview":"max-image-preview:large","max-video-preview":"max-video-preview:-1"},"canonical":"https:\/\/bodega-santamaria.com\/pt-pt\/onde-comprar\/","og_locale":"pt_PT","og_type":"article","og_title":"ONDE COMPRAR - Alfredo Santamar\u00eda - Bodegas y Vi\u00f1edos","og_description":"[vc_row][vc_column][vc_separator color=&#8221;white&#8221; css=&#8221;.vc_custom_1572884611928{padding-top: 10px !important;padding-bottom: 10px !important;}&#8221;][vc_column_text] ONDE COMPRAR Os nossos vinhos s\u00e3o vendidos atualmente em estabelecimentos especializados por todo o mundo e tamb\u00e9m em lojas online. Caso deseje conhecer o distribuidor mais pr\u00f3ximo de voc\u00ea, entre em contato e lhe informaremos o ponto de venda dos nossos vinhos em sua localidade. &#8211;\u00a0info@bodega-santamaria.com\u00a0&#8211; [\/vc_column_text][vc_single_image image=&#8221;170&#8243; [...]","og_url":"https:\/\/bodega-santamaria.com\/pt-pt\/onde-comprar\/","og_site_name":"Alfredo Santamar\u00eda - Bodegas y Vi\u00f1edos","article_modified_time":"2019-11-06T18:47:16+00:00","twitter_card":"summary_large_image","schema":{"@context":"https:\/\/schema.org","@graph":[{"@type":"WebPage","@id":"https:\/\/bodega-santamaria.com\/pt-pt\/onde-comprar\/","url":"https:\/\/bodega-santamaria.com\/pt-pt\/onde-comprar\/","name":"ONDE COMPRAR - Alfredo Santamar\u00eda - Bodegas y Vi\u00f1edos","isPartOf":{"@id":"https:\/\/bodega-santamaria.com\/#website"},"datePublished":"2019-11-04T18:34:04+00:00","dateModified":"2019-11-06T18:47:16+00:00","breadcrumb":{"@id":"https:\/\/bodega-santamaria.com\/pt-pt\/onde-comprar\/#breadcrumb"},"inLanguage":"pt-PT","potentialAction":[{"@type":"ReadAction","target":["https:\/\/bodega-santamaria.com\/pt-pt\/onde-comprar\/"]}]},{"@type":"BreadcrumbList","@id":"https:\/\/bodega-santamaria.com\/pt-pt\/onde-comprar\/#breadcrumb","itemListElement":[{"@type":"ListItem","position":1,"name":"Portada","item":"https:\/\/bodega-santamaria.com\/pt-pt\/"},{"@type":"ListItem","position":2,"name":"ONDE COMPRAR"}]},{"@type":"WebSite","@id":"https:\/\/bodega-santamaria.com\/#website","url":"https:\/\/bodega-santamaria.com\/","name":"Alfredo Santamar\u00eda - Bodegas y Vi\u00f1edos","description":"Denominaci\u00f3n de Origen Cigales","potentialAction":[{"@type":"SearchAction","target":{"@type":"EntryPoint","urlTemplate":"https:\/\/bodega-santamaria.com\/?s={search_term_string}"},"query-input":{"@type":"PropertyValueSpecification","valueRequired":true,"valueName":"search_term_string"}}],"inLanguage":"pt-PT"}]}},"_links":{"self":[{"href":"https:\/\/bodega-santamaria.com\/pt-pt\/wp-json\/wp\/v2\/pages\/393","targetHints":{"allow":["GET"]}}],"collection":[{"href":"https:\/\/bodega-santamaria.com\/pt-pt\/wp-json\/wp\/v2\/pages"}],"about":[{"href":"https:\/\/bodega-santamaria.com\/pt-pt\/wp-json\/wp\/v2\/types\/page"}],"author":[{"embeddable":true,"href":"https:\/\/bodega-santamaria.com\/pt-pt\/wp-json\/wp\/v2\/users\/1"}],"replies":[{"embeddable":true,"href":"https:\/\/bodega-santamaria.com\/pt-pt\/wp-json\/wp\/v2\/comments?post=393"}],"version-history":[{"count":1,"href":"https:\/\/bodega-santamaria.com\/pt-pt\/wp-json\/wp\/v2\/pages\/393\/revisions"}],"predecessor-version":[{"id":429,"href":"https:\/\/bodega-santamaria.com\/pt-pt\/wp-json\/wp\/v2\/pages\/393\/revisions\/429"}],"wp:attachment":[{"href":"https:\/\/bodega-santamaria.com\/pt-pt\/wp-json\/wp\/v2\/media?parent=393"}],"curies":[{"name":"wp","href":"https:\/\/api.w.org\/{rel}","templated":true}]}}