
{"id":392,"date":"2019-11-04T17:49:57","date_gmt":"2019-11-04T16:49:57","guid":{"rendered":"http:\/\/bodega-santamaria.com\/vineyards\/"},"modified":"2019-11-06T19:46:17","modified_gmt":"2019-11-06T18:46:17","slug":"o-vinhedo","status":"publish","type":"page","link":"https:\/\/bodega-santamaria.com\/pt-pt\/o-vinhedo\/","title":{"rendered":"O VINHEDO"},"content":{"rendered":"[vc_row][vc_column][vc_separator color=&#8221;white&#8221; css=&#8221;.vc_custom_1572884611928{padding-top: 10px !important;padding-bottom: 10px !important;}&#8221;][vc_column_text]\n<h1 style=\"font-size: 40px;\">O VINHEDO<\/h1>\n<div class=\"tm-article-content\">\n<blockquote>\n<p align=\"JUSTIFY\">\u00c9 considerado por n\u00f3s como a mais valiosa parte do nosso empreendimento. Os vinhedos s\u00e3o os que carregam todo o nosso trabalho durante a maior parte do ano, e unicamente t\u00eam um segredo:\u00a0<strong>O cuidado.<\/strong><\/p>\n<\/blockquote>\n<\/div>\n[\/vc_column_text][vc_single_image image=&#8221;50&#8243; img_size=&#8221;full&#8221; alignment=&#8221;center&#8221; css_animation=&#8221;fadeIn&#8221;][vc_column_text]\n<h3 align=\"JUSTIFY\"><strong>UVAS TINTAS<\/strong><\/h3>\n<ul>\n<li><strong>Tempranillo ou Tinta do Pa\u00eds:<\/strong>\u00a0A Variedade principal da nossa Denomina\u00e7\u00e3o de Origem Cigales, e bastante predominante em nossos vinhedos dado que comp\u00f5em aproximadamente 85% dos mesmos. Se caracteriza pelo potencial arom\u00e1tico e sua riqueza em extrato, al\u00e9m de sua contribui\u00e7\u00e3o arroxeada nos vinhos.<\/li>\n<li><strong>Merlot:<\/strong>\u00a0De origem bordel\u00eas, esta variedade possui um excelente comportamento para seu envelhecimento. Somente ocupa 3% do vinhedo, devido \u00e0 que a consideramos uma variedade experimental.<\/li>\n<\/ul>\n<h3 align=\"JUSTIFY\"><strong>UVAS BRANCAS<\/strong><\/h3>\n<ul>\n<li><strong>Verdejo:<\/strong>\u00a0Vin\u00edfera cultivada que ocupa 5% do vinhedo, seu uso principal \u00e9 para a mistura de variedades na elabora\u00e7\u00e3o dos vinhos rosados, transmitindo aos vinhos seu grande potencial arom\u00e1tico e seu brilho.<\/li>\n<li><strong>Albillo:<\/strong>\u00a0Utilizada na vinifica\u00e7\u00e3o dos rosados, produz mostos bem a\u00e7ucarados e arom\u00e1ticos.\u00c9 a variedade que acrescenta grande fineza aos nossos vinhos. Ocupa 5% dos vinhedos.<\/li>\n<\/ul>\n[\/vc_column_text][\/vc_column][\/vc_row]\n","protected":false},"excerpt":{"rendered":"[vc_row][vc_column][vc_separator color=&#8221;white&#8221; css=&#8221;.vc_custom_1572884611928{padding-top: 10px !important;padding-bottom: 10px !important;}&#8221;][vc_column_text] O VINHEDO \u00c9 considerado por n\u00f3s como a mais valiosa parte do nosso empreendimento. Os vinhedos s\u00e3o os que carregam todo o nosso trabalho durante a maior parte do ano, e unicamente t\u00eam um segredo:\u00a0O cuidado. [\/vc_column_text][vc_single_image image=&#8221;50&#8243; img_size=&#8221;full&#8221; alignment=&#8221;center&#8221; css_animation=&#8221;fadeIn&#8221;][vc_column_text] UVAS TINTAS Tempranillo ou Tinta do Pa\u00eds:\u00a0A [&#8230;]\n","protected":false},"author":1,"featured_media":0,"parent":0,"menu_order":0,"comment_status":"closed","ping_status":"closed","template":"","meta":{"footnotes":""},"class_list":["post-392","page","type-page","status-publish","hentry"],"yoast_head":"<!-- This site is optimized with the Yoast SEO plugin v27.4 - https:\/\/yoast.com\/product\/yoast-seo-wordpress\/ -->\n<title>O VINHEDO - Alfredo Santamar\u00eda - Bodegas y Vi\u00f1edos<\/title>\n<meta name=\"robots\" content=\"index, follow, max-snippet:-1, max-image-preview:large, max-video-preview:-1\" \/>\n<link rel=\"canonical\" href=\"https:\/\/bodega-santamaria.com\/pt-pt\/o-vinhedo\/\" \/>\n<meta property=\"og:locale\" content=\"pt_PT\" \/>\n<meta property=\"og:type\" content=\"article\" \/>\n<meta property=\"og:title\" content=\"O VINHEDO - Alfredo Santamar\u00eda - Bodegas y Vi\u00f1edos\" \/>\n<meta property=\"og:description\" content=\"[vc_row][vc_column][vc_separator color=&#8221;white&#8221; css=&#8221;.vc_custom_1572884611928{padding-top: 10px !important;padding-bottom: 10px !important;}&#8221;][vc_column_text] O VINHEDO \u00c9 considerado por n\u00f3s como a mais valiosa parte do nosso empreendimento. Os vinhedos s\u00e3o os que carregam todo o nosso trabalho durante a maior parte do ano, e unicamente t\u00eam um segredo:\u00a0O cuidado. [\/vc_column_text][vc_single_image image=&#8221;50&#8243; img_size=&#8221;full&#8221; alignment=&#8221;center&#8221; css_animation=&#8221;fadeIn&#8221;][vc_column_text] UVAS TINTAS Tempranillo ou Tinta do Pa\u00eds:\u00a0A [...]\" \/>\n<meta property=\"og:url\" content=\"https:\/\/bodega-santamaria.com\/pt-pt\/o-vinhedo\/\" \/>\n<meta property=\"og:site_name\" content=\"Alfredo Santamar\u00eda - Bodegas y Vi\u00f1edos\" \/>\n<meta property=\"article:modified_time\" content=\"2019-11-06T18:46:17+00:00\" \/>\n<meta name=\"twitter:card\" content=\"summary_large_image\" \/>\n<meta name=\"twitter:label1\" content=\"Tempo estimado de leitura\" \/>\n\t<meta name=\"twitter:data1\" content=\"1 minuto\" \/>\n<script type=\"application\/ld+json\" class=\"yoast-schema-graph\">{\"@context\":\"https:\\\/\\\/schema.org\",\"@graph\":[{\"@type\":\"WebPage\",\"@id\":\"https:\\\/\\\/bodega-santamaria.com\\\/pt-pt\\\/o-vinhedo\\\/\",\"url\":\"https:\\\/\\\/bodega-santamaria.com\\\/pt-pt\\\/o-vinhedo\\\/\",\"name\":\"O VINHEDO - Alfredo Santamar\u00eda - Bodegas y Vi\u00f1edos\",\"isPartOf\":{\"@id\":\"https:\\\/\\\/bodega-santamaria.com\\\/#website\"},\"datePublished\":\"2019-11-04T16:49:57+00:00\",\"dateModified\":\"2019-11-06T18:46:17+00:00\",\"breadcrumb\":{\"@id\":\"https:\\\/\\\/bodega-santamaria.com\\\/pt-pt\\\/o-vinhedo\\\/#breadcrumb\"},\"inLanguage\":\"pt-PT\",\"potentialAction\":[{\"@type\":\"ReadAction\",\"target\":[\"https:\\\/\\\/bodega-santamaria.com\\\/pt-pt\\\/o-vinhedo\\\/\"]}]},{\"@type\":\"BreadcrumbList\",\"@id\":\"https:\\\/\\\/bodega-santamaria.com\\\/pt-pt\\\/o-vinhedo\\\/#breadcrumb\",\"itemListElement\":[{\"@type\":\"ListItem\",\"position\":1,\"name\":\"Portada\",\"item\":\"https:\\\/\\\/bodega-santamaria.com\\\/pt-pt\\\/\"},{\"@type\":\"ListItem\",\"position\":2,\"name\":\"O VINHEDO\"}]},{\"@type\":\"WebSite\",\"@id\":\"https:\\\/\\\/bodega-santamaria.com\\\/#website\",\"url\":\"https:\\\/\\\/bodega-santamaria.com\\\/\",\"name\":\"Alfredo Santamar\u00eda - Bodegas y Vi\u00f1edos\",\"description\":\"Denominaci\u00f3n de Origen Cigales\",\"potentialAction\":[{\"@type\":\"SearchAction\",\"target\":{\"@type\":\"EntryPoint\",\"urlTemplate\":\"https:\\\/\\\/bodega-santamaria.com\\\/?s={search_term_string}\"},\"query-input\":{\"@type\":\"PropertyValueSpecification\",\"valueRequired\":true,\"valueName\":\"search_term_string\"}}],\"inLanguage\":\"pt-PT\"}]}<\/script>\n<!-- \/ Yoast SEO plugin. -->","yoast_head_json":{"title":"O VINHEDO - Alfredo Santamar\u00eda - Bodegas y Vi\u00f1edos","robots":{"index":"index","follow":"follow","max-snippet":"max-snippet:-1","max-image-preview":"max-image-preview:large","max-video-preview":"max-video-preview:-1"},"canonical":"https:\/\/bodega-santamaria.com\/pt-pt\/o-vinhedo\/","og_locale":"pt_PT","og_type":"article","og_title":"O VINHEDO - Alfredo Santamar\u00eda - Bodegas y Vi\u00f1edos","og_description":"[vc_row][vc_column][vc_separator color=&#8221;white&#8221; css=&#8221;.vc_custom_1572884611928{padding-top: 10px !important;padding-bottom: 10px !important;}&#8221;][vc_column_text] O VINHEDO \u00c9 considerado por n\u00f3s como a mais valiosa parte do nosso empreendimento. Os vinhedos s\u00e3o os que carregam todo o nosso trabalho durante a maior parte do ano, e unicamente t\u00eam um segredo:\u00a0O cuidado. [\/vc_column_text][vc_single_image image=&#8221;50&#8243; img_size=&#8221;full&#8221; alignment=&#8221;center&#8221; css_animation=&#8221;fadeIn&#8221;][vc_column_text] UVAS TINTAS Tempranillo ou Tinta do Pa\u00eds:\u00a0A [...]","og_url":"https:\/\/bodega-santamaria.com\/pt-pt\/o-vinhedo\/","og_site_name":"Alfredo Santamar\u00eda - Bodegas y Vi\u00f1edos","article_modified_time":"2019-11-06T18:46:17+00:00","twitter_card":"summary_large_image","twitter_misc":{"Tempo estimado de leitura":"1 minuto"},"schema":{"@context":"https:\/\/schema.org","@graph":[{"@type":"WebPage","@id":"https:\/\/bodega-santamaria.com\/pt-pt\/o-vinhedo\/","url":"https:\/\/bodega-santamaria.com\/pt-pt\/o-vinhedo\/","name":"O VINHEDO - Alfredo Santamar\u00eda - Bodegas y Vi\u00f1edos","isPartOf":{"@id":"https:\/\/bodega-santamaria.com\/#website"},"datePublished":"2019-11-04T16:49:57+00:00","dateModified":"2019-11-06T18:46:17+00:00","breadcrumb":{"@id":"https:\/\/bodega-santamaria.com\/pt-pt\/o-vinhedo\/#breadcrumb"},"inLanguage":"pt-PT","potentialAction":[{"@type":"ReadAction","target":["https:\/\/bodega-santamaria.com\/pt-pt\/o-vinhedo\/"]}]},{"@type":"BreadcrumbList","@id":"https:\/\/bodega-santamaria.com\/pt-pt\/o-vinhedo\/#breadcrumb","itemListElement":[{"@type":"ListItem","position":1,"name":"Portada","item":"https:\/\/bodega-santamaria.com\/pt-pt\/"},{"@type":"ListItem","position":2,"name":"O VINHEDO"}]},{"@type":"WebSite","@id":"https:\/\/bodega-santamaria.com\/#website","url":"https:\/\/bodega-santamaria.com\/","name":"Alfredo Santamar\u00eda - Bodegas y Vi\u00f1edos","description":"Denominaci\u00f3n de Origen Cigales","potentialAction":[{"@type":"SearchAction","target":{"@type":"EntryPoint","urlTemplate":"https:\/\/bodega-santamaria.com\/?s={search_term_string}"},"query-input":{"@type":"PropertyValueSpecification","valueRequired":true,"valueName":"search_term_string"}}],"inLanguage":"pt-PT"}]}},"_links":{"self":[{"href":"https:\/\/bodega-santamaria.com\/pt-pt\/wp-json\/wp\/v2\/pages\/392","targetHints":{"allow":["GET"]}}],"collection":[{"href":"https:\/\/bodega-santamaria.com\/pt-pt\/wp-json\/wp\/v2\/pages"}],"about":[{"href":"https:\/\/bodega-santamaria.com\/pt-pt\/wp-json\/wp\/v2\/types\/page"}],"author":[{"embeddable":true,"href":"https:\/\/bodega-santamaria.com\/pt-pt\/wp-json\/wp\/v2\/users\/1"}],"replies":[{"embeddable":true,"href":"https:\/\/bodega-santamaria.com\/pt-pt\/wp-json\/wp\/v2\/comments?post=392"}],"version-history":[{"count":2,"href":"https:\/\/bodega-santamaria.com\/pt-pt\/wp-json\/wp\/v2\/pages\/392\/revisions"}],"predecessor-version":[{"id":428,"href":"https:\/\/bodega-santamaria.com\/pt-pt\/wp-json\/wp\/v2\/pages\/392\/revisions\/428"}],"wp:attachment":[{"href":"https:\/\/bodega-santamaria.com\/pt-pt\/wp-json\/wp\/v2\/media?parent=392"}],"curies":[{"name":"wp","href":"https:\/\/api.w.org\/{rel}","templated":true}]}}