
{"id":389,"date":"2019-11-04T18:14:50","date_gmt":"2019-11-04T17:14:50","guid":{"rendered":"http:\/\/bodega-santamaria.com\/our-wines\/pago-el-cordonero\/"},"modified":"2019-11-07T18:58:06","modified_gmt":"2019-11-07T17:58:06","slug":"pago-el-cordonero","status":"publish","type":"page","link":"https:\/\/bodega-santamaria.com\/pt-pt\/os-vinhos\/pago-el-cordonero\/","title":{"rendered":"PAGO EL CORDONERO"},"content":{"rendered":"[vc_row css=&#8221;.vc_custom_1572886902734{padding-top: 50px !important;}&#8221;][vc_column width=&#8221;1\/2&#8243;][vc_single_image image=&#8221;105&#8243; img_size=&#8221;large&#8221; alignment=&#8221;center&#8221; onclick=&#8221;link_image&#8221; css_animation=&#8221;fadeIn&#8221;][vc_separator][vc_btn title=&#8221;FOLHA DE DADOS T\u00c9CNICOS&#8221; style=&#8221;outline&#8221; color=&#8221;black&#8221; align=&#8221;center&#8221; i_icon_fontawesome=&#8221;fa fa-undo&#8221; button_block=&#8221;true&#8221; add_icon=&#8221;true&#8221; link=&#8221;url:https%3A%2F%2Fbodega-santamaria.com%2Fwp-content%2Fuploads%2F2019%2F11%2F29_Pago-el-cordonero-en.pdf||target:%20_blank|&#8221;][\/vc_column][vc_column width=&#8221;1\/2&#8243;][vc_column_text]\n<h1 style=\"font-size: 40px;\">PAGO EL CORDONERO<\/h1>\n[\/vc_column_text][vc_column_text]\n<div class=\"itemIntroText\">\n<ul>\n<li><strong>Origin:<\/strong>\u00a0Spain<\/li>\n<li><strong>Apellation:<\/strong>\u00a0D.O. Cigales<\/li>\n<li><strong>Type:<\/strong>\u00a0Young ros\u00e9<\/li>\n<li><strong>Varietal composition:<\/strong>\u00a080% Tempranillo, 10% Verdejo and 10% Albillo.<\/li>\n<\/ul>\n<\/div>\n<div class=\"itemFullText\">\n<hr \/>\n<h3>VINIFICACI\u00d3N<\/h3>\n<p>De la vendimia seleccionada a mano de nuestros propios vi\u00f1edos,\u00a0recolectada en el momento \u00f3ptimo de madurez y acidez, se elabora este vino por el\u00a0m\u00e9todo tradicional de la comarca de Cigales (sin desfangado alguno, ni siembra de\u00a0levaduras y\/o nutrientes, ni correcci\u00f3n de acidez, -\u00a1tal cual llega el fruto al lagar!-),\u00a0macerando unas horas, para despu\u00e9s fermentar, a temperatura controlada, el mosto\u00a0flor escurrido de la caracter\u00edstica mezcla varietal: la mayoritaria tinta Tempranillo y\u00a0las blancas Albillo y Verdejo.<\/p>\n<p>Posteriores trasegados y un clarificado llevan el vino a su estado final de limpidez y\u00a0estabilidad proteica.<\/p>\n<p>El tiempo, normalmente hasta el mes de mayo no sale este vino al mercado, y el fr\u00edo,\u00a0estabilizaci\u00f3n por fr\u00edo natural (aprox. 5\u00baC), le dejan listo para su embotellado, en\u00a0su momento \u00f3ptimo de consumo.<\/p>\n<hr \/>\n<h3>PRODUCCI\u00d3N<\/h3>\n<p>Vino joven del que anualmente se elaboran entre 13.000 y 25.000\u00a0botellas en virtud de cuan generosa sea la cosecha.<\/p>\n<hr \/>\n<h3>COMERCIALIZACI\u00d3N<\/h3>\n<p>Se comercializa a partir del mes de mayo, pues en ning\u00fan\u00a0momento se acelera su proceso de elaboraci\u00f3n, en botella bordelesa de 750 ml y\u00a0cajas de 12 unidades.<\/p>\n<hr \/>\n<h3>CATA<\/h3>\n<p>Clarete\u00a0de graduaci\u00f3n alcoh\u00f3lica adquirida entre 12,5 y 13,5 % vol. Color\u00a0rosa complejo, desde el rosa fresa hasta el rosa guinda en funci\u00f3n de la riqueza\u00a0polifen\u00f3lica de la cosecha. Aromas primarios vivaces y diferenciadores de la mezcla\u00a0singular de variedades que participan en su elaboraci\u00f3n, y secundarios abundantes,\u00a0propios de la fermentaci\u00f3n e intr\u00ednsecos del vino. Ligera aguja, y en boca es fresco y\u00a0afrutado, de vinosidad persistente en el tiempo.<\/p>\n<hr \/>\n<h3>CONSUMO Y MARIDAJE<\/h3>\n<p>Vino para beber durante el primer y segundo a\u00f1o. Se\u00a0recomienda hacerlo a baja temperatura (aprox. 8\u00baC), y siempre bien acompa\u00f1ado:\u00a0entremeses y quesos, arroces, legumbres, pescados y\/o carnes suaves.<\/p>\n<\/div>\n[\/vc_column_text][\/vc_column][\/vc_row]\n","protected":false},"excerpt":{"rendered":"[vc_row css=&#8221;.vc_custom_1572886902734{padding-top: 50px !important;}&#8221;][vc_column width=&#8221;1\/2&#8243;][vc_single_image image=&#8221;105&#8243; img_size=&#8221;large&#8221; alignment=&#8221;center&#8221; onclick=&#8221;link_image&#8221; css_animation=&#8221;fadeIn&#8221;][vc_separator][vc_btn title=&#8221;FOLHA DE DADOS T\u00c9CNICOS&#8221; style=&#8221;outline&#8221; color=&#8221;black&#8221; align=&#8221;center&#8221; i_icon_fontawesome=&#8221;fa fa-undo&#8221; button_block=&#8221;true&#8221; add_icon=&#8221;true&#8221; link=&#8221;url:https%3A%2F%2Fbodega-santamaria.com%2Fwp-content%2Fuploads%2F2019%2F11%2F29_Pago-el-cordonero-en.pdf||target:%20_blank|&#8221;][\/vc_column][vc_column width=&#8221;1\/2&#8243;][vc_column_text] PAGO EL CORDONERO [\/vc_column_text][vc_column_text] Origin:\u00a0Spain Apellation:\u00a0D.O. Cigales Type:\u00a0Young ros\u00e9 Varietal composition:\u00a080% Tempranillo, 10% Verdejo and 10% Albillo. VINIFICACI\u00d3N De la vendimia seleccionada a mano de nuestros propios vi\u00f1edos,\u00a0recolectada en el momento \u00f3ptimo [&#8230;]\n","protected":false},"author":1,"featured_media":0,"parent":386,"menu_order":0,"comment_status":"closed","ping_status":"closed","template":"","meta":{"footnotes":""},"class_list":["post-389","page","type-page","status-publish","hentry"],"yoast_head":"<!-- This site is optimized with the Yoast SEO plugin v27.4 - https:\/\/yoast.com\/product\/yoast-seo-wordpress\/ -->\n<title>PAGO EL CORDONERO - Alfredo Santamar\u00eda - Bodegas y Vi\u00f1edos<\/title>\n<meta name=\"robots\" content=\"index, follow, max-snippet:-1, max-image-preview:large, max-video-preview:-1\" \/>\n<link rel=\"canonical\" href=\"https:\/\/bodega-santamaria.com\/pt-pt\/os-vinhos\/pago-el-cordonero\/\" \/>\n<meta property=\"og:locale\" content=\"pt_PT\" \/>\n<meta property=\"og:type\" content=\"article\" \/>\n<meta property=\"og:title\" content=\"PAGO EL CORDONERO - Alfredo Santamar\u00eda - Bodegas y Vi\u00f1edos\" \/>\n<meta property=\"og:description\" content=\"[vc_row css=&#8221;.vc_custom_1572886902734{padding-top: 50px !important;}&#8221;][vc_column width=&#8221;1\/2&#8243;][vc_single_image image=&#8221;105&#8243; img_size=&#8221;large&#8221; alignment=&#8221;center&#8221; onclick=&#8221;link_image&#8221; css_animation=&#8221;fadeIn&#8221;][vc_separator][vc_btn title=&#8221;FOLHA DE DADOS T\u00c9CNICOS&#8221; style=&#8221;outline&#8221; color=&#8221;black&#8221; align=&#8221;center&#8221; i_icon_fontawesome=&#8221;fa fa-undo&#8221; button_block=&#8221;true&#8221; add_icon=&#8221;true&#8221; link=&#8221;url:https%3A%2F%2Fbodega-santamaria.com%2Fwp-content%2Fuploads%2F2019%2F11%2F29_Pago-el-cordonero-en.pdf||target:%20_blank|&#8221;][\/vc_column][vc_column width=&#8221;1\/2&#8243;][vc_column_text] PAGO EL CORDONERO [\/vc_column_text][vc_column_text] Origin:\u00a0Spain Apellation:\u00a0D.O. Cigales Type:\u00a0Young ros\u00e9 Varietal composition:\u00a080% Tempranillo, 10% Verdejo and 10% Albillo. VINIFICACI\u00d3N De la vendimia seleccionada a mano de nuestros propios vi\u00f1edos,\u00a0recolectada en el momento \u00f3ptimo [...]\" \/>\n<meta property=\"og:url\" content=\"https:\/\/bodega-santamaria.com\/pt-pt\/os-vinhos\/pago-el-cordonero\/\" \/>\n<meta property=\"og:site_name\" content=\"Alfredo Santamar\u00eda - Bodegas y Vi\u00f1edos\" \/>\n<meta property=\"article:modified_time\" content=\"2019-11-07T17:58:06+00:00\" \/>\n<meta name=\"twitter:card\" content=\"summary_large_image\" \/>\n<meta name=\"twitter:label1\" content=\"Tempo estimado de leitura\" \/>\n\t<meta name=\"twitter:data1\" content=\"2 minutos\" \/>\n<script type=\"application\/ld+json\" class=\"yoast-schema-graph\">{\"@context\":\"https:\\\/\\\/schema.org\",\"@graph\":[{\"@type\":\"WebPage\",\"@id\":\"https:\\\/\\\/bodega-santamaria.com\\\/pt-pt\\\/os-vinhos\\\/pago-el-cordonero\\\/\",\"url\":\"https:\\\/\\\/bodega-santamaria.com\\\/pt-pt\\\/os-vinhos\\\/pago-el-cordonero\\\/\",\"name\":\"PAGO EL CORDONERO - Alfredo Santamar\u00eda - Bodegas y Vi\u00f1edos\",\"isPartOf\":{\"@id\":\"https:\\\/\\\/bodega-santamaria.com\\\/#website\"},\"datePublished\":\"2019-11-04T17:14:50+00:00\",\"dateModified\":\"2019-11-07T17:58:06+00:00\",\"breadcrumb\":{\"@id\":\"https:\\\/\\\/bodega-santamaria.com\\\/pt-pt\\\/os-vinhos\\\/pago-el-cordonero\\\/#breadcrumb\"},\"inLanguage\":\"pt-PT\",\"potentialAction\":[{\"@type\":\"ReadAction\",\"target\":[\"https:\\\/\\\/bodega-santamaria.com\\\/pt-pt\\\/os-vinhos\\\/pago-el-cordonero\\\/\"]}]},{\"@type\":\"BreadcrumbList\",\"@id\":\"https:\\\/\\\/bodega-santamaria.com\\\/pt-pt\\\/os-vinhos\\\/pago-el-cordonero\\\/#breadcrumb\",\"itemListElement\":[{\"@type\":\"ListItem\",\"position\":1,\"name\":\"Portada\",\"item\":\"https:\\\/\\\/bodega-santamaria.com\\\/pt-pt\\\/\"},{\"@type\":\"ListItem\",\"position\":2,\"name\":\"OS VINHOS\",\"item\":\"https:\\\/\\\/bodega-santamaria.com\\\/pt-pt\\\/os-vinhos\\\/\"},{\"@type\":\"ListItem\",\"position\":3,\"name\":\"PAGO EL CORDONERO\"}]},{\"@type\":\"WebSite\",\"@id\":\"https:\\\/\\\/bodega-santamaria.com\\\/#website\",\"url\":\"https:\\\/\\\/bodega-santamaria.com\\\/\",\"name\":\"Alfredo Santamar\u00eda - Bodegas y Vi\u00f1edos\",\"description\":\"Denominaci\u00f3n de Origen Cigales\",\"potentialAction\":[{\"@type\":\"SearchAction\",\"target\":{\"@type\":\"EntryPoint\",\"urlTemplate\":\"https:\\\/\\\/bodega-santamaria.com\\\/?s={search_term_string}\"},\"query-input\":{\"@type\":\"PropertyValueSpecification\",\"valueRequired\":true,\"valueName\":\"search_term_string\"}}],\"inLanguage\":\"pt-PT\"}]}<\/script>\n<!-- \/ Yoast SEO plugin. -->","yoast_head_json":{"title":"PAGO EL CORDONERO - Alfredo Santamar\u00eda - Bodegas y Vi\u00f1edos","robots":{"index":"index","follow":"follow","max-snippet":"max-snippet:-1","max-image-preview":"max-image-preview:large","max-video-preview":"max-video-preview:-1"},"canonical":"https:\/\/bodega-santamaria.com\/pt-pt\/os-vinhos\/pago-el-cordonero\/","og_locale":"pt_PT","og_type":"article","og_title":"PAGO EL CORDONERO - Alfredo Santamar\u00eda - Bodegas y Vi\u00f1edos","og_description":"[vc_row css=&#8221;.vc_custom_1572886902734{padding-top: 50px !important;}&#8221;][vc_column width=&#8221;1\/2&#8243;][vc_single_image image=&#8221;105&#8243; img_size=&#8221;large&#8221; alignment=&#8221;center&#8221; onclick=&#8221;link_image&#8221; css_animation=&#8221;fadeIn&#8221;][vc_separator][vc_btn title=&#8221;FOLHA DE DADOS T\u00c9CNICOS&#8221; style=&#8221;outline&#8221; color=&#8221;black&#8221; align=&#8221;center&#8221; i_icon_fontawesome=&#8221;fa fa-undo&#8221; button_block=&#8221;true&#8221; add_icon=&#8221;true&#8221; link=&#8221;url:https%3A%2F%2Fbodega-santamaria.com%2Fwp-content%2Fuploads%2F2019%2F11%2F29_Pago-el-cordonero-en.pdf||target:%20_blank|&#8221;][\/vc_column][vc_column width=&#8221;1\/2&#8243;][vc_column_text] PAGO EL CORDONERO [\/vc_column_text][vc_column_text] Origin:\u00a0Spain Apellation:\u00a0D.O. Cigales Type:\u00a0Young ros\u00e9 Varietal composition:\u00a080% Tempranillo, 10% Verdejo and 10% Albillo. VINIFICACI\u00d3N De la vendimia seleccionada a mano de nuestros propios vi\u00f1edos,\u00a0recolectada en el momento \u00f3ptimo [...]","og_url":"https:\/\/bodega-santamaria.com\/pt-pt\/os-vinhos\/pago-el-cordonero\/","og_site_name":"Alfredo Santamar\u00eda - Bodegas y Vi\u00f1edos","article_modified_time":"2019-11-07T17:58:06+00:00","twitter_card":"summary_large_image","twitter_misc":{"Tempo estimado de leitura":"2 minutos"},"schema":{"@context":"https:\/\/schema.org","@graph":[{"@type":"WebPage","@id":"https:\/\/bodega-santamaria.com\/pt-pt\/os-vinhos\/pago-el-cordonero\/","url":"https:\/\/bodega-santamaria.com\/pt-pt\/os-vinhos\/pago-el-cordonero\/","name":"PAGO EL CORDONERO - Alfredo Santamar\u00eda - Bodegas y Vi\u00f1edos","isPartOf":{"@id":"https:\/\/bodega-santamaria.com\/#website"},"datePublished":"2019-11-04T17:14:50+00:00","dateModified":"2019-11-07T17:58:06+00:00","breadcrumb":{"@id":"https:\/\/bodega-santamaria.com\/pt-pt\/os-vinhos\/pago-el-cordonero\/#breadcrumb"},"inLanguage":"pt-PT","potentialAction":[{"@type":"ReadAction","target":["https:\/\/bodega-santamaria.com\/pt-pt\/os-vinhos\/pago-el-cordonero\/"]}]},{"@type":"BreadcrumbList","@id":"https:\/\/bodega-santamaria.com\/pt-pt\/os-vinhos\/pago-el-cordonero\/#breadcrumb","itemListElement":[{"@type":"ListItem","position":1,"name":"Portada","item":"https:\/\/bodega-santamaria.com\/pt-pt\/"},{"@type":"ListItem","position":2,"name":"OS VINHOS","item":"https:\/\/bodega-santamaria.com\/pt-pt\/os-vinhos\/"},{"@type":"ListItem","position":3,"name":"PAGO EL CORDONERO"}]},{"@type":"WebSite","@id":"https:\/\/bodega-santamaria.com\/#website","url":"https:\/\/bodega-santamaria.com\/","name":"Alfredo Santamar\u00eda - Bodegas y Vi\u00f1edos","description":"Denominaci\u00f3n de Origen Cigales","potentialAction":[{"@type":"SearchAction","target":{"@type":"EntryPoint","urlTemplate":"https:\/\/bodega-santamaria.com\/?s={search_term_string}"},"query-input":{"@type":"PropertyValueSpecification","valueRequired":true,"valueName":"search_term_string"}}],"inLanguage":"pt-PT"}]}},"_links":{"self":[{"href":"https:\/\/bodega-santamaria.com\/pt-pt\/wp-json\/wp\/v2\/pages\/389","targetHints":{"allow":["GET"]}}],"collection":[{"href":"https:\/\/bodega-santamaria.com\/pt-pt\/wp-json\/wp\/v2\/pages"}],"about":[{"href":"https:\/\/bodega-santamaria.com\/pt-pt\/wp-json\/wp\/v2\/types\/page"}],"author":[{"embeddable":true,"href":"https:\/\/bodega-santamaria.com\/pt-pt\/wp-json\/wp\/v2\/users\/1"}],"replies":[{"embeddable":true,"href":"https:\/\/bodega-santamaria.com\/pt-pt\/wp-json\/wp\/v2\/comments?post=389"}],"version-history":[{"count":2,"href":"https:\/\/bodega-santamaria.com\/pt-pt\/wp-json\/wp\/v2\/pages\/389\/revisions"}],"predecessor-version":[{"id":531,"href":"https:\/\/bodega-santamaria.com\/pt-pt\/wp-json\/wp\/v2\/pages\/389\/revisions\/531"}],"up":[{"embeddable":true,"href":"https:\/\/bodega-santamaria.com\/pt-pt\/wp-json\/wp\/v2\/pages\/386"}],"wp:attachment":[{"href":"https:\/\/bodega-santamaria.com\/pt-pt\/wp-json\/wp\/v2\/media?parent=389"}],"curies":[{"name":"wp","href":"https:\/\/api.w.org\/{rel}","templated":true}]}}