
{"id":387,"date":"2019-11-04T18:17:04","date_gmt":"2019-11-04T17:17:04","guid":{"rendered":"http:\/\/bodega-santamaria.com\/our-wines\/alfredo-santamaria\/"},"modified":"2019-11-07T18:57:54","modified_gmt":"2019-11-07T17:57:54","slug":"alfredo-santamaria","status":"publish","type":"page","link":"https:\/\/bodega-santamaria.com\/pt-pt\/os-vinhos\/alfredo-santamaria\/","title":{"rendered":"ALFREDO SANTAMAR\u00cdA"},"content":{"rendered":"[vc_row css=&#8221;.vc_custom_1572886902734{padding-top: 50px !important;}&#8221;][vc_column width=&#8221;1\/2&#8243;][vc_single_image image=&#8221;108&#8243; img_size=&#8221;large&#8221; alignment=&#8221;center&#8221; onclick=&#8221;link_image&#8221; css_animation=&#8221;fadeIn&#8221;][vc_separator][vc_btn title=&#8221;FOLHA DE DADOS T\u00c9CNICOS&#8221; style=&#8221;outline&#8221; color=&#8221;black&#8221; align=&#8221;center&#8221; i_icon_fontawesome=&#8221;fa fa-undo&#8221; button_block=&#8221;true&#8221; add_icon=&#8221;true&#8221; link=&#8221;url:https%3A%2F%2Fbodega-santamaria.com%2Fwp-content%2Fuploads%2F2019%2F11%2F26_Alfredo_Santamaria.pdf||target:%20_blank|&#8221;][\/vc_column][vc_column width=&#8221;1\/2&#8243;][vc_column_text]\n<h1 style=\"font-size: 40px;\">ALFREDO SANTAMAR\u00cdA<\/h1>\n[\/vc_column_text][vc_column_text]\n<ul>\n<li><strong>Origin:<\/strong>\u00a0Spain<\/li>\n<li><strong>Apellation:<\/strong>\u00a0D.O. Cigales<\/li>\n<li><strong>Type:<\/strong>\u00a0Red wine. Crianza. 12 months oak<\/li>\n<li><strong>Varietal composition:<\/strong>\u00a0100% Tempranillo.<\/li>\n<\/ul>\n<hr \/>\n<h3>VINIFICACI\u00d3N<\/h3>\n<p>Fermentaci\u00f3n alcoh\u00f3lica controlada \u2013sin superar en ning\u00fan momento los 30\u00baC- de vendimia tinta Tempranillo, seleccionada a mano de nuestros vi\u00f1edosde m\u00e1s de 70 a\u00f1os, en el momento \u00f3ptimo de madurez, prolongando la maceraci\u00f3ncon los hollejos entre 15 y 25 d\u00edas, en funci\u00f3n del potencial polifen\u00f3lico de cadaa\u00f1ada.<br \/>\nFermentaci\u00f3n malol\u00e1ctica a temperatura controlada (22\u00baC).<\/p>\n<p>Posteriores trasegados y un clarificado llevan el vino a su estado final de limpidez y estabilidad proteica. Y la estabilizaci\u00f3n por fr\u00edo natural (aprox. 5\u00baC) dejan el vino listo para su envejecimiento.<\/p>\n<p>Crianza oxidativa, de al menos 12 meses en barricas de roble americano, y crianza reductora de otros 12 meses en botella, siempre en \u00f3ptimas condiciones de temperatura y humedad.<\/p>\n<p>Embotellado sin someter al vino a proceso agresivo alguno de estabilizaci\u00f3n, pudiendo presentar distintos precipitados naturales, por lo que se recomienda su decantaci\u00f3n.<\/p>\n<hr \/>\n<h3>PRODUCCI\u00d3N<\/h3>\n<p>Vino de guarda del que anualmente se elaboran producciones limitadas inferiores a las 13.000 botellas.<\/p>\n<hr \/>\n<h3>COMERCIALIZACI\u00d3N<\/h3>\n<p>Se comercializa transcurridos 30 meses, en botella bordelesa de<br \/>\n750 ml y cajas de 6 \u00f3 12 unidades.<\/p>\n<hr \/>\n<h3>CATA<\/h3>\n<p>Monovarietal de Tempranillo, de graduaci\u00f3n alcoh\u00f3lica adquirida en torno a 14% vol, vestido de un rojo intenso con ribetes amoratados y l\u00e1grima acusada. Despliega en nariz aromas frutales potentes, con un fondo especiado de buena madera de acompa\u00f1amiento. En boca satisface plenamente las sensaciones t\u00e1ctiles.<\/p>\n<p>Carnosidad y un tanino que integra fruta y duela en armon\u00eda. Una impresi\u00f3n final que se prolonga alargando fruta.<\/p>\n<hr \/>\n<h3>CONSUMO Y MARIDAJE<\/h3>\n<p>Vino para beber hasta en 10 a\u00f1os, seg\u00fan a\u00f1adas. Se recomienda hacerlo a temperatura moderada (aprox. 16\u00baC), marid\u00e1ndolo con ib\u00e9ricos, quesos fuertes, caza, y en general carnes a la brasa o asados.[\/vc_column_text][\/vc_column][\/vc_row]\n","protected":false},"excerpt":{"rendered":"[vc_row css=&#8221;.vc_custom_1572886902734{padding-top: 50px !important;}&#8221;][vc_column width=&#8221;1\/2&#8243;][vc_single_image image=&#8221;108&#8243; img_size=&#8221;large&#8221; alignment=&#8221;center&#8221; onclick=&#8221;link_image&#8221; css_animation=&#8221;fadeIn&#8221;][vc_separator][vc_btn title=&#8221;FOLHA DE DADOS T\u00c9CNICOS&#8221; style=&#8221;outline&#8221; color=&#8221;black&#8221; align=&#8221;center&#8221; i_icon_fontawesome=&#8221;fa fa-undo&#8221; button_block=&#8221;true&#8221; add_icon=&#8221;true&#8221; link=&#8221;url:https%3A%2F%2Fbodega-santamaria.com%2Fwp-content%2Fuploads%2F2019%2F11%2F26_Alfredo_Santamaria.pdf||target:%20_blank|&#8221;][\/vc_column][vc_column width=&#8221;1\/2&#8243;][vc_column_text] ALFREDO SANTAMAR\u00cdA [\/vc_column_text][vc_column_text] Origin:\u00a0Spain Apellation:\u00a0D.O. Cigales Type:\u00a0Red wine. Crianza. 12 months oak Varietal composition:\u00a0100% Tempranillo. VINIFICACI\u00d3N Fermentaci\u00f3n alcoh\u00f3lica controlada \u2013sin superar en ning\u00fan momento los 30\u00baC- de vendimia tinta Tempranillo, seleccionada a [&#8230;]\n","protected":false},"author":1,"featured_media":0,"parent":386,"menu_order":0,"comment_status":"closed","ping_status":"closed","template":"","meta":{"footnotes":""},"class_list":["post-387","page","type-page","status-publish","hentry"],"yoast_head":"<!-- This site is optimized with the Yoast SEO plugin v27.4 - https:\/\/yoast.com\/product\/yoast-seo-wordpress\/ -->\n<title>ALFREDO SANTAMAR\u00cdA - Alfredo Santamar\u00eda - Bodegas y Vi\u00f1edos<\/title>\n<meta name=\"robots\" content=\"index, follow, max-snippet:-1, max-image-preview:large, max-video-preview:-1\" \/>\n<link rel=\"canonical\" href=\"https:\/\/bodega-santamaria.com\/pt-pt\/os-vinhos\/alfredo-santamaria\/\" \/>\n<meta property=\"og:locale\" content=\"pt_PT\" \/>\n<meta property=\"og:type\" content=\"article\" \/>\n<meta property=\"og:title\" content=\"ALFREDO SANTAMAR\u00cdA - Alfredo Santamar\u00eda - Bodegas y Vi\u00f1edos\" \/>\n<meta property=\"og:description\" content=\"[vc_row css=&#8221;.vc_custom_1572886902734{padding-top: 50px !important;}&#8221;][vc_column width=&#8221;1\/2&#8243;][vc_single_image image=&#8221;108&#8243; img_size=&#8221;large&#8221; alignment=&#8221;center&#8221; onclick=&#8221;link_image&#8221; css_animation=&#8221;fadeIn&#8221;][vc_separator][vc_btn title=&#8221;FOLHA DE DADOS T\u00c9CNICOS&#8221; style=&#8221;outline&#8221; color=&#8221;black&#8221; align=&#8221;center&#8221; i_icon_fontawesome=&#8221;fa fa-undo&#8221; button_block=&#8221;true&#8221; add_icon=&#8221;true&#8221; link=&#8221;url:https%3A%2F%2Fbodega-santamaria.com%2Fwp-content%2Fuploads%2F2019%2F11%2F26_Alfredo_Santamaria.pdf||target:%20_blank|&#8221;][\/vc_column][vc_column width=&#8221;1\/2&#8243;][vc_column_text] ALFREDO SANTAMAR\u00cdA [\/vc_column_text][vc_column_text] Origin:\u00a0Spain Apellation:\u00a0D.O. Cigales Type:\u00a0Red wine. Crianza. 12 months oak Varietal composition:\u00a0100% Tempranillo. VINIFICACI\u00d3N Fermentaci\u00f3n alcoh\u00f3lica controlada \u2013sin superar en ning\u00fan momento los 30\u00baC- de vendimia tinta Tempranillo, seleccionada a [...]\" \/>\n<meta property=\"og:url\" content=\"https:\/\/bodega-santamaria.com\/pt-pt\/os-vinhos\/alfredo-santamaria\/\" \/>\n<meta property=\"og:site_name\" content=\"Alfredo Santamar\u00eda - Bodegas y Vi\u00f1edos\" \/>\n<meta property=\"article:modified_time\" content=\"2019-11-07T17:57:54+00:00\" \/>\n<meta name=\"twitter:card\" content=\"summary_large_image\" \/>\n<meta name=\"twitter:label1\" content=\"Tempo estimado de leitura\" \/>\n\t<meta name=\"twitter:data1\" content=\"2 minutos\" \/>\n<script type=\"application\/ld+json\" class=\"yoast-schema-graph\">{\"@context\":\"https:\\\/\\\/schema.org\",\"@graph\":[{\"@type\":\"WebPage\",\"@id\":\"https:\\\/\\\/bodega-santamaria.com\\\/pt-pt\\\/os-vinhos\\\/alfredo-santamaria\\\/\",\"url\":\"https:\\\/\\\/bodega-santamaria.com\\\/pt-pt\\\/os-vinhos\\\/alfredo-santamaria\\\/\",\"name\":\"ALFREDO SANTAMAR\u00cdA - Alfredo Santamar\u00eda - Bodegas y Vi\u00f1edos\",\"isPartOf\":{\"@id\":\"https:\\\/\\\/bodega-santamaria.com\\\/#website\"},\"datePublished\":\"2019-11-04T17:17:04+00:00\",\"dateModified\":\"2019-11-07T17:57:54+00:00\",\"breadcrumb\":{\"@id\":\"https:\\\/\\\/bodega-santamaria.com\\\/pt-pt\\\/os-vinhos\\\/alfredo-santamaria\\\/#breadcrumb\"},\"inLanguage\":\"pt-PT\",\"potentialAction\":[{\"@type\":\"ReadAction\",\"target\":[\"https:\\\/\\\/bodega-santamaria.com\\\/pt-pt\\\/os-vinhos\\\/alfredo-santamaria\\\/\"]}]},{\"@type\":\"BreadcrumbList\",\"@id\":\"https:\\\/\\\/bodega-santamaria.com\\\/pt-pt\\\/os-vinhos\\\/alfredo-santamaria\\\/#breadcrumb\",\"itemListElement\":[{\"@type\":\"ListItem\",\"position\":1,\"name\":\"Portada\",\"item\":\"https:\\\/\\\/bodega-santamaria.com\\\/pt-pt\\\/\"},{\"@type\":\"ListItem\",\"position\":2,\"name\":\"OS VINHOS\",\"item\":\"https:\\\/\\\/bodega-santamaria.com\\\/pt-pt\\\/os-vinhos\\\/\"},{\"@type\":\"ListItem\",\"position\":3,\"name\":\"ALFREDO SANTAMAR\u00cdA\"}]},{\"@type\":\"WebSite\",\"@id\":\"https:\\\/\\\/bodega-santamaria.com\\\/#website\",\"url\":\"https:\\\/\\\/bodega-santamaria.com\\\/\",\"name\":\"Alfredo Santamar\u00eda - Bodegas y Vi\u00f1edos\",\"description\":\"Denominaci\u00f3n de Origen Cigales\",\"potentialAction\":[{\"@type\":\"SearchAction\",\"target\":{\"@type\":\"EntryPoint\",\"urlTemplate\":\"https:\\\/\\\/bodega-santamaria.com\\\/?s={search_term_string}\"},\"query-input\":{\"@type\":\"PropertyValueSpecification\",\"valueRequired\":true,\"valueName\":\"search_term_string\"}}],\"inLanguage\":\"pt-PT\"}]}<\/script>\n<!-- \/ Yoast SEO plugin. -->","yoast_head_json":{"title":"ALFREDO SANTAMAR\u00cdA - Alfredo Santamar\u00eda - Bodegas y Vi\u00f1edos","robots":{"index":"index","follow":"follow","max-snippet":"max-snippet:-1","max-image-preview":"max-image-preview:large","max-video-preview":"max-video-preview:-1"},"canonical":"https:\/\/bodega-santamaria.com\/pt-pt\/os-vinhos\/alfredo-santamaria\/","og_locale":"pt_PT","og_type":"article","og_title":"ALFREDO SANTAMAR\u00cdA - Alfredo Santamar\u00eda - Bodegas y Vi\u00f1edos","og_description":"[vc_row css=&#8221;.vc_custom_1572886902734{padding-top: 50px !important;}&#8221;][vc_column width=&#8221;1\/2&#8243;][vc_single_image image=&#8221;108&#8243; img_size=&#8221;large&#8221; alignment=&#8221;center&#8221; onclick=&#8221;link_image&#8221; css_animation=&#8221;fadeIn&#8221;][vc_separator][vc_btn title=&#8221;FOLHA DE DADOS T\u00c9CNICOS&#8221; style=&#8221;outline&#8221; color=&#8221;black&#8221; align=&#8221;center&#8221; i_icon_fontawesome=&#8221;fa fa-undo&#8221; button_block=&#8221;true&#8221; add_icon=&#8221;true&#8221; link=&#8221;url:https%3A%2F%2Fbodega-santamaria.com%2Fwp-content%2Fuploads%2F2019%2F11%2F26_Alfredo_Santamaria.pdf||target:%20_blank|&#8221;][\/vc_column][vc_column width=&#8221;1\/2&#8243;][vc_column_text] ALFREDO SANTAMAR\u00cdA [\/vc_column_text][vc_column_text] Origin:\u00a0Spain Apellation:\u00a0D.O. Cigales Type:\u00a0Red wine. Crianza. 12 months oak Varietal composition:\u00a0100% Tempranillo. VINIFICACI\u00d3N Fermentaci\u00f3n alcoh\u00f3lica controlada \u2013sin superar en ning\u00fan momento los 30\u00baC- de vendimia tinta Tempranillo, seleccionada a [...]","og_url":"https:\/\/bodega-santamaria.com\/pt-pt\/os-vinhos\/alfredo-santamaria\/","og_site_name":"Alfredo Santamar\u00eda - Bodegas y Vi\u00f1edos","article_modified_time":"2019-11-07T17:57:54+00:00","twitter_card":"summary_large_image","twitter_misc":{"Tempo estimado de leitura":"2 minutos"},"schema":{"@context":"https:\/\/schema.org","@graph":[{"@type":"WebPage","@id":"https:\/\/bodega-santamaria.com\/pt-pt\/os-vinhos\/alfredo-santamaria\/","url":"https:\/\/bodega-santamaria.com\/pt-pt\/os-vinhos\/alfredo-santamaria\/","name":"ALFREDO SANTAMAR\u00cdA - Alfredo Santamar\u00eda - Bodegas y Vi\u00f1edos","isPartOf":{"@id":"https:\/\/bodega-santamaria.com\/#website"},"datePublished":"2019-11-04T17:17:04+00:00","dateModified":"2019-11-07T17:57:54+00:00","breadcrumb":{"@id":"https:\/\/bodega-santamaria.com\/pt-pt\/os-vinhos\/alfredo-santamaria\/#breadcrumb"},"inLanguage":"pt-PT","potentialAction":[{"@type":"ReadAction","target":["https:\/\/bodega-santamaria.com\/pt-pt\/os-vinhos\/alfredo-santamaria\/"]}]},{"@type":"BreadcrumbList","@id":"https:\/\/bodega-santamaria.com\/pt-pt\/os-vinhos\/alfredo-santamaria\/#breadcrumb","itemListElement":[{"@type":"ListItem","position":1,"name":"Portada","item":"https:\/\/bodega-santamaria.com\/pt-pt\/"},{"@type":"ListItem","position":2,"name":"OS VINHOS","item":"https:\/\/bodega-santamaria.com\/pt-pt\/os-vinhos\/"},{"@type":"ListItem","position":3,"name":"ALFREDO SANTAMAR\u00cdA"}]},{"@type":"WebSite","@id":"https:\/\/bodega-santamaria.com\/#website","url":"https:\/\/bodega-santamaria.com\/","name":"Alfredo Santamar\u00eda - Bodegas y Vi\u00f1edos","description":"Denominaci\u00f3n de Origen Cigales","potentialAction":[{"@type":"SearchAction","target":{"@type":"EntryPoint","urlTemplate":"https:\/\/bodega-santamaria.com\/?s={search_term_string}"},"query-input":{"@type":"PropertyValueSpecification","valueRequired":true,"valueName":"search_term_string"}}],"inLanguage":"pt-PT"}]}},"_links":{"self":[{"href":"https:\/\/bodega-santamaria.com\/pt-pt\/wp-json\/wp\/v2\/pages\/387","targetHints":{"allow":["GET"]}}],"collection":[{"href":"https:\/\/bodega-santamaria.com\/pt-pt\/wp-json\/wp\/v2\/pages"}],"about":[{"href":"https:\/\/bodega-santamaria.com\/pt-pt\/wp-json\/wp\/v2\/types\/page"}],"author":[{"embeddable":true,"href":"https:\/\/bodega-santamaria.com\/pt-pt\/wp-json\/wp\/v2\/users\/1"}],"replies":[{"embeddable":true,"href":"https:\/\/bodega-santamaria.com\/pt-pt\/wp-json\/wp\/v2\/comments?post=387"}],"version-history":[{"count":4,"href":"https:\/\/bodega-santamaria.com\/pt-pt\/wp-json\/wp\/v2\/pages\/387\/revisions"}],"predecessor-version":[{"id":530,"href":"https:\/\/bodega-santamaria.com\/pt-pt\/wp-json\/wp\/v2\/pages\/387\/revisions\/530"}],"up":[{"embeddable":true,"href":"https:\/\/bodega-santamaria.com\/pt-pt\/wp-json\/wp\/v2\/pages\/386"}],"wp:attachment":[{"href":"https:\/\/bodega-santamaria.com\/pt-pt\/wp-json\/wp\/v2\/media?parent=387"}],"curies":[{"name":"wp","href":"https:\/\/api.w.org\/{rel}","templated":true}]}}