
{"id":384,"date":"2019-11-04T17:45:38","date_gmt":"2019-11-04T16:45:38","guid":{"rendered":"http:\/\/bodega-santamaria.com\/home\/"},"modified":"2022-02-15T18:50:34","modified_gmt":"2022-02-15T17:50:34","slug":"home","status":"publish","type":"page","link":"https:\/\/bodega-santamaria.com\/pt-pt\/","title":{"rendered":"Home"},"content":{"rendered":"<div class=\"slider-wrapper relative\" id=\"slider-959169844\" >\n    <div class=\"slider slider-nav-circle slider-nav-large slider-nav-light slider-style-normal\"\n        data-flickity-options='{\n            \"cellAlign\": \"center\",\n            \"imagesLoaded\": true,\n            \"lazyLoad\": 1,\n            \"freeScroll\": false,\n            \"wrapAround\": true,\n            \"autoPlay\": 6000,\n            \"pauseAutoPlayOnHover\" : true,\n            \"prevNextButtons\": false,\n            \"contain\" : true,\n            \"adaptiveHeight\" : true,\n            \"dragThreshold\" : 10,\n            \"percentPosition\": true,\n            \"pageDots\": false,\n            \"rightToLeft\": false,\n            \"draggable\": false,\n            \"selectedAttraction\": 0.1,\n            \"parallax\" : 0,\n            \"friction\": 0.6        }'\n        >\n        \n\n  <div class=\"banner has-hover has-video is-full-height\" id=\"banner-1371300162\">\n          <div class=\"banner-inner fill\">\n        <div class=\"banner-bg fill\" >\n            <div class=\"bg fill bg-fill \"><\/div>\n            \t<div class=\"video-overlay no-click fill visible\"><\/div>\n\t<video class=\"video-bg fill visible\" preload playsinline autoplay\n\t\tmuted\t\tloop>\n\t\t<source src=\"https:\/\/bodega-santamaria.com\/wp-content\/uploads\/2021\/03\/anuncio.mp4\" type=\"video\/mp4\">\t<\/video>\n                        \n                    <\/div>\n\t\t\n        <div class=\"banner-layers container\">\n            <div class=\"fill banner-link\"><\/div>            \n   <div id=\"text-box-875766262\" class=\"text-box banner-layer x50 md-x50 lg-x50 y100 md-y100 lg-y100 res-text\">\n                                <div class=\"text-box-content text dark\">\n              \n              <div class=\"text-inner text-center\">\n                  \n<div class=\"row row-collapse align-middle align-center\"  id=\"row-1192900391\">\n\n\t<div id=\"col-1586224565\" class=\"col medium-9 small-12 large-9\"  >\n\t\t\t\t<div class=\"col-inner\"  >\n\t\t\t\n\t\t\t\n\t<div id=\"text-1375142048\" class=\"text\">\n\t\t\n<p>Ver v\u00eddeo con sonido<br \/>\n\t\t\n<style>\n#text-1375142048 {\n  font-size: 1rem;\n  line-height: 1;\n}\n<\/style>\n\t<\/div>\n\t\n\t\t<\/div>\n\t\t\t\t\t<\/div>\n\n\t\n\n\t<div id=\"col-1771278841\" class=\"col medium-3 small-12 large-3\"  >\n\t\t\t\t<div class=\"col-inner\"  >\n\t\t\t\n\t\t\t\n<div class=\"video-button-wrapper\" style=\"font-size:49%\"><a href=\"https:\/\/bodega-santamaria.com\/wp-content\/uploads\/2021\/03\/anuncio.mp4\" class=\"button open-video icon circle is-outline is-xlarge\"><i class=\"icon-play\" style=\"font-size:1.5em;\"><\/i><\/a><\/div>\n\t\t<\/div>\n\t\t\t\t\t<\/div>\n\n\t\n<\/div>\n              <\/div>\n           <\/div>\n                            \n<style>\n#text-box-875766262 .text-box-content {\n  background-color: rgba(14, 14, 14, 0.64);\n  font-size: 100%;\n}\n#text-box-875766262 .text-inner {\n  padding: 0px 10px 0px 10px;\n}\n#text-box-875766262 {\n  width: 26%;\n}\n<\/style>\n    <\/div>\n \n        <\/div>\n      <\/div>\n\n            \n<style>\n#banner-1371300162 {\n  padding-top: 100%;\n}\n#banner-1371300162 .ux-shape-divider--top svg {\n  height: 150px;\n  --divider-top-width: 100%;\n}\n#banner-1371300162 .ux-shape-divider--bottom svg {\n  height: 150px;\n  --divider-width: 100%;\n}\n<\/style>\n  <\/div>\n\n\n     <\/div>\n\n     <div class=\"loading-spin dark large centered\"><\/div>\n\n     \t<\/div>\n\n\n<div class=\"row\"  id=\"row-481181507\">\n\n\t<div id=\"col-639884584\" class=\"col small-12 large-12\"  >\n\t\t\t\t<div class=\"col-inner\"  >\n\t\t\t\n\t\t\t\n<p align=\"JUSTIFY\">A\u00a0<strong>\u201cBodega y Vi\u00f1edos Alfredo Santamaria\u201d<\/strong>\u00a0\u00e9 uma vin\u00edcola familiar localizada bem no centro hist\u00f3rico de Cubillas de Santa Marta, uma pequena localidade de estilo r\u00fastico e castelhano que harmoniza e alinda este munic\u00edpio na prov\u00edncia de Valladolid.<\/p>\n<p align=\"JUSTIFY\">Esta vin\u00edcola atualmente \u00e9 composta pela terceira gera\u00e7\u00e3o de viticultores na fam\u00edlia. A comercializa\u00e7\u00e3o dos nossos caldos \u00e0 n\u00edvel profissional come\u00e7a em 1991, com o objetivo de elaborar vinhos de pouca produ\u00e7\u00e3o e m\u00e1xima qualidade dentro da\u00a0<strong>Denomina\u00e7\u00e3o de Origem Cigales.<\/strong>\u00a0Para isso, contamos com modernas instala\u00e7\u00f5es e tecnologia avan\u00e7ada necess\u00e1ria para fazer poss\u00edvel uma vinifica\u00e7\u00e3o de acordo com os novos tempos, mas conservando tudo do que \u00e9 melhor do m\u00e9todo tradicional herdado de nossas gera\u00e7\u00f5es passadas.<\/p>\n<blockquote>\n<p align=\"JUSTIFY\"><strong><em>Sabendo-se que os grandes vinhos t\u00eam suas ra\u00edzes na viticultura, possu\u00edmos os nossos pr\u00f3prios vinhedos, nos quais trabalhamos durante o ano todo para obter os melhores frutos.<\/em><\/strong><\/p>\n<\/blockquote>\n<p align=\"JUSTIFY\">O resto se comp\u00f5e do cen\u00e1rio que evoca tranquilidade e sossego, proporcionando aos vinhos a paz necess\u00e1ria para sua perfeita elabora\u00e7\u00e3o e envelhecimento.<\/p>\n<p align=\"JUSTIFY\">O nosso projeto se consolida com a forma\u00e7\u00e3o de um Complexo Enotur\u00edstico, ao que lhe foi acrescentado um Hotel Rural onde qualquer pessoa pode conhecer o nosso entorno, harmonizado com a gastronomia, lazer e cultura, sem perder de vista o sossego e o descanso.<\/p>\n\t\t<\/div>\n\t\t\t\t\t<\/div>\n\n\t\n<\/div>\n","protected":false},"excerpt":{"rendered":"Ver v\u00eddeo con sonido A\u00a0\u201cBodega y Vi\u00f1edos Alfredo Santamaria\u201d\u00a0\u00e9 uma vin\u00edcola familiar localizada bem no centro hist\u00f3rico de Cubillas de Santa Marta, uma pequena localidade de estilo r\u00fastico e castelhano que harmoniza e alinda este munic\u00edpio na prov\u00edncia de Valladolid. Esta vin\u00edcola atualmente \u00e9 composta pela terceira gera\u00e7\u00e3o de viticultores na fam\u00edlia. A comercializa\u00e7\u00e3o dos [...]","protected":false},"author":1,"featured_media":0,"parent":0,"menu_order":0,"comment_status":"closed","ping_status":"closed","template":"page-transparent-header-light.php","meta":{"footnotes":""},"class_list":["post-384","page","type-page","status-publish","hentry"],"yoast_head":"<!-- This site is optimized with the Yoast SEO plugin v27.4 - https:\/\/yoast.com\/product\/yoast-seo-wordpress\/ -->\n<title>Home - Alfredo Santamar\u00eda - Bodegas y Vi\u00f1edos<\/title>\n<meta name=\"robots\" content=\"index, follow, max-snippet:-1, max-image-preview:large, max-video-preview:-1\" \/>\n<link rel=\"canonical\" href=\"https:\/\/bodega-santamaria.com\/pt-pt\/\" \/>\n<meta property=\"og:locale\" content=\"pt_PT\" \/>\n<meta property=\"og:type\" content=\"article\" \/>\n<meta property=\"og:title\" content=\"Home - Alfredo Santamar\u00eda - Bodegas y Vi\u00f1edos\" \/>\n<meta property=\"og:url\" content=\"https:\/\/bodega-santamaria.com\/pt-pt\/\" \/>\n<meta property=\"og:site_name\" content=\"Alfredo Santamar\u00eda - Bodegas y Vi\u00f1edos\" \/>\n<meta property=\"article:modified_time\" content=\"2022-02-15T17:50:34+00:00\" \/>\n<meta name=\"twitter:card\" content=\"summary_large_image\" \/>\n<meta name=\"twitter:label1\" content=\"Tempo estimado de leitura\" \/>\n\t<meta name=\"twitter:data1\" content=\"2 minutos\" \/>\n<script type=\"application\/ld+json\" class=\"yoast-schema-graph\">{\"@context\":\"https:\\\/\\\/schema.org\",\"@graph\":[{\"@type\":\"WebPage\",\"@id\":\"https:\\\/\\\/bodega-santamaria.com\\\/pt-pt\\\/\",\"url\":\"https:\\\/\\\/bodega-santamaria.com\\\/pt-pt\\\/\",\"name\":\"Home - Alfredo Santamar\u00eda - Bodegas y Vi\u00f1edos\",\"isPartOf\":{\"@id\":\"https:\\\/\\\/bodega-santamaria.com\\\/#website\"},\"datePublished\":\"2019-11-04T16:45:38+00:00\",\"dateModified\":\"2022-02-15T17:50:34+00:00\",\"breadcrumb\":{\"@id\":\"https:\\\/\\\/bodega-santamaria.com\\\/pt-pt\\\/#breadcrumb\"},\"inLanguage\":\"pt-PT\",\"potentialAction\":[{\"@type\":\"ReadAction\",\"target\":[\"https:\\\/\\\/bodega-santamaria.com\\\/pt-pt\\\/\"]}]},{\"@type\":\"BreadcrumbList\",\"@id\":\"https:\\\/\\\/bodega-santamaria.com\\\/pt-pt\\\/#breadcrumb\",\"itemListElement\":[{\"@type\":\"ListItem\",\"position\":1,\"name\":\"Portada\",\"item\":\"https:\\\/\\\/bodega-santamaria.com\\\/pt-pt\\\/\"},{\"@type\":\"ListItem\",\"position\":2,\"name\":\"Home\"}]},{\"@type\":\"WebSite\",\"@id\":\"https:\\\/\\\/bodega-santamaria.com\\\/#website\",\"url\":\"https:\\\/\\\/bodega-santamaria.com\\\/\",\"name\":\"Alfredo Santamar\u00eda - Bodegas y Vi\u00f1edos\",\"description\":\"Denominaci\u00f3n de Origen Cigales\",\"potentialAction\":[{\"@type\":\"SearchAction\",\"target\":{\"@type\":\"EntryPoint\",\"urlTemplate\":\"https:\\\/\\\/bodega-santamaria.com\\\/?s={search_term_string}\"},\"query-input\":{\"@type\":\"PropertyValueSpecification\",\"valueRequired\":true,\"valueName\":\"search_term_string\"}}],\"inLanguage\":\"pt-PT\"}]}<\/script>\n<!-- \/ Yoast SEO plugin. -->","yoast_head_json":{"title":"Home - Alfredo Santamar\u00eda - Bodegas y Vi\u00f1edos","robots":{"index":"index","follow":"follow","max-snippet":"max-snippet:-1","max-image-preview":"max-image-preview:large","max-video-preview":"max-video-preview:-1"},"canonical":"https:\/\/bodega-santamaria.com\/pt-pt\/","og_locale":"pt_PT","og_type":"article","og_title":"Home - Alfredo Santamar\u00eda - Bodegas y Vi\u00f1edos","og_url":"https:\/\/bodega-santamaria.com\/pt-pt\/","og_site_name":"Alfredo Santamar\u00eda - Bodegas y Vi\u00f1edos","article_modified_time":"2022-02-15T17:50:34+00:00","twitter_card":"summary_large_image","twitter_misc":{"Tempo estimado de leitura":"2 minutos"},"schema":{"@context":"https:\/\/schema.org","@graph":[{"@type":"WebPage","@id":"https:\/\/bodega-santamaria.com\/pt-pt\/","url":"https:\/\/bodega-santamaria.com\/pt-pt\/","name":"Home - Alfredo Santamar\u00eda - Bodegas y Vi\u00f1edos","isPartOf":{"@id":"https:\/\/bodega-santamaria.com\/#website"},"datePublished":"2019-11-04T16:45:38+00:00","dateModified":"2022-02-15T17:50:34+00:00","breadcrumb":{"@id":"https:\/\/bodega-santamaria.com\/pt-pt\/#breadcrumb"},"inLanguage":"pt-PT","potentialAction":[{"@type":"ReadAction","target":["https:\/\/bodega-santamaria.com\/pt-pt\/"]}]},{"@type":"BreadcrumbList","@id":"https:\/\/bodega-santamaria.com\/pt-pt\/#breadcrumb","itemListElement":[{"@type":"ListItem","position":1,"name":"Portada","item":"https:\/\/bodega-santamaria.com\/pt-pt\/"},{"@type":"ListItem","position":2,"name":"Home"}]},{"@type":"WebSite","@id":"https:\/\/bodega-santamaria.com\/#website","url":"https:\/\/bodega-santamaria.com\/","name":"Alfredo Santamar\u00eda - Bodegas y Vi\u00f1edos","description":"Denominaci\u00f3n de Origen Cigales","potentialAction":[{"@type":"SearchAction","target":{"@type":"EntryPoint","urlTemplate":"https:\/\/bodega-santamaria.com\/?s={search_term_string}"},"query-input":{"@type":"PropertyValueSpecification","valueRequired":true,"valueName":"search_term_string"}}],"inLanguage":"pt-PT"}]}},"_links":{"self":[{"href":"https:\/\/bodega-santamaria.com\/pt-pt\/wp-json\/wp\/v2\/pages\/384","targetHints":{"allow":["GET"]}}],"collection":[{"href":"https:\/\/bodega-santamaria.com\/pt-pt\/wp-json\/wp\/v2\/pages"}],"about":[{"href":"https:\/\/bodega-santamaria.com\/pt-pt\/wp-json\/wp\/v2\/types\/page"}],"author":[{"embeddable":true,"href":"https:\/\/bodega-santamaria.com\/pt-pt\/wp-json\/wp\/v2\/users\/1"}],"replies":[{"embeddable":true,"href":"https:\/\/bodega-santamaria.com\/pt-pt\/wp-json\/wp\/v2\/comments?post=384"}],"version-history":[{"count":2,"href":"https:\/\/bodega-santamaria.com\/pt-pt\/wp-json\/wp\/v2\/pages\/384\/revisions"}],"predecessor-version":[{"id":6654,"href":"https:\/\/bodega-santamaria.com\/pt-pt\/wp-json\/wp\/v2\/pages\/384\/revisions\/6654"}],"wp:attachment":[{"href":"https:\/\/bodega-santamaria.com\/pt-pt\/wp-json\/wp\/v2\/media?parent=384"}],"curies":[{"name":"wp","href":"https:\/\/api.w.org\/{rel}","templated":true}]}}