
{"id":331,"date":"2019-11-04T18:00:14","date_gmt":"2019-11-04T17:00:14","guid":{"rendered":"http:\/\/bodega-santamaria.com\/los-vinos\/"},"modified":"2019-11-07T18:51:19","modified_gmt":"2019-11-07T17:51:19","slug":"our-wines","status":"publish","type":"page","link":"https:\/\/bodega-santamaria.com\/en\/our-wines\/","title":{"rendered":"OUR WINES"},"content":{"rendered":"[vc_row css=&#8221;.vc_custom_1572888480654{margin-top: 50px !important;}&#8221;][vc_column][vc_column_text]\n<h1 style=\"font-size: 40px;\">OUR WINES<\/h1>\n[\/vc_column_text][vc_separator][\/vc_column][\/vc_row][vc_row][vc_column width=&#8221;1\/2&#8243;][vc_row_inner][vc_column_inner width=&#8221;1\/2&#8243;][vc_single_image image=&#8221;87&#8243; img_size=&#8221;medium&#8221; alignment=&#8221;center&#8221; css_animation=&#8221;fadeIn&#8221;][\/vc_column_inner][vc_column_inner width=&#8221;1\/2&#8243;][vc_column_text]\n<h1 style=\"text-align: center;\">VALVINOSO<\/h1>\n<ul>\n<li><strong>Origin:<\/strong>\u00a0Spain<\/li>\n<li><strong>Apellation:<\/strong>\u00a0D.O. Cigales<\/li>\n<li><strong>Type:<\/strong>\u00a0Young ros\u00e9<\/li>\n<li><strong>Varietal composition:<\/strong>\u00a080% Tempranillo, 10% Verdejo and 10% Albillo.<\/li>\n<\/ul>\n[\/vc_column_text][vc_btn title=&#8221;More Info&#8221; style=&#8221;outline&#8221; color=&#8221;black&#8221; align=&#8221;center&#8221; i_icon_fontawesome=&#8221;fa fa-info-circle&#8221; button_block=&#8221;true&#8221; add_icon=&#8221;true&#8221; link=&#8221;url:%2Fen%2Four-wines%2Fvalvinoso%2F|title:VALVINOSO||&#8221;][\/vc_column_inner][\/vc_row_inner][vc_separator][\/vc_column][vc_column width=&#8221;1\/2&#8243;][vc_row_inner][vc_column_inner width=&#8221;1\/2&#8243;][vc_single_image image=&#8221;99&#8243; img_size=&#8221;medium&#8221; alignment=&#8221;center&#8221; css_animation=&#8221;fadeIn&#8221;][\/vc_column_inner][vc_column_inner width=&#8221;1\/2&#8243;][vc_column_text]\n<h1 style=\"text-align: center;\">TRASCASAS<\/h1>\n<ul>\n<li><strong>Origin:<\/strong>\u00a0Spain<\/li>\n<li><strong>Apellation:<\/strong>\u00a0D.O. Cigales<\/li>\n<li><strong>Type:\u00a0<\/strong>Red wine. Reserva. 18 months oak<\/li>\n<li><strong>Varietal composition:<\/strong>\u00a0100% Tempranillo.<\/li>\n<\/ul>\n[\/vc_column_text][vc_btn title=&#8221;More Info&#8221; style=&#8221;outline&#8221; color=&#8221;black&#8221; align=&#8221;center&#8221; i_icon_fontawesome=&#8221;fa fa-info-circle&#8221; button_block=&#8221;true&#8221; add_icon=&#8221;true&#8221; link=&#8221;url:%2Fen%2Four-wines%2Ftrascasas%2F|title:VALVINOSO||&#8221;][\/vc_column_inner][\/vc_row_inner][vc_separator][\/vc_column][\/vc_row][vc_row][vc_column width=&#8221;1\/2&#8243;][vc_row_inner][vc_column_inner width=&#8221;1\/2&#8243;][vc_single_image image=&#8221;105&#8243; img_size=&#8221;medium&#8221; alignment=&#8221;center&#8221; css_animation=&#8221;fadeIn&#8221;][\/vc_column_inner][vc_column_inner width=&#8221;1\/2&#8243;][vc_column_text]\n<h1 style=\"text-align: center;\">PAGO EL CORDONERO<\/h1>\n<ul>\n<li><strong>Origin:<\/strong>\u00a0Spain<\/li>\n<li><strong>Apellation:<\/strong>\u00a0D.O. Cigales<\/li>\n<li><strong>Type:<\/strong>\u00a0Young ros\u00e9<\/li>\n<li><strong>Varietal composition:<\/strong>\u00a080% Tempranillo, 10% Verdejo and 10% Albillo.<\/li>\n<\/ul>\n[\/vc_column_text][vc_btn title=&#8221;More Info&#8221; style=&#8221;outline&#8221; color=&#8221;black&#8221; align=&#8221;center&#8221; i_icon_fontawesome=&#8221;fa fa-info-circle&#8221; button_block=&#8221;true&#8221; add_icon=&#8221;true&#8221; link=&#8221;url:%2Fen%2Four-wines%2Fpago-el-cordonero%2F|title:VALVINOSO||&#8221;][\/vc_column_inner][\/vc_row_inner][vc_separator][\/vc_column][vc_column width=&#8221;1\/2&#8243;][vc_row_inner][vc_column_inner width=&#8221;1\/2&#8243;][vc_single_image image=&#8221;108&#8243; img_size=&#8221;medium&#8221; alignment=&#8221;center&#8221; css_animation=&#8221;fadeIn&#8221;][\/vc_column_inner][vc_column_inner width=&#8221;1\/2&#8243;][vc_column_text]\n<h1 style=\"text-align: center;\">ALFREDO SANTAMAR\u00cdA<\/h1>\n<ul>\n<li><strong>Origin:<\/strong>\u00a0Spain<\/li>\n<li><strong>Apellation:<\/strong>\u00a0D.O. Cigales<\/li>\n<li><strong>Type:<\/strong>\u00a0Red wine. Crianza. 12 months oak<\/li>\n<li><strong>Varietal composition:<\/strong>\u00a0100% Tempranillo.<\/li>\n<\/ul>\n[\/vc_column_text][vc_btn title=&#8221;M\u00e1s info&#8221; style=&#8221;outline&#8221; color=&#8221;black&#8221; align=&#8221;center&#8221; i_icon_fontawesome=&#8221;fa fa-info-circle&#8221; button_block=&#8221;true&#8221; add_icon=&#8221;true&#8221; link=&#8221;url:%2Fen%2Four-wines%2Falfredo-santamaria%2F|title:VALVINOSO||&#8221;][\/vc_column_inner][\/vc_row_inner][vc_separator][\/vc_column][\/vc_row]\n","protected":false},"excerpt":{"rendered":"[vc_row css=&#8221;.vc_custom_1572888480654{margin-top: 50px !important;}&#8221;][vc_column][vc_column_text] OUR WINES [\/vc_column_text][vc_separator][\/vc_column][\/vc_row][vc_row][vc_column width=&#8221;1\/2&#8243;][vc_row_inner][vc_column_inner width=&#8221;1\/2&#8243;][vc_single_image image=&#8221;87&#8243; img_size=&#8221;medium&#8221; alignment=&#8221;center&#8221; css_animation=&#8221;fadeIn&#8221;][\/vc_column_inner][vc_column_inner width=&#8221;1\/2&#8243;][vc_column_text] VALVINOSO Origin:\u00a0Spain Apellation:\u00a0D.O. Cigales Type:\u00a0Young ros\u00e9 Varietal composition:\u00a080% Tempranillo, 10% Verdejo and 10% Albillo. [\/vc_column_text][vc_btn title=&#8221;More Info&#8221; style=&#8221;outline&#8221; color=&#8221;black&#8221; align=&#8221;center&#8221; i_icon_fontawesome=&#8221;fa fa-info-circle&#8221; button_block=&#8221;true&#8221; add_icon=&#8221;true&#8221; link=&#8221;url:%2Fen%2Four-wines%2Fvalvinoso%2F|title:VALVINOSO||&#8221;][\/vc_column_inner][\/vc_row_inner][vc_separator][\/vc_column][vc_column width=&#8221;1\/2&#8243;][vc_row_inner][vc_column_inner width=&#8221;1\/2&#8243;][vc_single_image image=&#8221;99&#8243; img_size=&#8221;medium&#8221; alignment=&#8221;center&#8221; css_animation=&#8221;fadeIn&#8221;][\/vc_column_inner][vc_column_inner width=&#8221;1\/2&#8243;][vc_column_text] TRASCASAS Origin:\u00a0Spain Apellation:\u00a0D.O. Cigales Type:\u00a0Red wine. Reserva. 18 months [&#8230;]\n","protected":false},"author":1,"featured_media":0,"parent":0,"menu_order":0,"comment_status":"closed","ping_status":"closed","template":"","meta":{"footnotes":""},"class_list":["post-331","page","type-page","status-publish","hentry"],"yoast_head":"<!-- This site is optimized with the Yoast SEO plugin v27.4 - https:\/\/yoast.com\/product\/yoast-seo-wordpress\/ -->\n<title>OUR WINES - Alfredo Santamar\u00eda - Bodegas y Vi\u00f1edos<\/title>\n<meta name=\"robots\" content=\"index, follow, max-snippet:-1, max-image-preview:large, max-video-preview:-1\" \/>\n<link rel=\"canonical\" href=\"https:\/\/bodega-santamaria.com\/en\/our-wines\/\" \/>\n<meta property=\"og:locale\" content=\"en_US\" \/>\n<meta property=\"og:type\" content=\"article\" \/>\n<meta property=\"og:title\" content=\"OUR WINES - Alfredo Santamar\u00eda - Bodegas y Vi\u00f1edos\" \/>\n<meta property=\"og:description\" content=\"[vc_row css=&#8221;.vc_custom_1572888480654{margin-top: 50px !important;}&#8221;][vc_column][vc_column_text] OUR WINES [\/vc_column_text][vc_separator][\/vc_column][\/vc_row][vc_row][vc_column width=&#8221;1\/2&#8243;][vc_row_inner][vc_column_inner width=&#8221;1\/2&#8243;][vc_single_image image=&#8221;87&#8243; img_size=&#8221;medium&#8221; alignment=&#8221;center&#8221; css_animation=&#8221;fadeIn&#8221;][\/vc_column_inner][vc_column_inner width=&#8221;1\/2&#8243;][vc_column_text] VALVINOSO Origin:\u00a0Spain Apellation:\u00a0D.O. Cigales Type:\u00a0Young ros\u00e9 Varietal composition:\u00a080% Tempranillo, 10% Verdejo and 10% Albillo. [\/vc_column_text][vc_btn title=&#8221;More Info&#8221; style=&#8221;outline&#8221; color=&#8221;black&#8221; align=&#8221;center&#8221; i_icon_fontawesome=&#8221;fa fa-info-circle&#8221; button_block=&#8221;true&#8221; add_icon=&#8221;true&#8221; link=&#8221;url:%2Fen%2Four-wines%2Fvalvinoso%2F|title:VALVINOSO||&#8221;][\/vc_column_inner][\/vc_row_inner][vc_separator][\/vc_column][vc_column width=&#8221;1\/2&#8243;][vc_row_inner][vc_column_inner width=&#8221;1\/2&#8243;][vc_single_image image=&#8221;99&#8243; img_size=&#8221;medium&#8221; alignment=&#8221;center&#8221; css_animation=&#8221;fadeIn&#8221;][\/vc_column_inner][vc_column_inner width=&#8221;1\/2&#8243;][vc_column_text] TRASCASAS Origin:\u00a0Spain Apellation:\u00a0D.O. Cigales Type:\u00a0Red wine. Reserva. 18 months [...]\" \/>\n<meta property=\"og:url\" content=\"https:\/\/bodega-santamaria.com\/en\/our-wines\/\" \/>\n<meta property=\"og:site_name\" content=\"Alfredo Santamar\u00eda - Bodegas y Vi\u00f1edos\" \/>\n<meta property=\"article:modified_time\" content=\"2019-11-07T17:51:19+00:00\" \/>\n<meta name=\"twitter:card\" content=\"summary_large_image\" \/>\n<meta name=\"twitter:label1\" content=\"Est. reading time\" \/>\n\t<meta name=\"twitter:data1\" content=\"2 minutes\" \/>\n<script type=\"application\/ld+json\" class=\"yoast-schema-graph\">{\"@context\":\"https:\\\/\\\/schema.org\",\"@graph\":[{\"@type\":\"WebPage\",\"@id\":\"https:\\\/\\\/bodega-santamaria.com\\\/en\\\/our-wines\\\/\",\"url\":\"https:\\\/\\\/bodega-santamaria.com\\\/en\\\/our-wines\\\/\",\"name\":\"OUR WINES - Alfredo Santamar\u00eda - Bodegas y Vi\u00f1edos\",\"isPartOf\":{\"@id\":\"https:\\\/\\\/bodega-santamaria.com\\\/#website\"},\"datePublished\":\"2019-11-04T17:00:14+00:00\",\"dateModified\":\"2019-11-07T17:51:19+00:00\",\"breadcrumb\":{\"@id\":\"https:\\\/\\\/bodega-santamaria.com\\\/en\\\/our-wines\\\/#breadcrumb\"},\"inLanguage\":\"en-US\",\"potentialAction\":[{\"@type\":\"ReadAction\",\"target\":[\"https:\\\/\\\/bodega-santamaria.com\\\/en\\\/our-wines\\\/\"]}]},{\"@type\":\"BreadcrumbList\",\"@id\":\"https:\\\/\\\/bodega-santamaria.com\\\/en\\\/our-wines\\\/#breadcrumb\",\"itemListElement\":[{\"@type\":\"ListItem\",\"position\":1,\"name\":\"Portada\",\"item\":\"https:\\\/\\\/bodega-santamaria.com\\\/en\\\/\"},{\"@type\":\"ListItem\",\"position\":2,\"name\":\"OUR WINES\"}]},{\"@type\":\"WebSite\",\"@id\":\"https:\\\/\\\/bodega-santamaria.com\\\/#website\",\"url\":\"https:\\\/\\\/bodega-santamaria.com\\\/\",\"name\":\"Alfredo Santamar\u00eda - Bodegas y Vi\u00f1edos\",\"description\":\"Denominaci\u00f3n de Origen Cigales\",\"potentialAction\":[{\"@type\":\"SearchAction\",\"target\":{\"@type\":\"EntryPoint\",\"urlTemplate\":\"https:\\\/\\\/bodega-santamaria.com\\\/?s={search_term_string}\"},\"query-input\":{\"@type\":\"PropertyValueSpecification\",\"valueRequired\":true,\"valueName\":\"search_term_string\"}}],\"inLanguage\":\"en-US\"}]}<\/script>\n<!-- \/ Yoast SEO plugin. -->","yoast_head_json":{"title":"OUR WINES - Alfredo Santamar\u00eda - Bodegas y Vi\u00f1edos","robots":{"index":"index","follow":"follow","max-snippet":"max-snippet:-1","max-image-preview":"max-image-preview:large","max-video-preview":"max-video-preview:-1"},"canonical":"https:\/\/bodega-santamaria.com\/en\/our-wines\/","og_locale":"en_US","og_type":"article","og_title":"OUR WINES - Alfredo Santamar\u00eda - Bodegas y Vi\u00f1edos","og_description":"[vc_row css=&#8221;.vc_custom_1572888480654{margin-top: 50px !important;}&#8221;][vc_column][vc_column_text] OUR WINES [\/vc_column_text][vc_separator][\/vc_column][\/vc_row][vc_row][vc_column width=&#8221;1\/2&#8243;][vc_row_inner][vc_column_inner width=&#8221;1\/2&#8243;][vc_single_image image=&#8221;87&#8243; img_size=&#8221;medium&#8221; alignment=&#8221;center&#8221; css_animation=&#8221;fadeIn&#8221;][\/vc_column_inner][vc_column_inner width=&#8221;1\/2&#8243;][vc_column_text] VALVINOSO Origin:\u00a0Spain Apellation:\u00a0D.O. Cigales Type:\u00a0Young ros\u00e9 Varietal composition:\u00a080% Tempranillo, 10% Verdejo and 10% Albillo. [\/vc_column_text][vc_btn title=&#8221;More Info&#8221; style=&#8221;outline&#8221; color=&#8221;black&#8221; align=&#8221;center&#8221; i_icon_fontawesome=&#8221;fa fa-info-circle&#8221; button_block=&#8221;true&#8221; add_icon=&#8221;true&#8221; link=&#8221;url:%2Fen%2Four-wines%2Fvalvinoso%2F|title:VALVINOSO||&#8221;][\/vc_column_inner][\/vc_row_inner][vc_separator][\/vc_column][vc_column width=&#8221;1\/2&#8243;][vc_row_inner][vc_column_inner width=&#8221;1\/2&#8243;][vc_single_image image=&#8221;99&#8243; img_size=&#8221;medium&#8221; alignment=&#8221;center&#8221; css_animation=&#8221;fadeIn&#8221;][\/vc_column_inner][vc_column_inner width=&#8221;1\/2&#8243;][vc_column_text] TRASCASAS Origin:\u00a0Spain Apellation:\u00a0D.O. Cigales Type:\u00a0Red wine. Reserva. 18 months [...]","og_url":"https:\/\/bodega-santamaria.com\/en\/our-wines\/","og_site_name":"Alfredo Santamar\u00eda - Bodegas y Vi\u00f1edos","article_modified_time":"2019-11-07T17:51:19+00:00","twitter_card":"summary_large_image","twitter_misc":{"Est. reading time":"2 minutes"},"schema":{"@context":"https:\/\/schema.org","@graph":[{"@type":"WebPage","@id":"https:\/\/bodega-santamaria.com\/en\/our-wines\/","url":"https:\/\/bodega-santamaria.com\/en\/our-wines\/","name":"OUR WINES - Alfredo Santamar\u00eda - Bodegas y Vi\u00f1edos","isPartOf":{"@id":"https:\/\/bodega-santamaria.com\/#website"},"datePublished":"2019-11-04T17:00:14+00:00","dateModified":"2019-11-07T17:51:19+00:00","breadcrumb":{"@id":"https:\/\/bodega-santamaria.com\/en\/our-wines\/#breadcrumb"},"inLanguage":"en-US","potentialAction":[{"@type":"ReadAction","target":["https:\/\/bodega-santamaria.com\/en\/our-wines\/"]}]},{"@type":"BreadcrumbList","@id":"https:\/\/bodega-santamaria.com\/en\/our-wines\/#breadcrumb","itemListElement":[{"@type":"ListItem","position":1,"name":"Portada","item":"https:\/\/bodega-santamaria.com\/en\/"},{"@type":"ListItem","position":2,"name":"OUR WINES"}]},{"@type":"WebSite","@id":"https:\/\/bodega-santamaria.com\/#website","url":"https:\/\/bodega-santamaria.com\/","name":"Alfredo Santamar\u00eda - Bodegas y Vi\u00f1edos","description":"Denominaci\u00f3n de Origen Cigales","potentialAction":[{"@type":"SearchAction","target":{"@type":"EntryPoint","urlTemplate":"https:\/\/bodega-santamaria.com\/?s={search_term_string}"},"query-input":{"@type":"PropertyValueSpecification","valueRequired":true,"valueName":"search_term_string"}}],"inLanguage":"en-US"}]}},"_links":{"self":[{"href":"https:\/\/bodega-santamaria.com\/en\/wp-json\/wp\/v2\/pages\/331","targetHints":{"allow":["GET"]}}],"collection":[{"href":"https:\/\/bodega-santamaria.com\/en\/wp-json\/wp\/v2\/pages"}],"about":[{"href":"https:\/\/bodega-santamaria.com\/en\/wp-json\/wp\/v2\/types\/page"}],"author":[{"embeddable":true,"href":"https:\/\/bodega-santamaria.com\/en\/wp-json\/wp\/v2\/users\/1"}],"replies":[{"embeddable":true,"href":"https:\/\/bodega-santamaria.com\/en\/wp-json\/wp\/v2\/comments?post=331"}],"version-history":[{"count":6,"href":"https:\/\/bodega-santamaria.com\/en\/wp-json\/wp\/v2\/pages\/331\/revisions"}],"predecessor-version":[{"id":524,"href":"https:\/\/bodega-santamaria.com\/en\/wp-json\/wp\/v2\/pages\/331\/revisions\/524"}],"wp:attachment":[{"href":"https:\/\/bodega-santamaria.com\/en\/wp-json\/wp\/v2\/media?parent=331"}],"curies":[{"name":"wp","href":"https:\/\/api.w.org\/{rel}","templated":true}]}}