
{"id":325,"date":"2019-11-04T17:45:38","date_gmt":"2019-11-04T16:45:38","guid":{"rendered":"http:\/\/bodega-santamaria.com\/home\/"},"modified":"2021-03-01T16:53:18","modified_gmt":"2021-03-01T15:53:18","slug":"home","status":"publish","type":"page","link":"https:\/\/bodega-santamaria.com\/en\/","title":{"rendered":"Home"},"content":{"rendered":"<div class=\"slider-wrapper relative\" id=\"slider-755537969\" >\n    <div class=\"slider slider-nav-circle slider-nav-large slider-nav-light slider-style-normal\"\n        data-flickity-options='{\n            \"cellAlign\": \"center\",\n            \"imagesLoaded\": true,\n            \"lazyLoad\": 1,\n            \"freeScroll\": false,\n            \"wrapAround\": true,\n            \"autoPlay\": 6000,\n            \"pauseAutoPlayOnHover\" : true,\n            \"prevNextButtons\": false,\n            \"contain\" : true,\n            \"adaptiveHeight\" : true,\n            \"dragThreshold\" : 10,\n            \"percentPosition\": true,\n            \"pageDots\": false,\n            \"rightToLeft\": false,\n            \"draggable\": false,\n            \"selectedAttraction\": 0.1,\n            \"parallax\" : 0,\n            \"friction\": 0.6        }'\n        >\n        \n\n  <div class=\"banner has-hover has-video is-full-height\" id=\"banner-115037697\">\n          <div class=\"banner-inner fill\">\n        <div class=\"banner-bg fill\" >\n            <div class=\"bg fill bg-fill \"><\/div>\n            \t<div class=\"video-overlay no-click fill visible\"><\/div>\n\t<video class=\"video-bg fill visible\" preload playsinline autoplay\n\t\tmuted\t\tloop>\n\t\t<source src=\"https:\/\/bodega-santamaria.com\/wp-content\/uploads\/2021\/03\/anuncio.mp4\" type=\"video\/mp4\">\t<\/video>\n                        \n                    <\/div>\n\t\t\n        <div class=\"banner-layers container\">\n            <div class=\"fill banner-link\"><\/div>            \n   <div id=\"text-box-893788861\" class=\"text-box banner-layer x50 md-x50 lg-x50 y100 md-y100 lg-y100 res-text\">\n                                <div class=\"text-box-content text dark\">\n              \n              <div class=\"text-inner text-center\">\n                  \n<div class=\"row row-collapse align-middle align-center\"  id=\"row-1747938168\">\n\n\t<div id=\"col-2071303967\" class=\"col medium-9 small-12 large-9\"  >\n\t\t\t\t<div class=\"col-inner\"  >\n\t\t\t\n\t\t\t\n\t<div id=\"text-2868018631\" class=\"text\">\n\t\t\n<p>Watch video with sound<br \/>\n\t\t\n<style>\n#text-2868018631 {\n  font-size: 1rem;\n  line-height: 1;\n}\n<\/style>\n\t<\/div>\n\t\n\t\t<\/div>\n\t\t\t\t\t<\/div>\n\n\t\n\n\t<div id=\"col-1114601192\" class=\"col medium-3 small-12 large-3\"  >\n\t\t\t\t<div class=\"col-inner\"  >\n\t\t\t\n\t\t\t\n<div class=\"video-button-wrapper\" style=\"font-size:49%\"><a href=\"https:\/\/bodega-santamaria.com\/wp-content\/uploads\/2021\/03\/anuncio.mp4\" class=\"button open-video icon circle is-outline is-xlarge\"><i class=\"icon-play\" style=\"font-size:1.5em;\"><\/i><\/a><\/div>\n\t\t<\/div>\n\t\t\t\t\t<\/div>\n\n\t\n<\/div>\n              <\/div>\n           <\/div>\n                            \n<style>\n#text-box-893788861 .text-box-content {\n  background-color: rgba(14, 14, 14, 0.64);\n  font-size: 100%;\n}\n#text-box-893788861 .text-inner {\n  padding: 0px 10px 0px 10px;\n}\n#text-box-893788861 {\n  width: 26%;\n}\n<\/style>\n    <\/div>\n \n        <\/div>\n      <\/div>\n\n            \n<style>\n#banner-115037697 {\n  padding-top: 100%;\n}\n#banner-115037697 .ux-shape-divider--top svg {\n  height: 150px;\n  --divider-top-width: 100%;\n}\n#banner-115037697 .ux-shape-divider--bottom svg {\n  height: 150px;\n  --divider-width: 100%;\n}\n<\/style>\n  <\/div>\n\n\n     <\/div>\n\n     <div class=\"loading-spin dark large centered\"><\/div>\n\n     \t<\/div>\n\n\n<div class=\"row\"  id=\"row-1762515021\">\n\n\t<div id=\"col-1075063096\" class=\"col small-12 large-12\"  >\n\t\t\t\t<div class=\"col-inner\"  >\n\t\t\t\n\t\t\t\n<p align=\"JUSTIFY\"><strong>&#8220;Bodegas Alfredo Santamaria&#8221;<\/strong> is a family winery located in the old town of Cubillas de Santa Marta. With its rustic Castilian style harmonizes and embellishes this small town in the province of Valladolid.<\/p>\n<p align=\"JUSTIFY\">It is composed by the third generation of winemakers. The marketing of our wines professionally speaking begins in 1991 with the goal of producing wines of high quality and short production within the <strong>Apellation D.O. Cigales.<\/strong> That\u00b4s why we have modern facilities and the most advanced technology available necessary to make possible a vinification according to modern times, but maintaining all the best learned from the traditional methods inherited from our past generations.<\/p>\n<blockquote>\n<p align=\"JUSTIFY\"><strong><em>Knowing that great wines are grounded from viticulture, we own our own vineyards, which worked throughout the whole year to obtain the best results.<\/em><\/strong><\/p>\n<\/blockquote>\n<p align=\"JUSTIFY\">The rest is composed by a setting that evokes peace and calm, providing the necessary peace to our wines for its perfect ellaboration and aging.<\/p>\n<p align=\"JUSTIFY\">Our project has been consolidatedforming a Wine-tourism Complex, addinga rural hotel where everyone who wants can enjoy of our environment, paired with food, spare time and culture, without diminishing the peace and rest.<\/p>\n\t\t<\/div>\n\t\t\t\t\t<\/div>\n\n\t\n<\/div>\n","protected":false},"excerpt":{"rendered":"Watch video with sound &#8220;Bodegas Alfredo Santamaria&#8221; is a family winery located in the old town of Cubillas de Santa Marta. With its rustic Castilian style harmonizes and embellishes this small town in the province of Valladolid. It is composed by the third generation of winemakers. The marketing of our wines professionally speaking begins in [...]","protected":false},"author":1,"featured_media":0,"parent":0,"menu_order":0,"comment_status":"closed","ping_status":"closed","template":"page-transparent-header-light.php","meta":{"footnotes":""},"class_list":["post-325","page","type-page","status-publish","hentry"],"yoast_head":"<!-- This site is optimized with the Yoast SEO plugin v27.4 - https:\/\/yoast.com\/product\/yoast-seo-wordpress\/ -->\n<title>Alfredo Santamar\u00eda - Bodegas y Vi\u00f1edos - Ruta del Vino cigales<\/title>\n<meta name=\"description\" content=\"Bodegas y Vi\u00f1edos Alfredo Santamar\u00eda es una bodega familiar que se alza en pleno casco antiguo de Cubillas de Santa Marta, en la provincia de Valladolid.\" \/>\n<meta name=\"robots\" content=\"index, follow, max-snippet:-1, max-image-preview:large, max-video-preview:-1\" \/>\n<link rel=\"canonical\" href=\"https:\/\/bodega-santamaria.com\/en\/\" \/>\n<meta property=\"og:locale\" content=\"en_US\" \/>\n<meta property=\"og:type\" content=\"article\" \/>\n<meta property=\"og:title\" content=\"Alfredo Santamar\u00eda - Bodegas y Vi\u00f1edos - Ruta del Vino cigales\" \/>\n<meta property=\"og:description\" content=\"Bodegas y Vi\u00f1edos Alfredo Santamar\u00eda es una bodega familiar que se alza en pleno casco antiguo de Cubillas de Santa Marta, en la provincia de Valladolid.\" \/>\n<meta property=\"og:url\" content=\"https:\/\/bodega-santamaria.com\/en\/\" \/>\n<meta property=\"og:site_name\" content=\"Alfredo Santamar\u00eda - Bodegas y Vi\u00f1edos\" \/>\n<meta property=\"article:modified_time\" content=\"2021-03-01T15:53:18+00:00\" \/>\n<meta name=\"twitter:card\" content=\"summary_large_image\" \/>\n<meta name=\"twitter:label1\" content=\"Est. reading time\" \/>\n\t<meta name=\"twitter:data1\" content=\"2 minutes\" \/>\n<script type=\"application\/ld+json\" class=\"yoast-schema-graph\">{\"@context\":\"https:\\\/\\\/schema.org\",\"@graph\":[{\"@type\":\"WebPage\",\"@id\":\"https:\\\/\\\/bodega-santamaria.com\\\/en\\\/\",\"url\":\"https:\\\/\\\/bodega-santamaria.com\\\/en\\\/\",\"name\":\"Alfredo Santamar\u00eda - Bodegas y Vi\u00f1edos - Ruta del Vino cigales\",\"isPartOf\":{\"@id\":\"https:\\\/\\\/bodega-santamaria.com\\\/#website\"},\"datePublished\":\"2019-11-04T16:45:38+00:00\",\"dateModified\":\"2021-03-01T15:53:18+00:00\",\"description\":\"Bodegas y Vi\u00f1edos Alfredo Santamar\u00eda es una bodega familiar que se alza en pleno casco antiguo de Cubillas de Santa Marta, en la provincia de Valladolid.\",\"breadcrumb\":{\"@id\":\"https:\\\/\\\/bodega-santamaria.com\\\/en\\\/#breadcrumb\"},\"inLanguage\":\"en-US\",\"potentialAction\":[{\"@type\":\"ReadAction\",\"target\":[\"https:\\\/\\\/bodega-santamaria.com\\\/en\\\/\"]}]},{\"@type\":\"BreadcrumbList\",\"@id\":\"https:\\\/\\\/bodega-santamaria.com\\\/en\\\/#breadcrumb\",\"itemListElement\":[{\"@type\":\"ListItem\",\"position\":1,\"name\":\"Portada\",\"item\":\"https:\\\/\\\/bodega-santamaria.com\\\/en\\\/\"},{\"@type\":\"ListItem\",\"position\":2,\"name\":\"Home\"}]},{\"@type\":\"WebSite\",\"@id\":\"https:\\\/\\\/bodega-santamaria.com\\\/#website\",\"url\":\"https:\\\/\\\/bodega-santamaria.com\\\/\",\"name\":\"Alfredo Santamar\u00eda - Bodegas y Vi\u00f1edos\",\"description\":\"Denominaci\u00f3n de Origen Cigales\",\"potentialAction\":[{\"@type\":\"SearchAction\",\"target\":{\"@type\":\"EntryPoint\",\"urlTemplate\":\"https:\\\/\\\/bodega-santamaria.com\\\/?s={search_term_string}\"},\"query-input\":{\"@type\":\"PropertyValueSpecification\",\"valueRequired\":true,\"valueName\":\"search_term_string\"}}],\"inLanguage\":\"en-US\"}]}<\/script>\n<!-- \/ Yoast SEO plugin. -->","yoast_head_json":{"title":"Alfredo Santamar\u00eda - Bodegas y Vi\u00f1edos - Ruta del Vino cigales","description":"Bodegas y Vi\u00f1edos Alfredo Santamar\u00eda es una bodega familiar que se alza en pleno casco antiguo de Cubillas de Santa Marta, en la provincia de Valladolid.","robots":{"index":"index","follow":"follow","max-snippet":"max-snippet:-1","max-image-preview":"max-image-preview:large","max-video-preview":"max-video-preview:-1"},"canonical":"https:\/\/bodega-santamaria.com\/en\/","og_locale":"en_US","og_type":"article","og_title":"Alfredo Santamar\u00eda - Bodegas y Vi\u00f1edos - Ruta del Vino cigales","og_description":"Bodegas y Vi\u00f1edos Alfredo Santamar\u00eda es una bodega familiar que se alza en pleno casco antiguo de Cubillas de Santa Marta, en la provincia de Valladolid.","og_url":"https:\/\/bodega-santamaria.com\/en\/","og_site_name":"Alfredo Santamar\u00eda - Bodegas y Vi\u00f1edos","article_modified_time":"2021-03-01T15:53:18+00:00","twitter_card":"summary_large_image","twitter_misc":{"Est. reading time":"2 minutes"},"schema":{"@context":"https:\/\/schema.org","@graph":[{"@type":"WebPage","@id":"https:\/\/bodega-santamaria.com\/en\/","url":"https:\/\/bodega-santamaria.com\/en\/","name":"Alfredo Santamar\u00eda - Bodegas y Vi\u00f1edos - Ruta del Vino cigales","isPartOf":{"@id":"https:\/\/bodega-santamaria.com\/#website"},"datePublished":"2019-11-04T16:45:38+00:00","dateModified":"2021-03-01T15:53:18+00:00","description":"Bodegas y Vi\u00f1edos Alfredo Santamar\u00eda es una bodega familiar que se alza en pleno casco antiguo de Cubillas de Santa Marta, en la provincia de Valladolid.","breadcrumb":{"@id":"https:\/\/bodega-santamaria.com\/en\/#breadcrumb"},"inLanguage":"en-US","potentialAction":[{"@type":"ReadAction","target":["https:\/\/bodega-santamaria.com\/en\/"]}]},{"@type":"BreadcrumbList","@id":"https:\/\/bodega-santamaria.com\/en\/#breadcrumb","itemListElement":[{"@type":"ListItem","position":1,"name":"Portada","item":"https:\/\/bodega-santamaria.com\/en\/"},{"@type":"ListItem","position":2,"name":"Home"}]},{"@type":"WebSite","@id":"https:\/\/bodega-santamaria.com\/#website","url":"https:\/\/bodega-santamaria.com\/","name":"Alfredo Santamar\u00eda - Bodegas y Vi\u00f1edos","description":"Denominaci\u00f3n de Origen Cigales","potentialAction":[{"@type":"SearchAction","target":{"@type":"EntryPoint","urlTemplate":"https:\/\/bodega-santamaria.com\/?s={search_term_string}"},"query-input":{"@type":"PropertyValueSpecification","valueRequired":true,"valueName":"search_term_string"}}],"inLanguage":"en-US"}]}},"_links":{"self":[{"href":"https:\/\/bodega-santamaria.com\/en\/wp-json\/wp\/v2\/pages\/325","targetHints":{"allow":["GET"]}}],"collection":[{"href":"https:\/\/bodega-santamaria.com\/en\/wp-json\/wp\/v2\/pages"}],"about":[{"href":"https:\/\/bodega-santamaria.com\/en\/wp-json\/wp\/v2\/types\/page"}],"author":[{"embeddable":true,"href":"https:\/\/bodega-santamaria.com\/en\/wp-json\/wp\/v2\/users\/1"}],"replies":[{"embeddable":true,"href":"https:\/\/bodega-santamaria.com\/en\/wp-json\/wp\/v2\/comments?post=325"}],"version-history":[{"count":6,"href":"https:\/\/bodega-santamaria.com\/en\/wp-json\/wp\/v2\/pages\/325\/revisions"}],"predecessor-version":[{"id":4352,"href":"https:\/\/bodega-santamaria.com\/en\/wp-json\/wp\/v2\/pages\/325\/revisions\/4352"}],"wp:attachment":[{"href":"https:\/\/bodega-santamaria.com\/en\/wp-json\/wp\/v2\/media?parent=325"}],"curies":[{"name":"wp","href":"https:\/\/api.w.org\/{rel}","templated":true}]}}