
{"id":308,"date":"2019-11-04T17:49:57","date_gmt":"2019-11-04T16:49:57","guid":{"rendered":"http:\/\/bodega-santamaria.com\/el-vinedo\/"},"modified":"2019-11-05T19:41:55","modified_gmt":"2019-11-05T18:41:55","slug":"vineyards","status":"publish","type":"page","link":"https:\/\/bodega-santamaria.com\/en\/vineyards\/","title":{"rendered":"Vineyards"},"content":{"rendered":"[vc_row][vc_column][vc_separator color=&#8221;white&#8221; css=&#8221;.vc_custom_1572884611928{padding-top: 10px !important;padding-bottom: 10px !important;}&#8221;][vc_column_text]\n<h1 style=\"font-size: 40px;\">VINEYARDS<\/h1>\n<div class=\"tm-article-content\">\n<blockquote>\n<p align=\"JUSTIFY\">We consider them as the most valuable part of our business, taking care of our vineyards takes the most time during the year and it only has a secret: <strong>the special care we put on it.<\/strong>.<\/p>\n<\/blockquote>\n<\/div>\n[\/vc_column_text][vc_single_image image=&#8221;50&#8243; img_size=&#8221;full&#8221; alignment=&#8221;center&#8221; css_animation=&#8221;fadeIn&#8221;][vc_column_text]\n<p align=\"JUSTIFY\">Our vines can be classified according to grape varieties:<\/p>\n<h3 align=\"JUSTIFY\"><strong>RED GRAPES<br \/>\n<\/strong><\/h3>\n<ul>\n<li><strong>Tempranillo or Tinta del Pa\u00eds:<\/strong>\u00a0Considered a main variety in Cigales DO, it occupies 85% of our production. Its main characteristics are excellent quality, very aromatic, colour (being responsible for the purple tones of the wines) and rich extract.<\/li>\n<li><strong>Merlot:<\/strong>\u00a0coming from the Bordeaux region, it is excellent for aging wines. It represents 3% of our vintage (experimental variety)<\/li>\n<\/ul>\n<h3 align=\"JUSTIFY\"><strong>WHITE GRAPES<br \/>\n<\/strong><\/h3>\n<ul>\n<li><strong>Verdejo:<\/strong>\u00a0It occupies 5% of our production. It is used with a mixture of other varieties to obtain ros\u00e9, adding its aromatic potential and brigthness.<\/li>\n<li><strong>Albillo:<\/strong>\u00a0Used in the elaboration of ros\u00e9, as its must is very sweet and aromatic, adding a great fineness to the wines. It represents 5% of our production.<\/li>\n<\/ul>\n[\/vc_column_text][\/vc_column][\/vc_row]\n","protected":false},"excerpt":{"rendered":"[vc_row][vc_column][vc_separator color=&#8221;white&#8221; css=&#8221;.vc_custom_1572884611928{padding-top: 10px !important;padding-bottom: 10px !important;}&#8221;][vc_column_text] VINEYARDS We consider them as the most valuable part of our business, taking care of our vineyards takes the most time during the year and it only has a secret: the special care we put on it.. [\/vc_column_text][vc_single_image image=&#8221;50&#8243; img_size=&#8221;full&#8221; alignment=&#8221;center&#8221; css_animation=&#8221;fadeIn&#8221;][vc_column_text] Our vines can be classified according [&#8230;]\n","protected":false},"author":1,"featured_media":0,"parent":0,"menu_order":0,"comment_status":"closed","ping_status":"closed","template":"","meta":{"footnotes":""},"class_list":["post-308","page","type-page","status-publish","hentry"],"yoast_head":"<!-- This site is optimized with the Yoast SEO plugin v27.4 - https:\/\/yoast.com\/product\/yoast-seo-wordpress\/ -->\n<title>Vineyards - Alfredo Santamar\u00eda - Bodegas y Vi\u00f1edos<\/title>\n<meta name=\"robots\" content=\"index, follow, max-snippet:-1, max-image-preview:large, max-video-preview:-1\" \/>\n<link rel=\"canonical\" href=\"https:\/\/bodega-santamaria.com\/en\/vineyards\/\" \/>\n<meta property=\"og:locale\" content=\"en_US\" \/>\n<meta property=\"og:type\" content=\"article\" \/>\n<meta property=\"og:title\" content=\"Vineyards - Alfredo Santamar\u00eda - Bodegas y Vi\u00f1edos\" \/>\n<meta property=\"og:description\" content=\"[vc_row][vc_column][vc_separator color=&#8221;white&#8221; css=&#8221;.vc_custom_1572884611928{padding-top: 10px !important;padding-bottom: 10px !important;}&#8221;][vc_column_text] VINEYARDS We consider them as the most valuable part of our business, taking care of our vineyards takes the most time during the year and it only has a secret: the special care we put on it.. [\/vc_column_text][vc_single_image image=&#8221;50&#8243; img_size=&#8221;full&#8221; alignment=&#8221;center&#8221; css_animation=&#8221;fadeIn&#8221;][vc_column_text] Our vines can be classified according [...]\" \/>\n<meta property=\"og:url\" content=\"https:\/\/bodega-santamaria.com\/en\/vineyards\/\" \/>\n<meta property=\"og:site_name\" content=\"Alfredo Santamar\u00eda - Bodegas y Vi\u00f1edos\" \/>\n<meta property=\"article:modified_time\" content=\"2019-11-05T18:41:55+00:00\" \/>\n<meta name=\"twitter:card\" content=\"summary_large_image\" \/>\n<meta name=\"twitter:label1\" content=\"Est. reading time\" \/>\n\t<meta name=\"twitter:data1\" content=\"1 minute\" \/>\n<script type=\"application\/ld+json\" class=\"yoast-schema-graph\">{\"@context\":\"https:\\\/\\\/schema.org\",\"@graph\":[{\"@type\":\"WebPage\",\"@id\":\"https:\\\/\\\/bodega-santamaria.com\\\/en\\\/vineyards\\\/\",\"url\":\"https:\\\/\\\/bodega-santamaria.com\\\/en\\\/vineyards\\\/\",\"name\":\"Vineyards - Alfredo Santamar\u00eda - Bodegas y Vi\u00f1edos\",\"isPartOf\":{\"@id\":\"https:\\\/\\\/bodega-santamaria.com\\\/#website\"},\"datePublished\":\"2019-11-04T16:49:57+00:00\",\"dateModified\":\"2019-11-05T18:41:55+00:00\",\"breadcrumb\":{\"@id\":\"https:\\\/\\\/bodega-santamaria.com\\\/en\\\/vineyards\\\/#breadcrumb\"},\"inLanguage\":\"en-US\",\"potentialAction\":[{\"@type\":\"ReadAction\",\"target\":[\"https:\\\/\\\/bodega-santamaria.com\\\/en\\\/vineyards\\\/\"]}]},{\"@type\":\"BreadcrumbList\",\"@id\":\"https:\\\/\\\/bodega-santamaria.com\\\/en\\\/vineyards\\\/#breadcrumb\",\"itemListElement\":[{\"@type\":\"ListItem\",\"position\":1,\"name\":\"Portada\",\"item\":\"https:\\\/\\\/bodega-santamaria.com\\\/en\\\/\"},{\"@type\":\"ListItem\",\"position\":2,\"name\":\"Vineyards\"}]},{\"@type\":\"WebSite\",\"@id\":\"https:\\\/\\\/bodega-santamaria.com\\\/#website\",\"url\":\"https:\\\/\\\/bodega-santamaria.com\\\/\",\"name\":\"Alfredo Santamar\u00eda - Bodegas y Vi\u00f1edos\",\"description\":\"Denominaci\u00f3n de Origen Cigales\",\"potentialAction\":[{\"@type\":\"SearchAction\",\"target\":{\"@type\":\"EntryPoint\",\"urlTemplate\":\"https:\\\/\\\/bodega-santamaria.com\\\/?s={search_term_string}\"},\"query-input\":{\"@type\":\"PropertyValueSpecification\",\"valueRequired\":true,\"valueName\":\"search_term_string\"}}],\"inLanguage\":\"en-US\"}]}<\/script>\n<!-- \/ Yoast SEO plugin. -->","yoast_head_json":{"title":"Vineyards - Alfredo Santamar\u00eda - Bodegas y Vi\u00f1edos","robots":{"index":"index","follow":"follow","max-snippet":"max-snippet:-1","max-image-preview":"max-image-preview:large","max-video-preview":"max-video-preview:-1"},"canonical":"https:\/\/bodega-santamaria.com\/en\/vineyards\/","og_locale":"en_US","og_type":"article","og_title":"Vineyards - Alfredo Santamar\u00eda - Bodegas y Vi\u00f1edos","og_description":"[vc_row][vc_column][vc_separator color=&#8221;white&#8221; css=&#8221;.vc_custom_1572884611928{padding-top: 10px !important;padding-bottom: 10px !important;}&#8221;][vc_column_text] VINEYARDS We consider them as the most valuable part of our business, taking care of our vineyards takes the most time during the year and it only has a secret: the special care we put on it.. [\/vc_column_text][vc_single_image image=&#8221;50&#8243; img_size=&#8221;full&#8221; alignment=&#8221;center&#8221; css_animation=&#8221;fadeIn&#8221;][vc_column_text] Our vines can be classified according [...]","og_url":"https:\/\/bodega-santamaria.com\/en\/vineyards\/","og_site_name":"Alfredo Santamar\u00eda - Bodegas y Vi\u00f1edos","article_modified_time":"2019-11-05T18:41:55+00:00","twitter_card":"summary_large_image","twitter_misc":{"Est. reading time":"1 minute"},"schema":{"@context":"https:\/\/schema.org","@graph":[{"@type":"WebPage","@id":"https:\/\/bodega-santamaria.com\/en\/vineyards\/","url":"https:\/\/bodega-santamaria.com\/en\/vineyards\/","name":"Vineyards - Alfredo Santamar\u00eda - Bodegas y Vi\u00f1edos","isPartOf":{"@id":"https:\/\/bodega-santamaria.com\/#website"},"datePublished":"2019-11-04T16:49:57+00:00","dateModified":"2019-11-05T18:41:55+00:00","breadcrumb":{"@id":"https:\/\/bodega-santamaria.com\/en\/vineyards\/#breadcrumb"},"inLanguage":"en-US","potentialAction":[{"@type":"ReadAction","target":["https:\/\/bodega-santamaria.com\/en\/vineyards\/"]}]},{"@type":"BreadcrumbList","@id":"https:\/\/bodega-santamaria.com\/en\/vineyards\/#breadcrumb","itemListElement":[{"@type":"ListItem","position":1,"name":"Portada","item":"https:\/\/bodega-santamaria.com\/en\/"},{"@type":"ListItem","position":2,"name":"Vineyards"}]},{"@type":"WebSite","@id":"https:\/\/bodega-santamaria.com\/#website","url":"https:\/\/bodega-santamaria.com\/","name":"Alfredo Santamar\u00eda - Bodegas y Vi\u00f1edos","description":"Denominaci\u00f3n de Origen Cigales","potentialAction":[{"@type":"SearchAction","target":{"@type":"EntryPoint","urlTemplate":"https:\/\/bodega-santamaria.com\/?s={search_term_string}"},"query-input":{"@type":"PropertyValueSpecification","valueRequired":true,"valueName":"search_term_string"}}],"inLanguage":"en-US"}]}},"_links":{"self":[{"href":"https:\/\/bodega-santamaria.com\/en\/wp-json\/wp\/v2\/pages\/308","targetHints":{"allow":["GET"]}}],"collection":[{"href":"https:\/\/bodega-santamaria.com\/en\/wp-json\/wp\/v2\/pages"}],"about":[{"href":"https:\/\/bodega-santamaria.com\/en\/wp-json\/wp\/v2\/types\/page"}],"author":[{"embeddable":true,"href":"https:\/\/bodega-santamaria.com\/en\/wp-json\/wp\/v2\/users\/1"}],"replies":[{"embeddable":true,"href":"https:\/\/bodega-santamaria.com\/en\/wp-json\/wp\/v2\/comments?post=308"}],"version-history":[{"count":3,"href":"https:\/\/bodega-santamaria.com\/en\/wp-json\/wp\/v2\/pages\/308\/revisions"}],"predecessor-version":[{"id":311,"href":"https:\/\/bodega-santamaria.com\/en\/wp-json\/wp\/v2\/pages\/308\/revisions\/311"}],"wp:attachment":[{"href":"https:\/\/bodega-santamaria.com\/en\/wp-json\/wp\/v2\/media?parent=308"}],"curies":[{"name":"wp","href":"https:\/\/api.w.org\/{rel}","templated":true}]}}